{"id":3583,"date":"2022-01-07T07:25:04","date_gmt":"2022-01-07T06:25:04","guid":{"rendered":"https:\/\/repatransportbanden.nl\/rubber\/bekledingsmateriaal\/"},"modified":"2022-01-17T09:00:50","modified_gmt":"2022-01-17T08:00:50","slug":"bekledingsmateriaal","status":"publish","type":"page","link":"https:\/\/repatransportbanden.nl\/de\/rubber\/bekledingsmateriaal\/","title":{"rendered":"Bekleidungsmaterial"},"content":{"rendered":"\n<p>M\u00f6chten Sie den Verschlei\u00df Ihrer F\u00f6rderbandanlage reduzieren? Oder werden Sie mit hoher L\u00e4rmbel\u00e4stigung konfrontiert, die die verschiedenen Teile und Maschinen Ihrer Anlage produzieren? Verwenden Sie dann spezielles Bekleidungsmaterial.<\/p>\n\n\n\n<p>Alle Arten von Komponenten, darunter Materialaufgabe, Trichter und F\u00fchrungen, k\u00f6nnen mit Bekleidungsmaterial aus Gummi bedeckt werden, das verschiedene g\u00fcnstige Eigenschaften aufweist. Diese Art Bekleidung ist meist verschlei\u00df- und rei\u00dffest und isoliert sehr gut. Au\u00dferdem kann sie hohen Kr\u00e4ften und Belastungen standhalten.<\/p>\n\n\n\n<p>Repa kann alle Sorten Bekleidungsmaterial in verschiedenen Farben und \u2013 je nach Wunsch \u2013 ohne oder mit Klebeschicht liefern.<\/p>\n","protected":false},"excerpt":{"rendered":"<p>M\u00f6chten Sie den Verschlei\u00df Ihrer F\u00f6rderbandanlage reduzieren? Oder werden Sie mit hoher L\u00e4rmbel\u00e4stigung konfrontiert, die die verschiedenen Teile und Maschinen Ihrer Anlage produzieren? Verwenden Sie dann spezielles Bekleidungsmaterial. Alle Arten von Komponenten, darunter Materialaufgabe, Trichter und F\u00fchrungen, k\u00f6nnen mit Bekleidungsmaterial aus Gummi bedeckt werden, das verschiedene g\u00fcnstige Eigenschaften aufweist. Diese Art Bekleidung ist meist verschlei\u00df-&hellip; <a class=\"more-link\" href=\"https:\/\/repatransportbanden.nl\/de\/rubber\/bekledingsmateriaal\/\">Continue reading <span class=\"screen-reader-text\">Bekleidungsmaterial<\/span><\/a><\/p>\n","protected":false},"author":2,"featured_media":2323,"parent":3577,"menu_order":0,"comment_status":"closed","ping_status":"closed","template":"templates\/template-service.php","meta":{"_acf_changed":false,"footnotes":""},"class_list":["post-3583","page","type-page","status-publish","has-post-thumbnail","hentry","entry"],"acf":[],"yoast_head":"<!-- This site is optimized with the Yoast SEO plugin v27.4 - https:\/\/yoast.com\/product\/yoast-seo-wordpress\/ -->\n<title>Bekleidungsmaterial - repatransportbanden.nl<\/title>\n<meta name=\"robots\" content=\"index, follow, max-snippet:-1, max-image-preview:large, max-video-preview:-1\" \/>\n<link rel=\"canonical\" href=\"https:\/\/repatransportbanden.nl\/de\/rubber\/bekledingsmateriaal\/\" \/>\n<meta property=\"og:locale\" content=\"de_DE\" \/>\n<meta property=\"og:type\" content=\"article\" \/>\n<meta property=\"og:title\" content=\"Bekleidungsmaterial - repatransportbanden.nl\" \/>\n<meta property=\"og:description\" content=\"M\u00f6chten Sie den Verschlei\u00df Ihrer F\u00f6rderbandanlage reduzieren? Oder werden Sie mit hoher L\u00e4rmbel\u00e4stigung konfrontiert, die die verschiedenen Teile und Maschinen Ihrer Anlage produzieren? Verwenden Sie dann spezielles Bekleidungsmaterial. Alle Arten von Komponenten, darunter Materialaufgabe, Trichter und F\u00fchrungen, k\u00f6nnen mit Bekleidungsmaterial aus Gummi bedeckt werden, das verschiedene g\u00fcnstige Eigenschaften aufweist. Diese Art Bekleidung ist meist verschlei\u00df-&hellip; Continue reading Bekleidungsmaterial\" \/>\n<meta property=\"og:url\" content=\"https:\/\/repatransportbanden.nl\/de\/rubber\/bekledingsmateriaal\/\" \/>\n<meta property=\"og:site_name\" content=\"repatransportbanden.nl\" \/>\n<meta property=\"article:modified_time\" content=\"2022-01-17T08:00:50+00:00\" \/>\n<meta property=\"og:image\" content=\"https:\/\/repatransportbanden.tempurl.host\/wp-content\/uploads\/2021\/12\/Bekledingsmateriaal.jpg\" \/>\n\t<meta property=\"og:image:width\" content=\"331\" \/>\n\t<meta property=\"og:image:height\" content=\"331\" \/>\n\t<meta property=\"og:image:type\" content=\"image\/jpeg\" \/>\n<meta name=\"twitter:card\" content=\"summary_large_image\" \/>\n<meta name=\"twitter:label1\" content=\"Gesch\u00e4tzte Lesezeit\" \/>\n\t<meta name=\"twitter:data1\" content=\"1\u00a0Minute\" \/>\n<script type=\"application\/ld+json\" class=\"yoast-schema-graph\">{\"@context\":\"https:\\\/\\\/schema.org\",\"@graph\":[{\"@type\":\"WebPage\",\"@id\":\"https:\\\/\\\/repatransportbanden.nl\\\/de\\\/rubber\\\/bekledingsmateriaal\\\/\",\"url\":\"https:\\\/\\\/repatransportbanden.nl\\\/de\\\/rubber\\\/bekledingsmateriaal\\\/\",\"name\":\"Bekleidungsmaterial - repatransportbanden.nl\",\"isPartOf\":{\"@id\":\"https:\\\/\\\/repatransportbanden.tempurl.host\\\/#website\"},\"primaryImageOfPage\":{\"@id\":\"https:\\\/\\\/repatransportbanden.nl\\\/de\\\/rubber\\\/bekledingsmateriaal\\\/#primaryimage\"},\"image\":{\"@id\":\"https:\\\/\\\/repatransportbanden.nl\\\/de\\\/rubber\\\/bekledingsmateriaal\\\/#primaryimage\"},\"thumbnailUrl\":\"https:\\\/\\\/repatransportbanden.nl\\\/wp-content\\\/uploads\\\/2021\\\/12\\\/Bekledingsmateriaal.jpg\",\"datePublished\":\"2022-01-07T06:25:04+00:00\",\"dateModified\":\"2022-01-17T08:00:50+00:00\",\"breadcrumb\":{\"@id\":\"https:\\\/\\\/repatransportbanden.nl\\\/de\\\/rubber\\\/bekledingsmateriaal\\\/#breadcrumb\"},\"inLanguage\":\"de\",\"potentialAction\":[{\"@type\":\"ReadAction\",\"target\":[\"https:\\\/\\\/repatransportbanden.nl\\\/de\\\/rubber\\\/bekledingsmateriaal\\\/\"]}]},{\"@type\":\"ImageObject\",\"inLanguage\":\"de\",\"@id\":\"https:\\\/\\\/repatransportbanden.nl\\\/de\\\/rubber\\\/bekledingsmateriaal\\\/#primaryimage\",\"url\":\"https:\\\/\\\/repatransportbanden.nl\\\/wp-content\\\/uploads\\\/2021\\\/12\\\/Bekledingsmateriaal.jpg\",\"contentUrl\":\"https:\\\/\\\/repatransportbanden.nl\\\/wp-content\\\/uploads\\\/2021\\\/12\\\/Bekledingsmateriaal.jpg\",\"width\":331,\"height\":331},{\"@type\":\"BreadcrumbList\",\"@id\":\"https:\\\/\\\/repatransportbanden.nl\\\/de\\\/rubber\\\/bekledingsmateriaal\\\/#breadcrumb\",\"itemListElement\":[{\"@type\":\"ListItem\",\"position\":1,\"name\":\"Home\",\"item\":\"https:\\\/\\\/repatransportbanden.nl\\\/de\\\/\"},{\"@type\":\"ListItem\",\"position\":2,\"name\":\"Gummif\u00f6rderb\u00e4ndern\",\"item\":\"https:\\\/\\\/repatransportbanden.tempurl.host\\\/de\\\/rubber\\\/\"},{\"@type\":\"ListItem\",\"position\":3,\"name\":\"Bekleidungsmaterial\"}]},{\"@type\":\"WebSite\",\"@id\":\"https:\\\/\\\/repatransportbanden.tempurl.host\\\/#website\",\"url\":\"https:\\\/\\\/repatransportbanden.tempurl.host\\\/\",\"name\":\"repatransportbanden.nl\",\"description\":\"\",\"potentialAction\":[{\"@type\":\"SearchAction\",\"target\":{\"@type\":\"EntryPoint\",\"urlTemplate\":\"https:\\\/\\\/repatransportbanden.tempurl.host\\\/?s={search_term_string}\"},\"query-input\":{\"@type\":\"PropertyValueSpecification\",\"valueRequired\":true,\"valueName\":\"search_term_string\"}}],\"inLanguage\":\"de\"}]}<\/script>\n<!-- \/ Yoast SEO plugin. -->","yoast_head_json":{"title":"Bekleidungsmaterial - repatransportbanden.nl","robots":{"index":"index","follow":"follow","max-snippet":"max-snippet:-1","max-image-preview":"max-image-preview:large","max-video-preview":"max-video-preview:-1"},"canonical":"https:\/\/repatransportbanden.nl\/de\/rubber\/bekledingsmateriaal\/","og_locale":"de_DE","og_type":"article","og_title":"Bekleidungsmaterial - repatransportbanden.nl","og_description":"M\u00f6chten Sie den Verschlei\u00df Ihrer F\u00f6rderbandanlage reduzieren? Oder werden Sie mit hoher L\u00e4rmbel\u00e4stigung konfrontiert, die die verschiedenen Teile und Maschinen Ihrer Anlage produzieren? Verwenden Sie dann spezielles Bekleidungsmaterial. Alle Arten von Komponenten, darunter Materialaufgabe, Trichter und F\u00fchrungen, k\u00f6nnen mit Bekleidungsmaterial aus Gummi bedeckt werden, das verschiedene g\u00fcnstige Eigenschaften aufweist. Diese Art Bekleidung ist meist verschlei\u00df-&hellip; Continue reading Bekleidungsmaterial","og_url":"https:\/\/repatransportbanden.nl\/de\/rubber\/bekledingsmateriaal\/","og_site_name":"repatransportbanden.nl","article_modified_time":"2022-01-17T08:00:50+00:00","og_image":[{"width":331,"height":331,"url":"https:\/\/repatransportbanden.tempurl.host\/wp-content\/uploads\/2021\/12\/Bekledingsmateriaal.jpg","type":"image\/jpeg"}],"twitter_card":"summary_large_image","twitter_misc":{"Gesch\u00e4tzte Lesezeit":"1\u00a0Minute"},"schema":{"@context":"https:\/\/schema.org","@graph":[{"@type":"WebPage","@id":"https:\/\/repatransportbanden.nl\/de\/rubber\/bekledingsmateriaal\/","url":"https:\/\/repatransportbanden.nl\/de\/rubber\/bekledingsmateriaal\/","name":"Bekleidungsmaterial - repatransportbanden.nl","isPartOf":{"@id":"https:\/\/repatransportbanden.tempurl.host\/#website"},"primaryImageOfPage":{"@id":"https:\/\/repatransportbanden.nl\/de\/rubber\/bekledingsmateriaal\/#primaryimage"},"image":{"@id":"https:\/\/repatransportbanden.nl\/de\/rubber\/bekledingsmateriaal\/#primaryimage"},"thumbnailUrl":"https:\/\/repatransportbanden.nl\/wp-content\/uploads\/2021\/12\/Bekledingsmateriaal.jpg","datePublished":"2022-01-07T06:25:04+00:00","dateModified":"2022-01-17T08:00:50+00:00","breadcrumb":{"@id":"https:\/\/repatransportbanden.nl\/de\/rubber\/bekledingsmateriaal\/#breadcrumb"},"inLanguage":"de","potentialAction":[{"@type":"ReadAction","target":["https:\/\/repatransportbanden.nl\/de\/rubber\/bekledingsmateriaal\/"]}]},{"@type":"ImageObject","inLanguage":"de","@id":"https:\/\/repatransportbanden.nl\/de\/rubber\/bekledingsmateriaal\/#primaryimage","url":"https:\/\/repatransportbanden.nl\/wp-content\/uploads\/2021\/12\/Bekledingsmateriaal.jpg","contentUrl":"https:\/\/repatransportbanden.nl\/wp-content\/uploads\/2021\/12\/Bekledingsmateriaal.jpg","width":331,"height":331},{"@type":"BreadcrumbList","@id":"https:\/\/repatransportbanden.nl\/de\/rubber\/bekledingsmateriaal\/#breadcrumb","itemListElement":[{"@type":"ListItem","position":1,"name":"Home","item":"https:\/\/repatransportbanden.nl\/de\/"},{"@type":"ListItem","position":2,"name":"Gummif\u00f6rderb\u00e4ndern","item":"https:\/\/repatransportbanden.tempurl.host\/de\/rubber\/"},{"@type":"ListItem","position":3,"name":"Bekleidungsmaterial"}]},{"@type":"WebSite","@id":"https:\/\/repatransportbanden.tempurl.host\/#website","url":"https:\/\/repatransportbanden.tempurl.host\/","name":"repatransportbanden.nl","description":"","potentialAction":[{"@type":"SearchAction","target":{"@type":"EntryPoint","urlTemplate":"https:\/\/repatransportbanden.tempurl.host\/?s={search_term_string}"},"query-input":{"@type":"PropertyValueSpecification","valueRequired":true,"valueName":"search_term_string"}}],"inLanguage":"de"}]}},"_links":{"self":[{"href":"https:\/\/repatransportbanden.nl\/de\/wp-json\/wp\/v2\/pages\/3583","targetHints":{"allow":["GET"]}}],"collection":[{"href":"https:\/\/repatransportbanden.nl\/de\/wp-json\/wp\/v2\/pages"}],"about":[{"href":"https:\/\/repatransportbanden.nl\/de\/wp-json\/wp\/v2\/types\/page"}],"author":[{"embeddable":true,"href":"https:\/\/repatransportbanden.nl\/de\/wp-json\/wp\/v2\/users\/2"}],"replies":[{"embeddable":true,"href":"https:\/\/repatransportbanden.nl\/de\/wp-json\/wp\/v2\/comments?post=3583"}],"version-history":[{"count":4,"href":"https:\/\/repatransportbanden.nl\/de\/wp-json\/wp\/v2\/pages\/3583\/revisions"}],"predecessor-version":[{"id":4292,"href":"https:\/\/repatransportbanden.nl\/de\/wp-json\/wp\/v2\/pages\/3583\/revisions\/4292"}],"up":[{"embeddable":true,"href":"https:\/\/repatransportbanden.nl\/de\/wp-json\/wp\/v2\/pages\/3577"}],"wp:featuredmedia":[{"embeddable":true,"href":"https:\/\/repatransportbanden.nl\/de\/wp-json\/wp\/v2\/media\/2323"}],"wp:attachment":[{"href":"https:\/\/repatransportbanden.nl\/de\/wp-json\/wp\/v2\/media?parent=3583"}],"curies":[{"name":"wp","href":"https:\/\/api.w.org\/{rel}","templated":true}]}}