{"id":3568,"date":"2022-01-07T07:08:31","date_gmt":"2022-01-07T06:08:31","guid":{"rendered":"https:\/\/repatransportbanden.nl\/kunststof\/vol-pu-band\/"},"modified":"2022-01-18T15:22:06","modified_gmt":"2022-01-18T14:22:06","slug":"vol-pu-band","status":"publish","type":"page","link":"https:\/\/repatransportbanden.nl\/de\/kunststof\/vol-pu-band\/","title":{"rendered":"Voll-PU-F\u00f6rderband"},"content":{"rendered":"\n<p>Durch die immer strenger werdenden Anforderungen in der Lebensmittelindustrie ist im Laufe der Jahre eine andere Art F\u00f6rderband auf dem Markt erschienen. Dieses Band wird gemeinhin auch ein Voll-PU-F\u00f6rderband genannt. Das bedeutet, dass sich keine Gewebe in den B\u00e4ndern befindet, das nach einer mechanischen Besch\u00e4digung ausfransen k\u00f6nnte. Konventionelle F\u00f6rderb\u00e4nder m\u00fcssen immer gespannt werden, damit ausreichend Reibung auf der Antriebstrommel generiert wird und sich das Band dadurch in Bewegung setzt. Das Voll-PU-Band wird von Zahnr\u00e4dern angetrieben und besitzt Nocken an der Unterseite. Dadurch ben\u00f6tigt dieser F\u00f6rderbandtyp keine oder nur wenig Antriebsspannung. Dieses Band l\u00e4sst sich leicht reinigen und entspricht allen EU\/FDA-Vorschriften.<\/p>\n\n\n\n<p>Das Voll-PU-Band wird haupts\u00e4chlich in den folgenden Industriezweigen verwendet: Fleisch und Fisch, Gem\u00fcseverarbeitung, Milchwirtschaft u. \u00c4.<\/p>\n","protected":false},"excerpt":{"rendered":"<p>Durch die immer strenger werdenden Anforderungen in der Lebensmittelindustrie ist im Laufe der Jahre eine andere Art F\u00f6rderband auf dem Markt erschienen. Dieses Band wird gemeinhin auch ein Voll-PU-F\u00f6rderband genannt. Das bedeutet, dass sich keine Gewebe in den B\u00e4ndern befindet, das nach einer mechanischen Besch\u00e4digung ausfransen k\u00f6nnte. Konventionelle F\u00f6rderb\u00e4nder m\u00fcssen immer gespannt werden, damit ausreichend&hellip; <a class=\"more-link\" href=\"https:\/\/repatransportbanden.nl\/de\/kunststof\/vol-pu-band\/\">Continue reading <span class=\"screen-reader-text\">Voll-PU-F\u00f6rderband<\/span><\/a><\/p>\n","protected":false},"author":2,"featured_media":5103,"parent":3505,"menu_order":0,"comment_status":"closed","ping_status":"closed","template":"templates\/template-service.php","meta":{"_acf_changed":false,"footnotes":""},"class_list":["post-3568","page","type-page","status-publish","has-post-thumbnail","hentry","entry"],"acf":[],"yoast_head":"<!-- This site is optimized with the Yoast SEO plugin v27.3 - https:\/\/yoast.com\/product\/yoast-seo-wordpress\/ -->\n<title>Voll-PU-F\u00f6rderband - repatransportbanden.nl<\/title>\n<meta name=\"robots\" content=\"index, follow, max-snippet:-1, max-image-preview:large, max-video-preview:-1\" \/>\n<link rel=\"canonical\" href=\"https:\/\/repatransportbanden.nl\/de\/kunststof\/vol-pu-band\/\" \/>\n<meta property=\"og:locale\" content=\"de_DE\" \/>\n<meta property=\"og:type\" content=\"article\" \/>\n<meta property=\"og:title\" content=\"Voll-PU-F\u00f6rderband - repatransportbanden.nl\" \/>\n<meta property=\"og:description\" content=\"Durch die immer strenger werdenden Anforderungen in der Lebensmittelindustrie ist im Laufe der Jahre eine andere Art F\u00f6rderband auf dem Markt erschienen. Dieses Band wird gemeinhin auch ein Voll-PU-F\u00f6rderband genannt. Das bedeutet, dass sich keine Gewebe in den B\u00e4ndern befindet, das nach einer mechanischen Besch\u00e4digung ausfransen k\u00f6nnte. Konventionelle F\u00f6rderb\u00e4nder m\u00fcssen immer gespannt werden, damit ausreichend&hellip; Continue reading Voll-PU-F\u00f6rderband\" \/>\n<meta property=\"og:url\" content=\"https:\/\/repatransportbanden.nl\/de\/kunststof\/vol-pu-band\/\" \/>\n<meta property=\"og:site_name\" content=\"repatransportbanden.nl\" \/>\n<meta property=\"article:modified_time\" content=\"2022-01-18T14:22:06+00:00\" \/>\n<meta property=\"og:image\" content=\"https:\/\/repatransportbanden.tempurl.host\/wp-content\/uploads\/2021\/12\/transportbandensmallimg8.jpg\" \/>\n\t<meta property=\"og:image:width\" content=\"331\" \/>\n\t<meta property=\"og:image:height\" content=\"331\" \/>\n\t<meta property=\"og:image:type\" content=\"image\/jpeg\" \/>\n<meta name=\"twitter:card\" content=\"summary_large_image\" \/>\n<meta name=\"twitter:label1\" content=\"Gesch\u00e4tzte Lesezeit\" \/>\n\t<meta name=\"twitter:data1\" content=\"1\u00a0Minute\" \/>\n<script type=\"application\/ld+json\" class=\"yoast-schema-graph\">{\"@context\":\"https:\\\/\\\/schema.org\",\"@graph\":[{\"@type\":\"WebPage\",\"@id\":\"https:\\\/\\\/repatransportbanden.nl\\\/de\\\/kunststof\\\/vol-pu-band\\\/\",\"url\":\"https:\\\/\\\/repatransportbanden.nl\\\/de\\\/kunststof\\\/vol-pu-band\\\/\",\"name\":\"Voll-PU-F\u00f6rderband - repatransportbanden.nl\",\"isPartOf\":{\"@id\":\"https:\\\/\\\/repatransportbanden.tempurl.host\\\/#website\"},\"primaryImageOfPage\":{\"@id\":\"https:\\\/\\\/repatransportbanden.nl\\\/de\\\/kunststof\\\/vol-pu-band\\\/#primaryimage\"},\"image\":{\"@id\":\"https:\\\/\\\/repatransportbanden.nl\\\/de\\\/kunststof\\\/vol-pu-band\\\/#primaryimage\"},\"thumbnailUrl\":\"https:\\\/\\\/repatransportbanden.nl\\\/wp-content\\\/uploads\\\/2022\\\/02\\\/vol-pu.png\",\"datePublished\":\"2022-01-07T06:08:31+00:00\",\"dateModified\":\"2022-01-18T14:22:06+00:00\",\"breadcrumb\":{\"@id\":\"https:\\\/\\\/repatransportbanden.nl\\\/de\\\/kunststof\\\/vol-pu-band\\\/#breadcrumb\"},\"inLanguage\":\"de\",\"potentialAction\":[{\"@type\":\"ReadAction\",\"target\":[\"https:\\\/\\\/repatransportbanden.nl\\\/de\\\/kunststof\\\/vol-pu-band\\\/\"]}]},{\"@type\":\"ImageObject\",\"inLanguage\":\"de\",\"@id\":\"https:\\\/\\\/repatransportbanden.nl\\\/de\\\/kunststof\\\/vol-pu-band\\\/#primaryimage\",\"url\":\"https:\\\/\\\/repatransportbanden.nl\\\/wp-content\\\/uploads\\\/2022\\\/02\\\/vol-pu.png\",\"contentUrl\":\"https:\\\/\\\/repatransportbanden.nl\\\/wp-content\\\/uploads\\\/2022\\\/02\\\/vol-pu.png\",\"width\":331,\"height\":331},{\"@type\":\"BreadcrumbList\",\"@id\":\"https:\\\/\\\/repatransportbanden.nl\\\/de\\\/kunststof\\\/vol-pu-band\\\/#breadcrumb\",\"itemListElement\":[{\"@type\":\"ListItem\",\"position\":1,\"name\":\"Home\",\"item\":\"https:\\\/\\\/repatransportbanden.nl\\\/de\\\/\"},{\"@type\":\"ListItem\",\"position\":2,\"name\":\"Kunststoff-F\u00f6rderb\u00e4nder\",\"item\":\"https:\\\/\\\/repatransportbanden.tempurl.host\\\/de\\\/kunststof\\\/\"},{\"@type\":\"ListItem\",\"position\":3,\"name\":\"Voll-PU-F\u00f6rderband\"}]},{\"@type\":\"WebSite\",\"@id\":\"https:\\\/\\\/repatransportbanden.tempurl.host\\\/#website\",\"url\":\"https:\\\/\\\/repatransportbanden.tempurl.host\\\/\",\"name\":\"repatransportbanden.nl\",\"description\":\"\",\"potentialAction\":[{\"@type\":\"SearchAction\",\"target\":{\"@type\":\"EntryPoint\",\"urlTemplate\":\"https:\\\/\\\/repatransportbanden.tempurl.host\\\/?s={search_term_string}\"},\"query-input\":{\"@type\":\"PropertyValueSpecification\",\"valueRequired\":true,\"valueName\":\"search_term_string\"}}],\"inLanguage\":\"de\"}]}<\/script>\n<!-- \/ Yoast SEO plugin. -->","yoast_head_json":{"title":"Voll-PU-F\u00f6rderband - repatransportbanden.nl","robots":{"index":"index","follow":"follow","max-snippet":"max-snippet:-1","max-image-preview":"max-image-preview:large","max-video-preview":"max-video-preview:-1"},"canonical":"https:\/\/repatransportbanden.nl\/de\/kunststof\/vol-pu-band\/","og_locale":"de_DE","og_type":"article","og_title":"Voll-PU-F\u00f6rderband - repatransportbanden.nl","og_description":"Durch die immer strenger werdenden Anforderungen in der Lebensmittelindustrie ist im Laufe der Jahre eine andere Art F\u00f6rderband auf dem Markt erschienen. Dieses Band wird gemeinhin auch ein Voll-PU-F\u00f6rderband genannt. Das bedeutet, dass sich keine Gewebe in den B\u00e4ndern befindet, das nach einer mechanischen Besch\u00e4digung ausfransen k\u00f6nnte. Konventionelle F\u00f6rderb\u00e4nder m\u00fcssen immer gespannt werden, damit ausreichend&hellip; Continue reading Voll-PU-F\u00f6rderband","og_url":"https:\/\/repatransportbanden.nl\/de\/kunststof\/vol-pu-band\/","og_site_name":"repatransportbanden.nl","article_modified_time":"2022-01-18T14:22:06+00:00","og_image":[{"width":331,"height":331,"url":"https:\/\/repatransportbanden.tempurl.host\/wp-content\/uploads\/2021\/12\/transportbandensmallimg8.jpg","type":"image\/jpeg"}],"twitter_card":"summary_large_image","twitter_misc":{"Gesch\u00e4tzte Lesezeit":"1\u00a0Minute"},"schema":{"@context":"https:\/\/schema.org","@graph":[{"@type":"WebPage","@id":"https:\/\/repatransportbanden.nl\/de\/kunststof\/vol-pu-band\/","url":"https:\/\/repatransportbanden.nl\/de\/kunststof\/vol-pu-band\/","name":"Voll-PU-F\u00f6rderband - repatransportbanden.nl","isPartOf":{"@id":"https:\/\/repatransportbanden.tempurl.host\/#website"},"primaryImageOfPage":{"@id":"https:\/\/repatransportbanden.nl\/de\/kunststof\/vol-pu-band\/#primaryimage"},"image":{"@id":"https:\/\/repatransportbanden.nl\/de\/kunststof\/vol-pu-band\/#primaryimage"},"thumbnailUrl":"https:\/\/repatransportbanden.nl\/wp-content\/uploads\/2022\/02\/vol-pu.png","datePublished":"2022-01-07T06:08:31+00:00","dateModified":"2022-01-18T14:22:06+00:00","breadcrumb":{"@id":"https:\/\/repatransportbanden.nl\/de\/kunststof\/vol-pu-band\/#breadcrumb"},"inLanguage":"de","potentialAction":[{"@type":"ReadAction","target":["https:\/\/repatransportbanden.nl\/de\/kunststof\/vol-pu-band\/"]}]},{"@type":"ImageObject","inLanguage":"de","@id":"https:\/\/repatransportbanden.nl\/de\/kunststof\/vol-pu-band\/#primaryimage","url":"https:\/\/repatransportbanden.nl\/wp-content\/uploads\/2022\/02\/vol-pu.png","contentUrl":"https:\/\/repatransportbanden.nl\/wp-content\/uploads\/2022\/02\/vol-pu.png","width":331,"height":331},{"@type":"BreadcrumbList","@id":"https:\/\/repatransportbanden.nl\/de\/kunststof\/vol-pu-band\/#breadcrumb","itemListElement":[{"@type":"ListItem","position":1,"name":"Home","item":"https:\/\/repatransportbanden.nl\/de\/"},{"@type":"ListItem","position":2,"name":"Kunststoff-F\u00f6rderb\u00e4nder","item":"https:\/\/repatransportbanden.tempurl.host\/de\/kunststof\/"},{"@type":"ListItem","position":3,"name":"Voll-PU-F\u00f6rderband"}]},{"@type":"WebSite","@id":"https:\/\/repatransportbanden.tempurl.host\/#website","url":"https:\/\/repatransportbanden.tempurl.host\/","name":"repatransportbanden.nl","description":"","potentialAction":[{"@type":"SearchAction","target":{"@type":"EntryPoint","urlTemplate":"https:\/\/repatransportbanden.tempurl.host\/?s={search_term_string}"},"query-input":{"@type":"PropertyValueSpecification","valueRequired":true,"valueName":"search_term_string"}}],"inLanguage":"de"}]}},"_links":{"self":[{"href":"https:\/\/repatransportbanden.nl\/de\/wp-json\/wp\/v2\/pages\/3568","targetHints":{"allow":["GET"]}}],"collection":[{"href":"https:\/\/repatransportbanden.nl\/de\/wp-json\/wp\/v2\/pages"}],"about":[{"href":"https:\/\/repatransportbanden.nl\/de\/wp-json\/wp\/v2\/types\/page"}],"author":[{"embeddable":true,"href":"https:\/\/repatransportbanden.nl\/de\/wp-json\/wp\/v2\/users\/2"}],"replies":[{"embeddable":true,"href":"https:\/\/repatransportbanden.nl\/de\/wp-json\/wp\/v2\/comments?post=3568"}],"version-history":[{"count":3,"href":"https:\/\/repatransportbanden.nl\/de\/wp-json\/wp\/v2\/pages\/3568\/revisions"}],"predecessor-version":[{"id":4590,"href":"https:\/\/repatransportbanden.nl\/de\/wp-json\/wp\/v2\/pages\/3568\/revisions\/4590"}],"up":[{"embeddable":true,"href":"https:\/\/repatransportbanden.nl\/de\/wp-json\/wp\/v2\/pages\/3505"}],"wp:featuredmedia":[{"embeddable":true,"href":"https:\/\/repatransportbanden.nl\/de\/wp-json\/wp\/v2\/media\/5103"}],"wp:attachment":[{"href":"https:\/\/repatransportbanden.nl\/de\/wp-json\/wp\/v2\/media?parent=3568"}],"curies":[{"name":"wp","href":"https:\/\/api.w.org\/{rel}","templated":true}]}}