{"id":3562,"date":"2022-01-07T07:07:35","date_gmt":"2022-01-07T06:07:35","guid":{"rendered":"https:\/\/repatransportbanden.nl\/kunststof\/voedselbanden\/"},"modified":"2025-06-17T17:16:22","modified_gmt":"2025-06-17T15:16:22","slug":"voedselbanden","status":"publish","type":"page","link":"https:\/\/repatransportbanden.nl\/de\/kunststof\/voedselbanden\/","title":{"rendered":"Lebensmittelf\u00f6rderb\u00e4nder"},"content":{"rendered":"\n<p>Unsere Lebensmittelb\u00e4nder erf\u00fcllen alle EU\/FDA\/USDA\/REACH-Anforderungen. Die PVC-B\u00e4nder werden meist in Blau oder Wei\u00df ausgef\u00fchrt, sind aber nat\u00fcrlich auch in anderen Farben lieferbar. Unsere Polyurethan-B\u00e4nder werden auf einem Kalander hergestellt. Die gr\u00f6\u00dften Vorteile stellen dabei die homogene Deckschicht und die Haftung zwischen den Geweben dar. Das Band ist sehr gut f\u00fcr Messerkanten\u00fcberg\u00e4nge geeignet, die oft in B\u00e4ckereien verwendet werden. Die B\u00e4nder sind alle \u00f6l- und fettbest\u00e4ndig, haben sehr gute F\u00fchrungseigenschaften und sind verschlei\u00dffest. Es ist auch m\u00f6glich, Modelle mit geschlossenen Seiten zu produzieren, die Ausfransen verhindern.<\/p>\n","protected":false},"excerpt":{"rendered":"<p>Unsere Lebensmittelb\u00e4nder erf\u00fcllen alle EU\/FDA\/USDA\/REACH-Anforderungen. Die PVC-B\u00e4nder werden meist in Blau oder Wei\u00df ausgef\u00fchrt, sind aber nat\u00fcrlich auch in anderen Farben lieferbar. Unsere Polyurethan-B\u00e4nder werden auf einem Kalander hergestellt. Die gr\u00f6\u00dften Vorteile stellen dabei die homogene Deckschicht und die Haftung zwischen den Geweben dar. Das Band ist sehr gut f\u00fcr Messerkanten\u00fcberg\u00e4nge geeignet, die oft in&hellip; <a class=\"more-link\" href=\"https:\/\/repatransportbanden.nl\/de\/kunststof\/voedselbanden\/\">Continue reading <span class=\"screen-reader-text\">Lebensmittelf\u00f6rderb\u00e4nder<\/span><\/a><\/p>\n","protected":false},"author":2,"featured_media":5096,"parent":3505,"menu_order":0,"comment_status":"closed","ping_status":"closed","template":"templates\/template-service.php","meta":{"_acf_changed":false,"footnotes":""},"class_list":["post-3562","page","type-page","status-publish","has-post-thumbnail","hentry","entry"],"acf":[],"yoast_head":"<!-- This site is optimized with the Yoast SEO plugin v27.3 - https:\/\/yoast.com\/product\/yoast-seo-wordpress\/ -->\n<title>Lebensmittelf\u00f6rderb\u00e4nder - repatransportbanden.nl<\/title>\n<meta name=\"robots\" content=\"index, follow, max-snippet:-1, max-image-preview:large, max-video-preview:-1\" \/>\n<link rel=\"canonical\" href=\"https:\/\/repatransportbanden.nl\/de\/kunststof\/voedselbanden\/\" \/>\n<meta property=\"og:locale\" content=\"de_DE\" \/>\n<meta property=\"og:type\" content=\"article\" \/>\n<meta property=\"og:title\" content=\"Lebensmittelf\u00f6rderb\u00e4nder - repatransportbanden.nl\" \/>\n<meta property=\"og:description\" content=\"Unsere Lebensmittelb\u00e4nder erf\u00fcllen alle EU\/FDA\/USDA\/REACH-Anforderungen. Die PVC-B\u00e4nder werden meist in Blau oder Wei\u00df ausgef\u00fchrt, sind aber nat\u00fcrlich auch in anderen Farben lieferbar. Unsere Polyurethan-B\u00e4nder werden auf einem Kalander hergestellt. Die gr\u00f6\u00dften Vorteile stellen dabei die homogene Deckschicht und die Haftung zwischen den Geweben dar. Das Band ist sehr gut f\u00fcr Messerkanten\u00fcberg\u00e4nge geeignet, die oft in&hellip; Continue reading Lebensmittelf\u00f6rderb\u00e4nder\" \/>\n<meta property=\"og:url\" content=\"https:\/\/repatransportbanden.nl\/de\/kunststof\/voedselbanden\/\" \/>\n<meta property=\"og:site_name\" content=\"repatransportbanden.nl\" \/>\n<meta property=\"article:modified_time\" content=\"2025-06-17T15:16:22+00:00\" \/>\n<meta property=\"og:image\" content=\"https:\/\/repatransportbanden.nl\/wp-content\/uploads\/2022\/02\/voedsel.png\" \/>\n\t<meta property=\"og:image:width\" content=\"331\" \/>\n\t<meta property=\"og:image:height\" content=\"331\" \/>\n\t<meta property=\"og:image:type\" content=\"image\/png\" \/>\n<meta name=\"twitter:card\" content=\"summary_large_image\" \/>\n<meta name=\"twitter:label1\" content=\"Gesch\u00e4tzte Lesezeit\" \/>\n\t<meta name=\"twitter:data1\" content=\"1\u00a0Minute\" \/>\n<script type=\"application\/ld+json\" class=\"yoast-schema-graph\">{\"@context\":\"https:\\\/\\\/schema.org\",\"@graph\":[{\"@type\":\"WebPage\",\"@id\":\"https:\\\/\\\/repatransportbanden.nl\\\/de\\\/kunststof\\\/voedselbanden\\\/\",\"url\":\"https:\\\/\\\/repatransportbanden.nl\\\/de\\\/kunststof\\\/voedselbanden\\\/\",\"name\":\"Lebensmittelf\u00f6rderb\u00e4nder - repatransportbanden.nl\",\"isPartOf\":{\"@id\":\"https:\\\/\\\/repatransportbanden.tempurl.host\\\/#website\"},\"primaryImageOfPage\":{\"@id\":\"https:\\\/\\\/repatransportbanden.nl\\\/de\\\/kunststof\\\/voedselbanden\\\/#primaryimage\"},\"image\":{\"@id\":\"https:\\\/\\\/repatransportbanden.nl\\\/de\\\/kunststof\\\/voedselbanden\\\/#primaryimage\"},\"thumbnailUrl\":\"https:\\\/\\\/repatransportbanden.nl\\\/wp-content\\\/uploads\\\/2022\\\/02\\\/voedsel.png\",\"datePublished\":\"2022-01-07T06:07:35+00:00\",\"dateModified\":\"2025-06-17T15:16:22+00:00\",\"breadcrumb\":{\"@id\":\"https:\\\/\\\/repatransportbanden.nl\\\/de\\\/kunststof\\\/voedselbanden\\\/#breadcrumb\"},\"inLanguage\":\"de\",\"potentialAction\":[{\"@type\":\"ReadAction\",\"target\":[\"https:\\\/\\\/repatransportbanden.nl\\\/de\\\/kunststof\\\/voedselbanden\\\/\"]}]},{\"@type\":\"ImageObject\",\"inLanguage\":\"de\",\"@id\":\"https:\\\/\\\/repatransportbanden.nl\\\/de\\\/kunststof\\\/voedselbanden\\\/#primaryimage\",\"url\":\"https:\\\/\\\/repatransportbanden.nl\\\/wp-content\\\/uploads\\\/2022\\\/02\\\/voedsel.png\",\"contentUrl\":\"https:\\\/\\\/repatransportbanden.nl\\\/wp-content\\\/uploads\\\/2022\\\/02\\\/voedsel.png\",\"width\":331,\"height\":331},{\"@type\":\"BreadcrumbList\",\"@id\":\"https:\\\/\\\/repatransportbanden.nl\\\/de\\\/kunststof\\\/voedselbanden\\\/#breadcrumb\",\"itemListElement\":[{\"@type\":\"ListItem\",\"position\":1,\"name\":\"Home\",\"item\":\"https:\\\/\\\/repatransportbanden.nl\\\/de\\\/\"},{\"@type\":\"ListItem\",\"position\":2,\"name\":\"Kunststoff-F\u00f6rderb\u00e4nder\",\"item\":\"https:\\\/\\\/repatransportbanden.tempurl.host\\\/de\\\/kunststof\\\/\"},{\"@type\":\"ListItem\",\"position\":3,\"name\":\"Lebensmittelf\u00f6rderb\u00e4nder\"}]},{\"@type\":\"WebSite\",\"@id\":\"https:\\\/\\\/repatransportbanden.tempurl.host\\\/#website\",\"url\":\"https:\\\/\\\/repatransportbanden.tempurl.host\\\/\",\"name\":\"repatransportbanden.nl\",\"description\":\"\",\"potentialAction\":[{\"@type\":\"SearchAction\",\"target\":{\"@type\":\"EntryPoint\",\"urlTemplate\":\"https:\\\/\\\/repatransportbanden.tempurl.host\\\/?s={search_term_string}\"},\"query-input\":{\"@type\":\"PropertyValueSpecification\",\"valueRequired\":true,\"valueName\":\"search_term_string\"}}],\"inLanguage\":\"de\"}]}<\/script>\n<!-- \/ Yoast SEO plugin. -->","yoast_head_json":{"title":"Lebensmittelf\u00f6rderb\u00e4nder - repatransportbanden.nl","robots":{"index":"index","follow":"follow","max-snippet":"max-snippet:-1","max-image-preview":"max-image-preview:large","max-video-preview":"max-video-preview:-1"},"canonical":"https:\/\/repatransportbanden.nl\/de\/kunststof\/voedselbanden\/","og_locale":"de_DE","og_type":"article","og_title":"Lebensmittelf\u00f6rderb\u00e4nder - repatransportbanden.nl","og_description":"Unsere Lebensmittelb\u00e4nder erf\u00fcllen alle EU\/FDA\/USDA\/REACH-Anforderungen. Die PVC-B\u00e4nder werden meist in Blau oder Wei\u00df ausgef\u00fchrt, sind aber nat\u00fcrlich auch in anderen Farben lieferbar. Unsere Polyurethan-B\u00e4nder werden auf einem Kalander hergestellt. Die gr\u00f6\u00dften Vorteile stellen dabei die homogene Deckschicht und die Haftung zwischen den Geweben dar. Das Band ist sehr gut f\u00fcr Messerkanten\u00fcberg\u00e4nge geeignet, die oft in&hellip; Continue reading Lebensmittelf\u00f6rderb\u00e4nder","og_url":"https:\/\/repatransportbanden.nl\/de\/kunststof\/voedselbanden\/","og_site_name":"repatransportbanden.nl","article_modified_time":"2025-06-17T15:16:22+00:00","og_image":[{"width":331,"height":331,"url":"https:\/\/repatransportbanden.nl\/wp-content\/uploads\/2022\/02\/voedsel.png","type":"image\/png"}],"twitter_card":"summary_large_image","twitter_misc":{"Gesch\u00e4tzte Lesezeit":"1\u00a0Minute"},"schema":{"@context":"https:\/\/schema.org","@graph":[{"@type":"WebPage","@id":"https:\/\/repatransportbanden.nl\/de\/kunststof\/voedselbanden\/","url":"https:\/\/repatransportbanden.nl\/de\/kunststof\/voedselbanden\/","name":"Lebensmittelf\u00f6rderb\u00e4nder - repatransportbanden.nl","isPartOf":{"@id":"https:\/\/repatransportbanden.tempurl.host\/#website"},"primaryImageOfPage":{"@id":"https:\/\/repatransportbanden.nl\/de\/kunststof\/voedselbanden\/#primaryimage"},"image":{"@id":"https:\/\/repatransportbanden.nl\/de\/kunststof\/voedselbanden\/#primaryimage"},"thumbnailUrl":"https:\/\/repatransportbanden.nl\/wp-content\/uploads\/2022\/02\/voedsel.png","datePublished":"2022-01-07T06:07:35+00:00","dateModified":"2025-06-17T15:16:22+00:00","breadcrumb":{"@id":"https:\/\/repatransportbanden.nl\/de\/kunststof\/voedselbanden\/#breadcrumb"},"inLanguage":"de","potentialAction":[{"@type":"ReadAction","target":["https:\/\/repatransportbanden.nl\/de\/kunststof\/voedselbanden\/"]}]},{"@type":"ImageObject","inLanguage":"de","@id":"https:\/\/repatransportbanden.nl\/de\/kunststof\/voedselbanden\/#primaryimage","url":"https:\/\/repatransportbanden.nl\/wp-content\/uploads\/2022\/02\/voedsel.png","contentUrl":"https:\/\/repatransportbanden.nl\/wp-content\/uploads\/2022\/02\/voedsel.png","width":331,"height":331},{"@type":"BreadcrumbList","@id":"https:\/\/repatransportbanden.nl\/de\/kunststof\/voedselbanden\/#breadcrumb","itemListElement":[{"@type":"ListItem","position":1,"name":"Home","item":"https:\/\/repatransportbanden.nl\/de\/"},{"@type":"ListItem","position":2,"name":"Kunststoff-F\u00f6rderb\u00e4nder","item":"https:\/\/repatransportbanden.tempurl.host\/de\/kunststof\/"},{"@type":"ListItem","position":3,"name":"Lebensmittelf\u00f6rderb\u00e4nder"}]},{"@type":"WebSite","@id":"https:\/\/repatransportbanden.tempurl.host\/#website","url":"https:\/\/repatransportbanden.tempurl.host\/","name":"repatransportbanden.nl","description":"","potentialAction":[{"@type":"SearchAction","target":{"@type":"EntryPoint","urlTemplate":"https:\/\/repatransportbanden.tempurl.host\/?s={search_term_string}"},"query-input":{"@type":"PropertyValueSpecification","valueRequired":true,"valueName":"search_term_string"}}],"inLanguage":"de"}]}},"_links":{"self":[{"href":"https:\/\/repatransportbanden.nl\/de\/wp-json\/wp\/v2\/pages\/3562","targetHints":{"allow":["GET"]}}],"collection":[{"href":"https:\/\/repatransportbanden.nl\/de\/wp-json\/wp\/v2\/pages"}],"about":[{"href":"https:\/\/repatransportbanden.nl\/de\/wp-json\/wp\/v2\/types\/page"}],"author":[{"embeddable":true,"href":"https:\/\/repatransportbanden.nl\/de\/wp-json\/wp\/v2\/users\/2"}],"replies":[{"embeddable":true,"href":"https:\/\/repatransportbanden.nl\/de\/wp-json\/wp\/v2\/comments?post=3562"}],"version-history":[{"count":5,"href":"https:\/\/repatransportbanden.nl\/de\/wp-json\/wp\/v2\/pages\/3562\/revisions"}],"predecessor-version":[{"id":15579,"href":"https:\/\/repatransportbanden.nl\/de\/wp-json\/wp\/v2\/pages\/3562\/revisions\/15579"}],"up":[{"embeddable":true,"href":"https:\/\/repatransportbanden.nl\/de\/wp-json\/wp\/v2\/pages\/3505"}],"wp:featuredmedia":[{"embeddable":true,"href":"https:\/\/repatransportbanden.nl\/de\/wp-json\/wp\/v2\/media\/5096"}],"wp:attachment":[{"href":"https:\/\/repatransportbanden.nl\/de\/wp-json\/wp\/v2\/media?parent=3562"}],"curies":[{"name":"wp","href":"https:\/\/api.w.org\/{rel}","templated":true}]}}