{"id":3556,"date":"2022-01-07T07:06:48","date_gmt":"2022-01-07T06:06:48","guid":{"rendered":"https:\/\/repatransportbanden.nl\/kunststof\/pu-rondsnaren-en-v-snaren\/"},"modified":"2022-01-17T08:43:03","modified_gmt":"2022-01-17T07:43:03","slug":"pu-rondsnaren-en-v-snaren","status":"publish","type":"page","link":"https:\/\/repatransportbanden.nl\/de\/kunststof\/pu-rondsnaren-en-v-snaren\/","title":{"rendered":"PU-Rundriemen und Keilriemen"},"content":{"rendered":"\n<p>In vielen Anwendungsbereichen in der Lebensmittelindustrie sind die Food-Grade Rund- und Keilriemen aus Polyurethan und Polyester am besten f\u00fcr die speziellen Anforderungen geeignet, die vor allem bei der Verarbeitung von Aufschnitt und bei Dekorations- und Verpackungslinien gestellt werden. Rundriemen werden jedoch auch viel zum Durchschleifen von Rollenbahnen verwendet. Die Riemen k\u00f6nnen auch mit einem Kern geliefert werden, sodass nur wenig Dehnung auftritt. Dar\u00fcber hinaus k\u00f6nnen sie vor Ort beim Kunden von unseren Servicetechnikern geschwei\u00dft werden.<\/p>\n","protected":false},"excerpt":{"rendered":"<p>In vielen Anwendungsbereichen in der Lebensmittelindustrie sind die Food-Grade Rund- und Keilriemen aus Polyurethan und Polyester am besten f\u00fcr die speziellen Anforderungen geeignet, die vor allem bei der Verarbeitung von Aufschnitt und bei Dekorations- und Verpackungslinien gestellt werden. Rundriemen werden jedoch auch viel zum Durchschleifen von Rollenbahnen verwendet. Die Riemen k\u00f6nnen auch mit einem Kern&hellip; <a class=\"more-link\" href=\"https:\/\/repatransportbanden.nl\/de\/kunststof\/pu-rondsnaren-en-v-snaren\/\">Continue reading <span class=\"screen-reader-text\">PU-Rundriemen und Keilriemen<\/span><\/a><\/p>\n","protected":false},"author":2,"featured_media":5089,"parent":3505,"menu_order":0,"comment_status":"closed","ping_status":"closed","template":"templates\/template-service.php","meta":{"_acf_changed":false,"footnotes":""},"class_list":["post-3556","page","type-page","status-publish","has-post-thumbnail","hentry","entry"],"acf":[],"yoast_head":"<!-- This site is optimized with the Yoast SEO plugin v27.3 - https:\/\/yoast.com\/product\/yoast-seo-wordpress\/ -->\n<title>PU-Rundriemen und Keilriemen - repatransportbanden.nl<\/title>\n<meta name=\"robots\" content=\"index, follow, max-snippet:-1, max-image-preview:large, max-video-preview:-1\" \/>\n<link rel=\"canonical\" href=\"https:\/\/repatransportbanden.nl\/de\/kunststof\/pu-rondsnaren-en-v-snaren\/\" \/>\n<meta property=\"og:locale\" content=\"de_DE\" \/>\n<meta property=\"og:type\" content=\"article\" \/>\n<meta property=\"og:title\" content=\"PU-Rundriemen und Keilriemen - repatransportbanden.nl\" \/>\n<meta property=\"og:description\" content=\"In vielen Anwendungsbereichen in der Lebensmittelindustrie sind die Food-Grade Rund- und Keilriemen aus Polyurethan und Polyester am besten f\u00fcr die speziellen Anforderungen geeignet, die vor allem bei der Verarbeitung von Aufschnitt und bei Dekorations- und Verpackungslinien gestellt werden. Rundriemen werden jedoch auch viel zum Durchschleifen von Rollenbahnen verwendet. Die Riemen k\u00f6nnen auch mit einem Kern&hellip; Continue reading PU-Rundriemen und Keilriemen\" \/>\n<meta property=\"og:url\" content=\"https:\/\/repatransportbanden.nl\/de\/kunststof\/pu-rondsnaren-en-v-snaren\/\" \/>\n<meta property=\"og:site_name\" content=\"repatransportbanden.nl\" \/>\n<meta property=\"article:modified_time\" content=\"2022-01-17T07:43:03+00:00\" \/>\n<meta property=\"og:image\" content=\"https:\/\/repatransportbanden.tempurl.host\/wp-content\/uploads\/2021\/12\/transportbandensmallimg9.jpg\" \/>\n\t<meta property=\"og:image:width\" content=\"331\" \/>\n\t<meta property=\"og:image:height\" content=\"331\" \/>\n\t<meta property=\"og:image:type\" content=\"image\/jpeg\" \/>\n<meta name=\"twitter:card\" content=\"summary_large_image\" \/>\n<meta name=\"twitter:label1\" content=\"Gesch\u00e4tzte Lesezeit\" \/>\n\t<meta name=\"twitter:data1\" content=\"1\u00a0Minute\" \/>\n<script type=\"application\/ld+json\" class=\"yoast-schema-graph\">{\"@context\":\"https:\\\/\\\/schema.org\",\"@graph\":[{\"@type\":\"WebPage\",\"@id\":\"https:\\\/\\\/repatransportbanden.nl\\\/de\\\/kunststof\\\/pu-rondsnaren-en-v-snaren\\\/\",\"url\":\"https:\\\/\\\/repatransportbanden.nl\\\/de\\\/kunststof\\\/pu-rondsnaren-en-v-snaren\\\/\",\"name\":\"PU-Rundriemen und Keilriemen - repatransportbanden.nl\",\"isPartOf\":{\"@id\":\"https:\\\/\\\/repatransportbanden.tempurl.host\\\/#website\"},\"primaryImageOfPage\":{\"@id\":\"https:\\\/\\\/repatransportbanden.nl\\\/de\\\/kunststof\\\/pu-rondsnaren-en-v-snaren\\\/#primaryimage\"},\"image\":{\"@id\":\"https:\\\/\\\/repatransportbanden.nl\\\/de\\\/kunststof\\\/pu-rondsnaren-en-v-snaren\\\/#primaryimage\"},\"thumbnailUrl\":\"https:\\\/\\\/repatransportbanden.nl\\\/wp-content\\\/uploads\\\/2022\\\/02\\\/snaar.png\",\"datePublished\":\"2022-01-07T06:06:48+00:00\",\"dateModified\":\"2022-01-17T07:43:03+00:00\",\"breadcrumb\":{\"@id\":\"https:\\\/\\\/repatransportbanden.nl\\\/de\\\/kunststof\\\/pu-rondsnaren-en-v-snaren\\\/#breadcrumb\"},\"inLanguage\":\"de\",\"potentialAction\":[{\"@type\":\"ReadAction\",\"target\":[\"https:\\\/\\\/repatransportbanden.nl\\\/de\\\/kunststof\\\/pu-rondsnaren-en-v-snaren\\\/\"]}]},{\"@type\":\"ImageObject\",\"inLanguage\":\"de\",\"@id\":\"https:\\\/\\\/repatransportbanden.nl\\\/de\\\/kunststof\\\/pu-rondsnaren-en-v-snaren\\\/#primaryimage\",\"url\":\"https:\\\/\\\/repatransportbanden.nl\\\/wp-content\\\/uploads\\\/2022\\\/02\\\/snaar.png\",\"contentUrl\":\"https:\\\/\\\/repatransportbanden.nl\\\/wp-content\\\/uploads\\\/2022\\\/02\\\/snaar.png\",\"width\":331,\"height\":331},{\"@type\":\"BreadcrumbList\",\"@id\":\"https:\\\/\\\/repatransportbanden.nl\\\/de\\\/kunststof\\\/pu-rondsnaren-en-v-snaren\\\/#breadcrumb\",\"itemListElement\":[{\"@type\":\"ListItem\",\"position\":1,\"name\":\"Home\",\"item\":\"https:\\\/\\\/repatransportbanden.nl\\\/de\\\/\"},{\"@type\":\"ListItem\",\"position\":2,\"name\":\"Kunststoff-F\u00f6rderb\u00e4nder\",\"item\":\"https:\\\/\\\/repatransportbanden.tempurl.host\\\/de\\\/kunststof\\\/\"},{\"@type\":\"ListItem\",\"position\":3,\"name\":\"PU-Rundriemen und Keilriemen\"}]},{\"@type\":\"WebSite\",\"@id\":\"https:\\\/\\\/repatransportbanden.tempurl.host\\\/#website\",\"url\":\"https:\\\/\\\/repatransportbanden.tempurl.host\\\/\",\"name\":\"repatransportbanden.nl\",\"description\":\"\",\"potentialAction\":[{\"@type\":\"SearchAction\",\"target\":{\"@type\":\"EntryPoint\",\"urlTemplate\":\"https:\\\/\\\/repatransportbanden.tempurl.host\\\/?s={search_term_string}\"},\"query-input\":{\"@type\":\"PropertyValueSpecification\",\"valueRequired\":true,\"valueName\":\"search_term_string\"}}],\"inLanguage\":\"de\"}]}<\/script>\n<!-- \/ Yoast SEO plugin. -->","yoast_head_json":{"title":"PU-Rundriemen und Keilriemen - repatransportbanden.nl","robots":{"index":"index","follow":"follow","max-snippet":"max-snippet:-1","max-image-preview":"max-image-preview:large","max-video-preview":"max-video-preview:-1"},"canonical":"https:\/\/repatransportbanden.nl\/de\/kunststof\/pu-rondsnaren-en-v-snaren\/","og_locale":"de_DE","og_type":"article","og_title":"PU-Rundriemen und Keilriemen - repatransportbanden.nl","og_description":"In vielen Anwendungsbereichen in der Lebensmittelindustrie sind die Food-Grade Rund- und Keilriemen aus Polyurethan und Polyester am besten f\u00fcr die speziellen Anforderungen geeignet, die vor allem bei der Verarbeitung von Aufschnitt und bei Dekorations- und Verpackungslinien gestellt werden. Rundriemen werden jedoch auch viel zum Durchschleifen von Rollenbahnen verwendet. Die Riemen k\u00f6nnen auch mit einem Kern&hellip; Continue reading PU-Rundriemen und Keilriemen","og_url":"https:\/\/repatransportbanden.nl\/de\/kunststof\/pu-rondsnaren-en-v-snaren\/","og_site_name":"repatransportbanden.nl","article_modified_time":"2022-01-17T07:43:03+00:00","og_image":[{"width":331,"height":331,"url":"https:\/\/repatransportbanden.tempurl.host\/wp-content\/uploads\/2021\/12\/transportbandensmallimg9.jpg","type":"image\/jpeg"}],"twitter_card":"summary_large_image","twitter_misc":{"Gesch\u00e4tzte Lesezeit":"1\u00a0Minute"},"schema":{"@context":"https:\/\/schema.org","@graph":[{"@type":"WebPage","@id":"https:\/\/repatransportbanden.nl\/de\/kunststof\/pu-rondsnaren-en-v-snaren\/","url":"https:\/\/repatransportbanden.nl\/de\/kunststof\/pu-rondsnaren-en-v-snaren\/","name":"PU-Rundriemen und Keilriemen - repatransportbanden.nl","isPartOf":{"@id":"https:\/\/repatransportbanden.tempurl.host\/#website"},"primaryImageOfPage":{"@id":"https:\/\/repatransportbanden.nl\/de\/kunststof\/pu-rondsnaren-en-v-snaren\/#primaryimage"},"image":{"@id":"https:\/\/repatransportbanden.nl\/de\/kunststof\/pu-rondsnaren-en-v-snaren\/#primaryimage"},"thumbnailUrl":"https:\/\/repatransportbanden.nl\/wp-content\/uploads\/2022\/02\/snaar.png","datePublished":"2022-01-07T06:06:48+00:00","dateModified":"2022-01-17T07:43:03+00:00","breadcrumb":{"@id":"https:\/\/repatransportbanden.nl\/de\/kunststof\/pu-rondsnaren-en-v-snaren\/#breadcrumb"},"inLanguage":"de","potentialAction":[{"@type":"ReadAction","target":["https:\/\/repatransportbanden.nl\/de\/kunststof\/pu-rondsnaren-en-v-snaren\/"]}]},{"@type":"ImageObject","inLanguage":"de","@id":"https:\/\/repatransportbanden.nl\/de\/kunststof\/pu-rondsnaren-en-v-snaren\/#primaryimage","url":"https:\/\/repatransportbanden.nl\/wp-content\/uploads\/2022\/02\/snaar.png","contentUrl":"https:\/\/repatransportbanden.nl\/wp-content\/uploads\/2022\/02\/snaar.png","width":331,"height":331},{"@type":"BreadcrumbList","@id":"https:\/\/repatransportbanden.nl\/de\/kunststof\/pu-rondsnaren-en-v-snaren\/#breadcrumb","itemListElement":[{"@type":"ListItem","position":1,"name":"Home","item":"https:\/\/repatransportbanden.nl\/de\/"},{"@type":"ListItem","position":2,"name":"Kunststoff-F\u00f6rderb\u00e4nder","item":"https:\/\/repatransportbanden.tempurl.host\/de\/kunststof\/"},{"@type":"ListItem","position":3,"name":"PU-Rundriemen und Keilriemen"}]},{"@type":"WebSite","@id":"https:\/\/repatransportbanden.tempurl.host\/#website","url":"https:\/\/repatransportbanden.tempurl.host\/","name":"repatransportbanden.nl","description":"","potentialAction":[{"@type":"SearchAction","target":{"@type":"EntryPoint","urlTemplate":"https:\/\/repatransportbanden.tempurl.host\/?s={search_term_string}"},"query-input":{"@type":"PropertyValueSpecification","valueRequired":true,"valueName":"search_term_string"}}],"inLanguage":"de"}]}},"_links":{"self":[{"href":"https:\/\/repatransportbanden.nl\/de\/wp-json\/wp\/v2\/pages\/3556","targetHints":{"allow":["GET"]}}],"collection":[{"href":"https:\/\/repatransportbanden.nl\/de\/wp-json\/wp\/v2\/pages"}],"about":[{"href":"https:\/\/repatransportbanden.nl\/de\/wp-json\/wp\/v2\/types\/page"}],"author":[{"embeddable":true,"href":"https:\/\/repatransportbanden.nl\/de\/wp-json\/wp\/v2\/users\/2"}],"replies":[{"embeddable":true,"href":"https:\/\/repatransportbanden.nl\/de\/wp-json\/wp\/v2\/comments?post=3556"}],"version-history":[{"count":4,"href":"https:\/\/repatransportbanden.nl\/de\/wp-json\/wp\/v2\/pages\/3556\/revisions"}],"predecessor-version":[{"id":4283,"href":"https:\/\/repatransportbanden.nl\/de\/wp-json\/wp\/v2\/pages\/3556\/revisions\/4283"}],"up":[{"embeddable":true,"href":"https:\/\/repatransportbanden.nl\/de\/wp-json\/wp\/v2\/pages\/3505"}],"wp:featuredmedia":[{"embeddable":true,"href":"https:\/\/repatransportbanden.nl\/de\/wp-json\/wp\/v2\/media\/5089"}],"wp:attachment":[{"href":"https:\/\/repatransportbanden.nl\/de\/wp-json\/wp\/v2\/media?parent=3556"}],"curies":[{"name":"wp","href":"https:\/\/api.w.org\/{rel}","templated":true}]}}