{"id":3544,"date":"2022-01-07T07:04:40","date_gmt":"2022-01-07T06:04:40","guid":{"rendered":"https:\/\/repatransportbanden.nl\/kunststof\/golfrandbanden\/"},"modified":"2022-01-18T14:55:43","modified_gmt":"2022-01-18T13:55:43","slug":"golfrandbanden","status":"publish","type":"page","link":"https:\/\/repatransportbanden.nl\/de\/kunststof\/golfrandbanden\/","title":{"rendered":"Gummiwellenkanten"},"content":{"rendered":"\n<p>Wellenkanten haben verschiedene wertvolle Funktionen. Die F\u00f6rderb\u00e4nder werden durch die Wellenkanten insgesamt stabiler, die Produkte oder (Roh-)Stoffe bleiben besser auf dem Band liegen und Sie k\u00f6nnen gr\u00f6\u00dfere Mengen transportieren.<\/p>\n\n\n\n<p>Da die Kanten eine Wellenform besitzen, k\u00f6nnen sie \u2013 ohne Stabilit\u00e4tsverlust \u2013 verh\u00e4ltnism\u00e4\u00dfig hoch sein. Das bedeutet, dass Sie dadurch Ihre Transportkapazit\u00e4t steigern k\u00f6nnen. Mit Wellenkanten an Ihren F\u00f6rderb\u00e4ndern k\u00f6nnen Sie Ihre Produkte steiler nach oben und sogar vollkommen senkrecht bef\u00f6rdern.<\/p>\n\n\n\n<p>Die Wellenkanten sind mit und ohne Gewebe und in jeder Mischung, wie DIN K, DIN S, V, MOR usw., lieferbar.<\/p>\n","protected":false},"excerpt":{"rendered":"<p>Wellenkanten haben verschiedene wertvolle Funktionen. Die F\u00f6rderb\u00e4nder werden durch die Wellenkanten insgesamt stabiler, die Produkte oder (Roh-)Stoffe bleiben besser auf dem Band liegen und Sie k\u00f6nnen gr\u00f6\u00dfere Mengen transportieren. Da die Kanten eine Wellenform besitzen, k\u00f6nnen sie \u2013 ohne Stabilit\u00e4tsverlust \u2013 verh\u00e4ltnism\u00e4\u00dfig hoch sein. Das bedeutet, dass Sie dadurch Ihre Transportkapazit\u00e4t steigern k\u00f6nnen. Mit Wellenkanten&hellip; <a class=\"more-link\" href=\"https:\/\/repatransportbanden.nl\/de\/kunststof\/golfrandbanden\/\">Continue reading <span class=\"screen-reader-text\">Gummiwellenkanten<\/span><\/a><\/p>\n","protected":false},"author":2,"featured_media":5082,"parent":3505,"menu_order":0,"comment_status":"closed","ping_status":"closed","template":"templates\/template-service.php","meta":{"_acf_changed":false,"footnotes":""},"class_list":["post-3544","page","type-page","status-publish","has-post-thumbnail","hentry","entry"],"acf":[],"yoast_head":"<!-- This site is optimized with the Yoast SEO plugin v27.3 - https:\/\/yoast.com\/product\/yoast-seo-wordpress\/ -->\n<title>Gummiwellenkanten - repatransportbanden.nl<\/title>\n<meta name=\"robots\" content=\"index, follow, max-snippet:-1, max-image-preview:large, max-video-preview:-1\" \/>\n<link rel=\"canonical\" href=\"https:\/\/repatransportbanden.nl\/de\/kunststof\/golfrandbanden\/\" \/>\n<meta property=\"og:locale\" content=\"de_DE\" \/>\n<meta property=\"og:type\" content=\"article\" \/>\n<meta property=\"og:title\" content=\"Gummiwellenkanten - repatransportbanden.nl\" \/>\n<meta property=\"og:description\" content=\"Wellenkanten haben verschiedene wertvolle Funktionen. Die F\u00f6rderb\u00e4nder werden durch die Wellenkanten insgesamt stabiler, die Produkte oder (Roh-)Stoffe bleiben besser auf dem Band liegen und Sie k\u00f6nnen gr\u00f6\u00dfere Mengen transportieren. Da die Kanten eine Wellenform besitzen, k\u00f6nnen sie \u2013 ohne Stabilit\u00e4tsverlust \u2013 verh\u00e4ltnism\u00e4\u00dfig hoch sein. Das bedeutet, dass Sie dadurch Ihre Transportkapazit\u00e4t steigern k\u00f6nnen. Mit Wellenkanten&hellip; Continue reading Gummiwellenkanten\" \/>\n<meta property=\"og:url\" content=\"https:\/\/repatransportbanden.nl\/de\/kunststof\/golfrandbanden\/\" \/>\n<meta property=\"og:site_name\" content=\"repatransportbanden.nl\" \/>\n<meta property=\"article:modified_time\" content=\"2022-01-18T13:55:43+00:00\" \/>\n<meta property=\"og:image\" content=\"https:\/\/repatransportbanden.tempurl.host\/wp-content\/uploads\/2021\/12\/transportbandensmallimg10.jpg\" \/>\n\t<meta property=\"og:image:width\" content=\"331\" \/>\n\t<meta property=\"og:image:height\" content=\"331\" \/>\n\t<meta property=\"og:image:type\" content=\"image\/jpeg\" \/>\n<meta name=\"twitter:card\" content=\"summary_large_image\" \/>\n<meta name=\"twitter:label1\" content=\"Gesch\u00e4tzte Lesezeit\" \/>\n\t<meta name=\"twitter:data1\" content=\"1\u00a0Minute\" \/>\n<script type=\"application\/ld+json\" class=\"yoast-schema-graph\">{\"@context\":\"https:\\\/\\\/schema.org\",\"@graph\":[{\"@type\":\"WebPage\",\"@id\":\"https:\\\/\\\/repatransportbanden.nl\\\/de\\\/kunststof\\\/golfrandbanden\\\/\",\"url\":\"https:\\\/\\\/repatransportbanden.nl\\\/de\\\/kunststof\\\/golfrandbanden\\\/\",\"name\":\"Gummiwellenkanten - repatransportbanden.nl\",\"isPartOf\":{\"@id\":\"https:\\\/\\\/repatransportbanden.tempurl.host\\\/#website\"},\"primaryImageOfPage\":{\"@id\":\"https:\\\/\\\/repatransportbanden.nl\\\/de\\\/kunststof\\\/golfrandbanden\\\/#primaryimage\"},\"image\":{\"@id\":\"https:\\\/\\\/repatransportbanden.nl\\\/de\\\/kunststof\\\/golfrandbanden\\\/#primaryimage\"},\"thumbnailUrl\":\"https:\\\/\\\/repatransportbanden.nl\\\/wp-content\\\/uploads\\\/2022\\\/02\\\/golf.png\",\"datePublished\":\"2022-01-07T06:04:40+00:00\",\"dateModified\":\"2022-01-18T13:55:43+00:00\",\"breadcrumb\":{\"@id\":\"https:\\\/\\\/repatransportbanden.nl\\\/de\\\/kunststof\\\/golfrandbanden\\\/#breadcrumb\"},\"inLanguage\":\"de\",\"potentialAction\":[{\"@type\":\"ReadAction\",\"target\":[\"https:\\\/\\\/repatransportbanden.nl\\\/de\\\/kunststof\\\/golfrandbanden\\\/\"]}]},{\"@type\":\"ImageObject\",\"inLanguage\":\"de\",\"@id\":\"https:\\\/\\\/repatransportbanden.nl\\\/de\\\/kunststof\\\/golfrandbanden\\\/#primaryimage\",\"url\":\"https:\\\/\\\/repatransportbanden.nl\\\/wp-content\\\/uploads\\\/2022\\\/02\\\/golf.png\",\"contentUrl\":\"https:\\\/\\\/repatransportbanden.nl\\\/wp-content\\\/uploads\\\/2022\\\/02\\\/golf.png\",\"width\":331,\"height\":331},{\"@type\":\"BreadcrumbList\",\"@id\":\"https:\\\/\\\/repatransportbanden.nl\\\/de\\\/kunststof\\\/golfrandbanden\\\/#breadcrumb\",\"itemListElement\":[{\"@type\":\"ListItem\",\"position\":1,\"name\":\"Home\",\"item\":\"https:\\\/\\\/repatransportbanden.nl\\\/de\\\/\"},{\"@type\":\"ListItem\",\"position\":2,\"name\":\"Kunststoff-F\u00f6rderb\u00e4nder\",\"item\":\"https:\\\/\\\/repatransportbanden.tempurl.host\\\/de\\\/kunststof\\\/\"},{\"@type\":\"ListItem\",\"position\":3,\"name\":\"Gummiwellenkanten\"}]},{\"@type\":\"WebSite\",\"@id\":\"https:\\\/\\\/repatransportbanden.tempurl.host\\\/#website\",\"url\":\"https:\\\/\\\/repatransportbanden.tempurl.host\\\/\",\"name\":\"repatransportbanden.nl\",\"description\":\"\",\"potentialAction\":[{\"@type\":\"SearchAction\",\"target\":{\"@type\":\"EntryPoint\",\"urlTemplate\":\"https:\\\/\\\/repatransportbanden.tempurl.host\\\/?s={search_term_string}\"},\"query-input\":{\"@type\":\"PropertyValueSpecification\",\"valueRequired\":true,\"valueName\":\"search_term_string\"}}],\"inLanguage\":\"de\"}]}<\/script>\n<!-- \/ Yoast SEO plugin. -->","yoast_head_json":{"title":"Gummiwellenkanten - repatransportbanden.nl","robots":{"index":"index","follow":"follow","max-snippet":"max-snippet:-1","max-image-preview":"max-image-preview:large","max-video-preview":"max-video-preview:-1"},"canonical":"https:\/\/repatransportbanden.nl\/de\/kunststof\/golfrandbanden\/","og_locale":"de_DE","og_type":"article","og_title":"Gummiwellenkanten - repatransportbanden.nl","og_description":"Wellenkanten haben verschiedene wertvolle Funktionen. Die F\u00f6rderb\u00e4nder werden durch die Wellenkanten insgesamt stabiler, die Produkte oder (Roh-)Stoffe bleiben besser auf dem Band liegen und Sie k\u00f6nnen gr\u00f6\u00dfere Mengen transportieren. Da die Kanten eine Wellenform besitzen, k\u00f6nnen sie \u2013 ohne Stabilit\u00e4tsverlust \u2013 verh\u00e4ltnism\u00e4\u00dfig hoch sein. Das bedeutet, dass Sie dadurch Ihre Transportkapazit\u00e4t steigern k\u00f6nnen. Mit Wellenkanten&hellip; Continue reading Gummiwellenkanten","og_url":"https:\/\/repatransportbanden.nl\/de\/kunststof\/golfrandbanden\/","og_site_name":"repatransportbanden.nl","article_modified_time":"2022-01-18T13:55:43+00:00","og_image":[{"width":331,"height":331,"url":"https:\/\/repatransportbanden.tempurl.host\/wp-content\/uploads\/2021\/12\/transportbandensmallimg10.jpg","type":"image\/jpeg"}],"twitter_card":"summary_large_image","twitter_misc":{"Gesch\u00e4tzte Lesezeit":"1\u00a0Minute"},"schema":{"@context":"https:\/\/schema.org","@graph":[{"@type":"WebPage","@id":"https:\/\/repatransportbanden.nl\/de\/kunststof\/golfrandbanden\/","url":"https:\/\/repatransportbanden.nl\/de\/kunststof\/golfrandbanden\/","name":"Gummiwellenkanten - repatransportbanden.nl","isPartOf":{"@id":"https:\/\/repatransportbanden.tempurl.host\/#website"},"primaryImageOfPage":{"@id":"https:\/\/repatransportbanden.nl\/de\/kunststof\/golfrandbanden\/#primaryimage"},"image":{"@id":"https:\/\/repatransportbanden.nl\/de\/kunststof\/golfrandbanden\/#primaryimage"},"thumbnailUrl":"https:\/\/repatransportbanden.nl\/wp-content\/uploads\/2022\/02\/golf.png","datePublished":"2022-01-07T06:04:40+00:00","dateModified":"2022-01-18T13:55:43+00:00","breadcrumb":{"@id":"https:\/\/repatransportbanden.nl\/de\/kunststof\/golfrandbanden\/#breadcrumb"},"inLanguage":"de","potentialAction":[{"@type":"ReadAction","target":["https:\/\/repatransportbanden.nl\/de\/kunststof\/golfrandbanden\/"]}]},{"@type":"ImageObject","inLanguage":"de","@id":"https:\/\/repatransportbanden.nl\/de\/kunststof\/golfrandbanden\/#primaryimage","url":"https:\/\/repatransportbanden.nl\/wp-content\/uploads\/2022\/02\/golf.png","contentUrl":"https:\/\/repatransportbanden.nl\/wp-content\/uploads\/2022\/02\/golf.png","width":331,"height":331},{"@type":"BreadcrumbList","@id":"https:\/\/repatransportbanden.nl\/de\/kunststof\/golfrandbanden\/#breadcrumb","itemListElement":[{"@type":"ListItem","position":1,"name":"Home","item":"https:\/\/repatransportbanden.nl\/de\/"},{"@type":"ListItem","position":2,"name":"Kunststoff-F\u00f6rderb\u00e4nder","item":"https:\/\/repatransportbanden.tempurl.host\/de\/kunststof\/"},{"@type":"ListItem","position":3,"name":"Gummiwellenkanten"}]},{"@type":"WebSite","@id":"https:\/\/repatransportbanden.tempurl.host\/#website","url":"https:\/\/repatransportbanden.tempurl.host\/","name":"repatransportbanden.nl","description":"","potentialAction":[{"@type":"SearchAction","target":{"@type":"EntryPoint","urlTemplate":"https:\/\/repatransportbanden.tempurl.host\/?s={search_term_string}"},"query-input":{"@type":"PropertyValueSpecification","valueRequired":true,"valueName":"search_term_string"}}],"inLanguage":"de"}]}},"_links":{"self":[{"href":"https:\/\/repatransportbanden.nl\/de\/wp-json\/wp\/v2\/pages\/3544","targetHints":{"allow":["GET"]}}],"collection":[{"href":"https:\/\/repatransportbanden.nl\/de\/wp-json\/wp\/v2\/pages"}],"about":[{"href":"https:\/\/repatransportbanden.nl\/de\/wp-json\/wp\/v2\/types\/page"}],"author":[{"embeddable":true,"href":"https:\/\/repatransportbanden.nl\/de\/wp-json\/wp\/v2\/users\/2"}],"replies":[{"embeddable":true,"href":"https:\/\/repatransportbanden.nl\/de\/wp-json\/wp\/v2\/comments?post=3544"}],"version-history":[{"count":4,"href":"https:\/\/repatransportbanden.nl\/de\/wp-json\/wp\/v2\/pages\/3544\/revisions"}],"predecessor-version":[{"id":4576,"href":"https:\/\/repatransportbanden.nl\/de\/wp-json\/wp\/v2\/pages\/3544\/revisions\/4576"}],"up":[{"embeddable":true,"href":"https:\/\/repatransportbanden.nl\/de\/wp-json\/wp\/v2\/pages\/3505"}],"wp:featuredmedia":[{"embeddable":true,"href":"https:\/\/repatransportbanden.nl\/de\/wp-json\/wp\/v2\/media\/5082"}],"wp:attachment":[{"href":"https:\/\/repatransportbanden.nl\/de\/wp-json\/wp\/v2\/media?parent=3544"}],"curies":[{"name":"wp","href":"https:\/\/api.w.org\/{rel}","templated":true}]}}