{"id":3538,"date":"2022-01-07T07:03:51","date_gmt":"2022-01-07T06:03:51","guid":{"rendered":"https:\/\/repatransportbanden.nl\/kunststof\/gaasbanden\/"},"modified":"2022-01-17T08:29:31","modified_gmt":"2022-01-17T07:29:31","slug":"gaasbanden","status":"publish","type":"page","link":"https:\/\/repatransportbanden.nl\/de\/kunststof\/gaasbanden\/","title":{"rendered":"Gazeb\u00e4nder"},"content":{"rendered":"\n<p>Unsere Polyester-Gazeb\u00e4nder eignen sich besonders gut f\u00fcr den Transport von Lebensmitteln und erf\u00fcllen die EU- und FDA\/USDA-Vorschriften voll und ganz. Die Gazeb\u00e4nder sind verschlei\u00dffest, haben gute F\u00fchrungseigenschaften und sind und \u00f6l- und fettbest\u00e4ndig.&nbsp;<\/p>\n\n\n\n<p>Gazeb\u00e4nder werden auch in Sp\u00fclmaschinen verwendet, z. B. f\u00fcr Blumenzwiebel, Kartoffel, Zwiebeln, Obst usw.<\/p>\n\n\n\n<p>Gazeb\u00e4nder werden kundenspezifisch hergestellt. Das hat nat\u00fcrlich alles mit der Anwendung, dem zu bef\u00f6rdernden Produkt und den Umst\u00e4nden zu tun. Die Durchl\u00e4ssigkeit der Gaze ist wesentlich und aus diesem Grund ist dieses Teil mit verschiedenen Zwischenr\u00e4umen erh\u00e4ltlich. Gazeb\u00e4nder k\u00f6nnen mit L\u00e4ngsr\u00e4ndern und Querr\u00e4ndern aus PVC\/PU oder PE verst\u00e4rkt werden. Selbstverst\u00e4ndlich kann REPA die B\u00e4nder vollst\u00e4ndig mit Mitnehmerstollen, F\u00fchrungsriemen, Kantenleisten, Wellenkanten, Verbindern usw. ausstatten.<\/p>\n","protected":false},"excerpt":{"rendered":"<p>Unsere Polyester-Gazeb\u00e4nder eignen sich besonders gut f\u00fcr den Transport von Lebensmitteln und erf\u00fcllen die EU- und FDA\/USDA-Vorschriften voll und ganz. Die Gazeb\u00e4nder sind verschlei\u00dffest, haben gute F\u00fchrungseigenschaften und sind und \u00f6l- und fettbest\u00e4ndig.&nbsp; Gazeb\u00e4nder werden auch in Sp\u00fclmaschinen verwendet, z. B. f\u00fcr Blumenzwiebel, Kartoffel, Zwiebeln, Obst usw. Gazeb\u00e4nder werden kundenspezifisch hergestellt. Das hat nat\u00fcrlich alles&hellip; <a class=\"more-link\" href=\"https:\/\/repatransportbanden.nl\/de\/kunststof\/gaasbanden\/\">Continue reading <span class=\"screen-reader-text\">Gazeb\u00e4nder<\/span><\/a><\/p>\n","protected":false},"author":2,"featured_media":5075,"parent":3505,"menu_order":0,"comment_status":"closed","ping_status":"closed","template":"templates\/template-service.php","meta":{"_acf_changed":false,"footnotes":""},"class_list":["post-3538","page","type-page","status-publish","has-post-thumbnail","hentry","entry"],"acf":[],"yoast_head":"<!-- This site is optimized with the Yoast SEO plugin v27.3 - https:\/\/yoast.com\/product\/yoast-seo-wordpress\/ -->\n<title>Gazeb\u00e4nder - repatransportbanden.nl<\/title>\n<meta name=\"robots\" content=\"index, follow, max-snippet:-1, max-image-preview:large, max-video-preview:-1\" \/>\n<link rel=\"canonical\" href=\"https:\/\/repatransportbanden.nl\/de\/kunststof\/gaasbanden\/\" \/>\n<meta property=\"og:locale\" content=\"de_DE\" \/>\n<meta property=\"og:type\" content=\"article\" \/>\n<meta property=\"og:title\" content=\"Gazeb\u00e4nder - repatransportbanden.nl\" \/>\n<meta property=\"og:description\" content=\"Unsere Polyester-Gazeb\u00e4nder eignen sich besonders gut f\u00fcr den Transport von Lebensmitteln und erf\u00fcllen die EU- und FDA\/USDA-Vorschriften voll und ganz. Die Gazeb\u00e4nder sind verschlei\u00dffest, haben gute F\u00fchrungseigenschaften und sind und \u00f6l- und fettbest\u00e4ndig.&nbsp; Gazeb\u00e4nder werden auch in Sp\u00fclmaschinen verwendet, z. B. f\u00fcr Blumenzwiebel, Kartoffel, Zwiebeln, Obst usw. Gazeb\u00e4nder werden kundenspezifisch hergestellt. Das hat nat\u00fcrlich alles&hellip; Continue reading Gazeb\u00e4nder\" \/>\n<meta property=\"og:url\" content=\"https:\/\/repatransportbanden.nl\/de\/kunststof\/gaasbanden\/\" \/>\n<meta property=\"og:site_name\" content=\"repatransportbanden.nl\" \/>\n<meta property=\"article:modified_time\" content=\"2022-01-17T07:29:31+00:00\" \/>\n<meta property=\"og:image\" content=\"https:\/\/repatransportbanden.tempurl.host\/wp-content\/uploads\/2021\/12\/transportbandensmallimg7.jpg\" \/>\n\t<meta property=\"og:image:width\" content=\"331\" \/>\n\t<meta property=\"og:image:height\" content=\"331\" \/>\n\t<meta property=\"og:image:type\" content=\"image\/jpeg\" \/>\n<meta name=\"twitter:card\" content=\"summary_large_image\" \/>\n<meta name=\"twitter:label1\" content=\"Gesch\u00e4tzte Lesezeit\" \/>\n\t<meta name=\"twitter:data1\" content=\"1\u00a0Minute\" \/>\n<script type=\"application\/ld+json\" class=\"yoast-schema-graph\">{\"@context\":\"https:\\\/\\\/schema.org\",\"@graph\":[{\"@type\":\"WebPage\",\"@id\":\"https:\\\/\\\/repatransportbanden.nl\\\/de\\\/kunststof\\\/gaasbanden\\\/\",\"url\":\"https:\\\/\\\/repatransportbanden.nl\\\/de\\\/kunststof\\\/gaasbanden\\\/\",\"name\":\"Gazeb\u00e4nder - repatransportbanden.nl\",\"isPartOf\":{\"@id\":\"https:\\\/\\\/repatransportbanden.tempurl.host\\\/#website\"},\"primaryImageOfPage\":{\"@id\":\"https:\\\/\\\/repatransportbanden.nl\\\/de\\\/kunststof\\\/gaasbanden\\\/#primaryimage\"},\"image\":{\"@id\":\"https:\\\/\\\/repatransportbanden.nl\\\/de\\\/kunststof\\\/gaasbanden\\\/#primaryimage\"},\"thumbnailUrl\":\"https:\\\/\\\/repatransportbanden.nl\\\/wp-content\\\/uploads\\\/2022\\\/02\\\/gaas.png\",\"datePublished\":\"2022-01-07T06:03:51+00:00\",\"dateModified\":\"2022-01-17T07:29:31+00:00\",\"breadcrumb\":{\"@id\":\"https:\\\/\\\/repatransportbanden.nl\\\/de\\\/kunststof\\\/gaasbanden\\\/#breadcrumb\"},\"inLanguage\":\"de\",\"potentialAction\":[{\"@type\":\"ReadAction\",\"target\":[\"https:\\\/\\\/repatransportbanden.nl\\\/de\\\/kunststof\\\/gaasbanden\\\/\"]}]},{\"@type\":\"ImageObject\",\"inLanguage\":\"de\",\"@id\":\"https:\\\/\\\/repatransportbanden.nl\\\/de\\\/kunststof\\\/gaasbanden\\\/#primaryimage\",\"url\":\"https:\\\/\\\/repatransportbanden.nl\\\/wp-content\\\/uploads\\\/2022\\\/02\\\/gaas.png\",\"contentUrl\":\"https:\\\/\\\/repatransportbanden.nl\\\/wp-content\\\/uploads\\\/2022\\\/02\\\/gaas.png\",\"width\":331,\"height\":331},{\"@type\":\"BreadcrumbList\",\"@id\":\"https:\\\/\\\/repatransportbanden.nl\\\/de\\\/kunststof\\\/gaasbanden\\\/#breadcrumb\",\"itemListElement\":[{\"@type\":\"ListItem\",\"position\":1,\"name\":\"Home\",\"item\":\"https:\\\/\\\/repatransportbanden.nl\\\/de\\\/\"},{\"@type\":\"ListItem\",\"position\":2,\"name\":\"Kunststoff-F\u00f6rderb\u00e4nder\",\"item\":\"https:\\\/\\\/repatransportbanden.tempurl.host\\\/de\\\/kunststof\\\/\"},{\"@type\":\"ListItem\",\"position\":3,\"name\":\"Gazeb\u00e4nder\"}]},{\"@type\":\"WebSite\",\"@id\":\"https:\\\/\\\/repatransportbanden.tempurl.host\\\/#website\",\"url\":\"https:\\\/\\\/repatransportbanden.tempurl.host\\\/\",\"name\":\"repatransportbanden.nl\",\"description\":\"\",\"potentialAction\":[{\"@type\":\"SearchAction\",\"target\":{\"@type\":\"EntryPoint\",\"urlTemplate\":\"https:\\\/\\\/repatransportbanden.tempurl.host\\\/?s={search_term_string}\"},\"query-input\":{\"@type\":\"PropertyValueSpecification\",\"valueRequired\":true,\"valueName\":\"search_term_string\"}}],\"inLanguage\":\"de\"}]}<\/script>\n<!-- \/ Yoast SEO plugin. -->","yoast_head_json":{"title":"Gazeb\u00e4nder - repatransportbanden.nl","robots":{"index":"index","follow":"follow","max-snippet":"max-snippet:-1","max-image-preview":"max-image-preview:large","max-video-preview":"max-video-preview:-1"},"canonical":"https:\/\/repatransportbanden.nl\/de\/kunststof\/gaasbanden\/","og_locale":"de_DE","og_type":"article","og_title":"Gazeb\u00e4nder - repatransportbanden.nl","og_description":"Unsere Polyester-Gazeb\u00e4nder eignen sich besonders gut f\u00fcr den Transport von Lebensmitteln und erf\u00fcllen die EU- und FDA\/USDA-Vorschriften voll und ganz. Die Gazeb\u00e4nder sind verschlei\u00dffest, haben gute F\u00fchrungseigenschaften und sind und \u00f6l- und fettbest\u00e4ndig.&nbsp; Gazeb\u00e4nder werden auch in Sp\u00fclmaschinen verwendet, z. B. f\u00fcr Blumenzwiebel, Kartoffel, Zwiebeln, Obst usw. Gazeb\u00e4nder werden kundenspezifisch hergestellt. Das hat nat\u00fcrlich alles&hellip; Continue reading Gazeb\u00e4nder","og_url":"https:\/\/repatransportbanden.nl\/de\/kunststof\/gaasbanden\/","og_site_name":"repatransportbanden.nl","article_modified_time":"2022-01-17T07:29:31+00:00","og_image":[{"width":331,"height":331,"url":"https:\/\/repatransportbanden.tempurl.host\/wp-content\/uploads\/2021\/12\/transportbandensmallimg7.jpg","type":"image\/jpeg"}],"twitter_card":"summary_large_image","twitter_misc":{"Gesch\u00e4tzte Lesezeit":"1\u00a0Minute"},"schema":{"@context":"https:\/\/schema.org","@graph":[{"@type":"WebPage","@id":"https:\/\/repatransportbanden.nl\/de\/kunststof\/gaasbanden\/","url":"https:\/\/repatransportbanden.nl\/de\/kunststof\/gaasbanden\/","name":"Gazeb\u00e4nder - repatransportbanden.nl","isPartOf":{"@id":"https:\/\/repatransportbanden.tempurl.host\/#website"},"primaryImageOfPage":{"@id":"https:\/\/repatransportbanden.nl\/de\/kunststof\/gaasbanden\/#primaryimage"},"image":{"@id":"https:\/\/repatransportbanden.nl\/de\/kunststof\/gaasbanden\/#primaryimage"},"thumbnailUrl":"https:\/\/repatransportbanden.nl\/wp-content\/uploads\/2022\/02\/gaas.png","datePublished":"2022-01-07T06:03:51+00:00","dateModified":"2022-01-17T07:29:31+00:00","breadcrumb":{"@id":"https:\/\/repatransportbanden.nl\/de\/kunststof\/gaasbanden\/#breadcrumb"},"inLanguage":"de","potentialAction":[{"@type":"ReadAction","target":["https:\/\/repatransportbanden.nl\/de\/kunststof\/gaasbanden\/"]}]},{"@type":"ImageObject","inLanguage":"de","@id":"https:\/\/repatransportbanden.nl\/de\/kunststof\/gaasbanden\/#primaryimage","url":"https:\/\/repatransportbanden.nl\/wp-content\/uploads\/2022\/02\/gaas.png","contentUrl":"https:\/\/repatransportbanden.nl\/wp-content\/uploads\/2022\/02\/gaas.png","width":331,"height":331},{"@type":"BreadcrumbList","@id":"https:\/\/repatransportbanden.nl\/de\/kunststof\/gaasbanden\/#breadcrumb","itemListElement":[{"@type":"ListItem","position":1,"name":"Home","item":"https:\/\/repatransportbanden.nl\/de\/"},{"@type":"ListItem","position":2,"name":"Kunststoff-F\u00f6rderb\u00e4nder","item":"https:\/\/repatransportbanden.tempurl.host\/de\/kunststof\/"},{"@type":"ListItem","position":3,"name":"Gazeb\u00e4nder"}]},{"@type":"WebSite","@id":"https:\/\/repatransportbanden.tempurl.host\/#website","url":"https:\/\/repatransportbanden.tempurl.host\/","name":"repatransportbanden.nl","description":"","potentialAction":[{"@type":"SearchAction","target":{"@type":"EntryPoint","urlTemplate":"https:\/\/repatransportbanden.tempurl.host\/?s={search_term_string}"},"query-input":{"@type":"PropertyValueSpecification","valueRequired":true,"valueName":"search_term_string"}}],"inLanguage":"de"}]}},"_links":{"self":[{"href":"https:\/\/repatransportbanden.nl\/de\/wp-json\/wp\/v2\/pages\/3538","targetHints":{"allow":["GET"]}}],"collection":[{"href":"https:\/\/repatransportbanden.nl\/de\/wp-json\/wp\/v2\/pages"}],"about":[{"href":"https:\/\/repatransportbanden.nl\/de\/wp-json\/wp\/v2\/types\/page"}],"author":[{"embeddable":true,"href":"https:\/\/repatransportbanden.nl\/de\/wp-json\/wp\/v2\/users\/2"}],"replies":[{"embeddable":true,"href":"https:\/\/repatransportbanden.nl\/de\/wp-json\/wp\/v2\/comments?post=3538"}],"version-history":[{"count":4,"href":"https:\/\/repatransportbanden.nl\/de\/wp-json\/wp\/v2\/pages\/3538\/revisions"}],"predecessor-version":[{"id":4274,"href":"https:\/\/repatransportbanden.nl\/de\/wp-json\/wp\/v2\/pages\/3538\/revisions\/4274"}],"up":[{"embeddable":true,"href":"https:\/\/repatransportbanden.nl\/de\/wp-json\/wp\/v2\/pages\/3505"}],"wp:featuredmedia":[{"embeddable":true,"href":"https:\/\/repatransportbanden.nl\/de\/wp-json\/wp\/v2\/media\/5075"}],"wp:attachment":[{"href":"https:\/\/repatransportbanden.nl\/de\/wp-json\/wp\/v2\/media?parent=3538"}],"curies":[{"name":"wp","href":"https:\/\/api.w.org\/{rel}","templated":true}]}}