{"id":3526,"date":"2022-01-07T06:44:41","date_gmt":"2022-01-07T05:44:41","guid":{"rendered":"https:\/\/repatransportbanden.nl\/kunststof\/egel-en-kegelbanden\/"},"modified":"2022-01-17T08:15:16","modified_gmt":"2022-01-17T07:15:16","slug":"egel-en-kegelbanden","status":"publish","type":"page","link":"https:\/\/repatransportbanden.nl\/de\/kunststof\/egel-en-kegelbanden\/","title":{"rendered":"Igel- und Kegelb\u00e4nder"},"content":{"rendered":"\n<p>REPA produziert Igel- und Kegelf\u00f6rderb\u00e4nder in eigener Fabrik. Diese sind haupts\u00e4chlich f\u00fcr die Landwirtschaft bestimmt und eignen sich sehr gut f\u00fcr die Verarbeitung von Kartoffeln und Blumenzwiebeln. REPA kann alle Abmessungen produzieren. Die B\u00e4nder werden h\u00e4ufig mit F\u00fchrungsriemen versehen. F\u00fcr empfindlichere Produkte stellt REPA Nadelb\u00e4nder her. Die Nadeln dieser B\u00e4nder sind d\u00fcnner und biegsamer und \u00e4u\u00dferst gut f\u00fcr verschiedene Gem\u00fcse- und Obstsorten geeignet. Die B\u00e4nder werden von REPA nach Ma\u00df hergestellt und sind auch in Blau lieferbar.<\/p>\n\n\n\n<p>Der gro\u00dfe Vorteil eines Kegelbands ist, dass es sich besonders f\u00fcr h\u00e4rtere Bedingungen eignet, z. B. f\u00fcr das Auffangen von Steinen und harten Klumpen, die sich in den Pflanzen befinden. Das wird durch die Dicke der Kegel und durch die Form erm\u00f6glicht, denn die Unterseite verl\u00e4uft konisch, wodurch Abbrechen oder Abrei\u00dfen verhindert wird. Die Produkte fallen sauber vom Band und die Bl\u00e4tter und der Schmutz bleiben zwischen den Kegeln h\u00e4ngen und werden am Ende des Bands mithilfe eines Kamms entfernt.<\/p>\n\n\n\n<p>Das Igelband wurde speziell f\u00fcr die Blumenzwiebelbranche entworfen. &nbsp;Die Igel sind feiner, laufen zylindrisch und sind aus einer weichen Gummisorte hergestellt, sodass die Blumenzwiebeln nicht besch\u00e4digt werden. Indem zwei B\u00e4nder \u00fcbereinander und mit unterschiedlichen Drehzahlen verwendet werden, werden die Blumenzwiebeln gewisserma\u00dfen geputzt. Der Schmutz wird am Ende des Bands wiederum mit einem Kamm entfernt.<\/p>\n","protected":false},"excerpt":{"rendered":"<p>REPA produziert Igel- und Kegelf\u00f6rderb\u00e4nder in eigener Fabrik. Diese sind haupts\u00e4chlich f\u00fcr die Landwirtschaft bestimmt und eignen sich sehr gut f\u00fcr die Verarbeitung von Kartoffeln und Blumenzwiebeln. REPA kann alle Abmessungen produzieren. Die B\u00e4nder werden h\u00e4ufig mit F\u00fchrungsriemen versehen. F\u00fcr empfindlichere Produkte stellt REPA Nadelb\u00e4nder her. Die Nadeln dieser B\u00e4nder sind d\u00fcnner und biegsamer und&hellip; <a class=\"more-link\" href=\"https:\/\/repatransportbanden.nl\/de\/kunststof\/egel-en-kegelbanden\/\">Continue reading <span class=\"screen-reader-text\">Igel- und Kegelb\u00e4nder<\/span><\/a><\/p>\n","protected":false},"author":2,"featured_media":5061,"parent":3505,"menu_order":0,"comment_status":"closed","ping_status":"closed","template":"templates\/template-service.php","meta":{"_acf_changed":false,"footnotes":""},"class_list":["post-3526","page","type-page","status-publish","has-post-thumbnail","hentry","entry"],"acf":[],"yoast_head":"<!-- This site is optimized with the Yoast SEO plugin v27.5 - https:\/\/yoast.com\/product\/yoast-seo-wordpress\/ -->\n<title>Igel- und Kegelb\u00e4nder - repatransportbanden.nl<\/title>\n<meta name=\"robots\" content=\"index, follow, max-snippet:-1, max-image-preview:large, max-video-preview:-1\" \/>\n<link rel=\"canonical\" href=\"https:\/\/repatransportbanden.nl\/de\/kunststof\/egel-en-kegelbanden\/\" \/>\n<meta property=\"og:locale\" content=\"de_DE\" \/>\n<meta property=\"og:type\" content=\"article\" \/>\n<meta property=\"og:title\" content=\"Igel- und Kegelb\u00e4nder - repatransportbanden.nl\" \/>\n<meta property=\"og:description\" content=\"REPA produziert Igel- und Kegelf\u00f6rderb\u00e4nder in eigener Fabrik. Diese sind haupts\u00e4chlich f\u00fcr die Landwirtschaft bestimmt und eignen sich sehr gut f\u00fcr die Verarbeitung von Kartoffeln und Blumenzwiebeln. REPA kann alle Abmessungen produzieren. Die B\u00e4nder werden h\u00e4ufig mit F\u00fchrungsriemen versehen. F\u00fcr empfindlichere Produkte stellt REPA Nadelb\u00e4nder her. Die Nadeln dieser B\u00e4nder sind d\u00fcnner und biegsamer und&hellip; Continue reading Igel- und Kegelb\u00e4nder\" \/>\n<meta property=\"og:url\" content=\"https:\/\/repatransportbanden.nl\/de\/kunststof\/egel-en-kegelbanden\/\" \/>\n<meta property=\"og:site_name\" content=\"repatransportbanden.nl\" \/>\n<meta property=\"article:modified_time\" content=\"2022-01-17T07:15:16+00:00\" \/>\n<meta property=\"og:image\" content=\"https:\/\/repatransportbanden.tempurl.host\/wp-content\/uploads\/2021\/12\/transportbandensmallimg4.jpg\" \/>\n\t<meta property=\"og:image:width\" content=\"331\" \/>\n\t<meta property=\"og:image:height\" content=\"331\" \/>\n\t<meta property=\"og:image:type\" content=\"image\/jpeg\" \/>\n<meta name=\"twitter:card\" content=\"summary_large_image\" \/>\n<meta name=\"twitter:label1\" content=\"Gesch\u00e4tzte Lesezeit\" \/>\n\t<meta name=\"twitter:data1\" content=\"2\u00a0Minuten\" \/>\n<script type=\"application\/ld+json\" class=\"yoast-schema-graph\">{\"@context\":\"https:\\\/\\\/schema.org\",\"@graph\":[{\"@type\":\"WebPage\",\"@id\":\"https:\\\/\\\/repatransportbanden.nl\\\/de\\\/kunststof\\\/egel-en-kegelbanden\\\/\",\"url\":\"https:\\\/\\\/repatransportbanden.nl\\\/de\\\/kunststof\\\/egel-en-kegelbanden\\\/\",\"name\":\"Igel- und Kegelb\u00e4nder - repatransportbanden.nl\",\"isPartOf\":{\"@id\":\"https:\\\/\\\/repatransportbanden.tempurl.host\\\/#website\"},\"primaryImageOfPage\":{\"@id\":\"https:\\\/\\\/repatransportbanden.nl\\\/de\\\/kunststof\\\/egel-en-kegelbanden\\\/#primaryimage\"},\"image\":{\"@id\":\"https:\\\/\\\/repatransportbanden.nl\\\/de\\\/kunststof\\\/egel-en-kegelbanden\\\/#primaryimage\"},\"thumbnailUrl\":\"https:\\\/\\\/repatransportbanden.nl\\\/wp-content\\\/uploads\\\/2022\\\/02\\\/egel.png\",\"datePublished\":\"2022-01-07T05:44:41+00:00\",\"dateModified\":\"2022-01-17T07:15:16+00:00\",\"breadcrumb\":{\"@id\":\"https:\\\/\\\/repatransportbanden.nl\\\/de\\\/kunststof\\\/egel-en-kegelbanden\\\/#breadcrumb\"},\"inLanguage\":\"de\",\"potentialAction\":[{\"@type\":\"ReadAction\",\"target\":[\"https:\\\/\\\/repatransportbanden.nl\\\/de\\\/kunststof\\\/egel-en-kegelbanden\\\/\"]}]},{\"@type\":\"ImageObject\",\"inLanguage\":\"de\",\"@id\":\"https:\\\/\\\/repatransportbanden.nl\\\/de\\\/kunststof\\\/egel-en-kegelbanden\\\/#primaryimage\",\"url\":\"https:\\\/\\\/repatransportbanden.nl\\\/wp-content\\\/uploads\\\/2022\\\/02\\\/egel.png\",\"contentUrl\":\"https:\\\/\\\/repatransportbanden.nl\\\/wp-content\\\/uploads\\\/2022\\\/02\\\/egel.png\",\"width\":331,\"height\":331},{\"@type\":\"BreadcrumbList\",\"@id\":\"https:\\\/\\\/repatransportbanden.nl\\\/de\\\/kunststof\\\/egel-en-kegelbanden\\\/#breadcrumb\",\"itemListElement\":[{\"@type\":\"ListItem\",\"position\":1,\"name\":\"Home\",\"item\":\"https:\\\/\\\/repatransportbanden.nl\\\/de\\\/\"},{\"@type\":\"ListItem\",\"position\":2,\"name\":\"Kunststoff-F\u00f6rderb\u00e4nder\",\"item\":\"https:\\\/\\\/repatransportbanden.tempurl.host\\\/de\\\/kunststof\\\/\"},{\"@type\":\"ListItem\",\"position\":3,\"name\":\"Igel- und Kegelb\u00e4nder\"}]},{\"@type\":\"WebSite\",\"@id\":\"https:\\\/\\\/repatransportbanden.tempurl.host\\\/#website\",\"url\":\"https:\\\/\\\/repatransportbanden.tempurl.host\\\/\",\"name\":\"repatransportbanden.nl\",\"description\":\"\",\"potentialAction\":[{\"@type\":\"SearchAction\",\"target\":{\"@type\":\"EntryPoint\",\"urlTemplate\":\"https:\\\/\\\/repatransportbanden.tempurl.host\\\/?s={search_term_string}\"},\"query-input\":{\"@type\":\"PropertyValueSpecification\",\"valueRequired\":true,\"valueName\":\"search_term_string\"}}],\"inLanguage\":\"de\"}]}<\/script>\n<!-- \/ Yoast SEO plugin. -->","yoast_head_json":{"title":"Igel- und Kegelb\u00e4nder - repatransportbanden.nl","robots":{"index":"index","follow":"follow","max-snippet":"max-snippet:-1","max-image-preview":"max-image-preview:large","max-video-preview":"max-video-preview:-1"},"canonical":"https:\/\/repatransportbanden.nl\/de\/kunststof\/egel-en-kegelbanden\/","og_locale":"de_DE","og_type":"article","og_title":"Igel- und Kegelb\u00e4nder - repatransportbanden.nl","og_description":"REPA produziert Igel- und Kegelf\u00f6rderb\u00e4nder in eigener Fabrik. Diese sind haupts\u00e4chlich f\u00fcr die Landwirtschaft bestimmt und eignen sich sehr gut f\u00fcr die Verarbeitung von Kartoffeln und Blumenzwiebeln. REPA kann alle Abmessungen produzieren. Die B\u00e4nder werden h\u00e4ufig mit F\u00fchrungsriemen versehen. F\u00fcr empfindlichere Produkte stellt REPA Nadelb\u00e4nder her. Die Nadeln dieser B\u00e4nder sind d\u00fcnner und biegsamer und&hellip; Continue reading Igel- und Kegelb\u00e4nder","og_url":"https:\/\/repatransportbanden.nl\/de\/kunststof\/egel-en-kegelbanden\/","og_site_name":"repatransportbanden.nl","article_modified_time":"2022-01-17T07:15:16+00:00","og_image":[{"width":331,"height":331,"url":"https:\/\/repatransportbanden.tempurl.host\/wp-content\/uploads\/2021\/12\/transportbandensmallimg4.jpg","type":"image\/jpeg"}],"twitter_card":"summary_large_image","twitter_misc":{"Gesch\u00e4tzte Lesezeit":"2\u00a0Minuten"},"schema":{"@context":"https:\/\/schema.org","@graph":[{"@type":"WebPage","@id":"https:\/\/repatransportbanden.nl\/de\/kunststof\/egel-en-kegelbanden\/","url":"https:\/\/repatransportbanden.nl\/de\/kunststof\/egel-en-kegelbanden\/","name":"Igel- und Kegelb\u00e4nder - repatransportbanden.nl","isPartOf":{"@id":"https:\/\/repatransportbanden.tempurl.host\/#website"},"primaryImageOfPage":{"@id":"https:\/\/repatransportbanden.nl\/de\/kunststof\/egel-en-kegelbanden\/#primaryimage"},"image":{"@id":"https:\/\/repatransportbanden.nl\/de\/kunststof\/egel-en-kegelbanden\/#primaryimage"},"thumbnailUrl":"https:\/\/repatransportbanden.nl\/wp-content\/uploads\/2022\/02\/egel.png","datePublished":"2022-01-07T05:44:41+00:00","dateModified":"2022-01-17T07:15:16+00:00","breadcrumb":{"@id":"https:\/\/repatransportbanden.nl\/de\/kunststof\/egel-en-kegelbanden\/#breadcrumb"},"inLanguage":"de","potentialAction":[{"@type":"ReadAction","target":["https:\/\/repatransportbanden.nl\/de\/kunststof\/egel-en-kegelbanden\/"]}]},{"@type":"ImageObject","inLanguage":"de","@id":"https:\/\/repatransportbanden.nl\/de\/kunststof\/egel-en-kegelbanden\/#primaryimage","url":"https:\/\/repatransportbanden.nl\/wp-content\/uploads\/2022\/02\/egel.png","contentUrl":"https:\/\/repatransportbanden.nl\/wp-content\/uploads\/2022\/02\/egel.png","width":331,"height":331},{"@type":"BreadcrumbList","@id":"https:\/\/repatransportbanden.nl\/de\/kunststof\/egel-en-kegelbanden\/#breadcrumb","itemListElement":[{"@type":"ListItem","position":1,"name":"Home","item":"https:\/\/repatransportbanden.nl\/de\/"},{"@type":"ListItem","position":2,"name":"Kunststoff-F\u00f6rderb\u00e4nder","item":"https:\/\/repatransportbanden.tempurl.host\/de\/kunststof\/"},{"@type":"ListItem","position":3,"name":"Igel- und Kegelb\u00e4nder"}]},{"@type":"WebSite","@id":"https:\/\/repatransportbanden.tempurl.host\/#website","url":"https:\/\/repatransportbanden.tempurl.host\/","name":"repatransportbanden.nl","description":"","potentialAction":[{"@type":"SearchAction","target":{"@type":"EntryPoint","urlTemplate":"https:\/\/repatransportbanden.tempurl.host\/?s={search_term_string}"},"query-input":{"@type":"PropertyValueSpecification","valueRequired":true,"valueName":"search_term_string"}}],"inLanguage":"de"}]}},"_links":{"self":[{"href":"https:\/\/repatransportbanden.nl\/de\/wp-json\/wp\/v2\/pages\/3526","targetHints":{"allow":["GET"]}}],"collection":[{"href":"https:\/\/repatransportbanden.nl\/de\/wp-json\/wp\/v2\/pages"}],"about":[{"href":"https:\/\/repatransportbanden.nl\/de\/wp-json\/wp\/v2\/types\/page"}],"author":[{"embeddable":true,"href":"https:\/\/repatransportbanden.nl\/de\/wp-json\/wp\/v2\/users\/2"}],"replies":[{"embeddable":true,"href":"https:\/\/repatransportbanden.nl\/de\/wp-json\/wp\/v2\/comments?post=3526"}],"version-history":[{"count":5,"href":"https:\/\/repatransportbanden.nl\/de\/wp-json\/wp\/v2\/pages\/3526\/revisions"}],"predecessor-version":[{"id":4262,"href":"https:\/\/repatransportbanden.nl\/de\/wp-json\/wp\/v2\/pages\/3526\/revisions\/4262"}],"up":[{"embeddable":true,"href":"https:\/\/repatransportbanden.nl\/de\/wp-json\/wp\/v2\/pages\/3505"}],"wp:featuredmedia":[{"embeddable":true,"href":"https:\/\/repatransportbanden.nl\/de\/wp-json\/wp\/v2\/media\/5061"}],"wp:attachment":[{"href":"https:\/\/repatransportbanden.nl\/de\/wp-json\/wp\/v2\/media?parent=3526"}],"curies":[{"name":"wp","href":"https:\/\/api.w.org\/{rel}","templated":true}]}}