{"id":3520,"date":"2022-01-07T06:43:37","date_gmt":"2022-01-07T05:43:37","guid":{"rendered":"https:\/\/repatransportbanden.nl\/kunststof\/dakjesbanden-en-sponbanden\/"},"modified":"2022-01-17T08:03:41","modified_gmt":"2022-01-17T07:03:41","slug":"dakjesbanden-en-sponbanden","status":"publish","type":"page","link":"https:\/\/repatransportbanden.nl\/de\/kunststof\/dakjesbanden-en-sponbanden\/","title":{"rendered":"Dachb\u00e4nder und Schwammgummib\u00e4nder"},"content":{"rendered":"\n<p>Im Gartenbau wird mit verschiedenen Typen von F\u00f6rderb\u00e4ndern gearbeitet. Bei den Blumenverarbeitungslinien werden standardm\u00e4\u00dfig die so genannten Dachb\u00e4nder verwendet. Auf diesen B\u00e4ndern werden die Blumenstiele am Ende der Linie geb\u00fcndelt und mithilfe eines speziellen Schwammgummibands angedr\u00fcckt, sodass sie nicht besch\u00e4digt werden. \u00a0Danach werden die Stiele abgeschnitten und wird der Bund mit einem Gummi versehen. Dachb\u00e4nder (Bundb\u00e4nder) werden bei REPA in verschiedenen Abmessungen und Farben hergestellt. Das Schwammgummimaterial ist in mehreren Dicken erh\u00e4ltlich. Auch die H\u00e4rte oder Dichte (Struktur) des Schwammgummimaterials k\u00f6nnen wir in verschiedenen Typen liefern.<\/p>\n","protected":false},"excerpt":{"rendered":"<p>Im Gartenbau wird mit verschiedenen Typen von F\u00f6rderb\u00e4ndern gearbeitet. Bei den Blumenverarbeitungslinien werden standardm\u00e4\u00dfig die so genannten Dachb\u00e4nder verwendet. Auf diesen B\u00e4ndern werden die Blumenstiele am Ende der Linie geb\u00fcndelt und mithilfe eines speziellen Schwammgummibands angedr\u00fcckt, sodass sie nicht besch\u00e4digt werden. \u00a0Danach werden die Stiele abgeschnitten und wird der Bund mit einem Gummi versehen. Dachb\u00e4nder&hellip; <a class=\"more-link\" href=\"https:\/\/repatransportbanden.nl\/de\/kunststof\/dakjesbanden-en-sponbanden\/\">Continue reading <span class=\"screen-reader-text\">Dachb\u00e4nder und Schwammgummib\u00e4nder<\/span><\/a><\/p>\n","protected":false},"author":2,"featured_media":5054,"parent":3505,"menu_order":0,"comment_status":"closed","ping_status":"closed","template":"templates\/template-service.php","meta":{"_acf_changed":false,"footnotes":""},"class_list":["post-3520","page","type-page","status-publish","has-post-thumbnail","hentry","entry"],"acf":[],"yoast_head":"<!-- This site is optimized with the Yoast SEO plugin v27.4 - https:\/\/yoast.com\/product\/yoast-seo-wordpress\/ -->\n<title>Dachb\u00e4nder und Schwammgummib\u00e4nder - repatransportbanden.nl<\/title>\n<meta name=\"robots\" content=\"index, follow, max-snippet:-1, max-image-preview:large, max-video-preview:-1\" \/>\n<link rel=\"canonical\" href=\"https:\/\/repatransportbanden.nl\/de\/kunststof\/dakjesbanden-en-sponbanden\/\" \/>\n<meta property=\"og:locale\" content=\"de_DE\" \/>\n<meta property=\"og:type\" content=\"article\" \/>\n<meta property=\"og:title\" content=\"Dachb\u00e4nder und Schwammgummib\u00e4nder - repatransportbanden.nl\" \/>\n<meta property=\"og:description\" content=\"Im Gartenbau wird mit verschiedenen Typen von F\u00f6rderb\u00e4ndern gearbeitet. Bei den Blumenverarbeitungslinien werden standardm\u00e4\u00dfig die so genannten Dachb\u00e4nder verwendet. Auf diesen B\u00e4ndern werden die Blumenstiele am Ende der Linie geb\u00fcndelt und mithilfe eines speziellen Schwammgummibands angedr\u00fcckt, sodass sie nicht besch\u00e4digt werden. \u00a0Danach werden die Stiele abgeschnitten und wird der Bund mit einem Gummi versehen. Dachb\u00e4nder&hellip; Continue reading Dachb\u00e4nder und Schwammgummib\u00e4nder\" \/>\n<meta property=\"og:url\" content=\"https:\/\/repatransportbanden.nl\/de\/kunststof\/dakjesbanden-en-sponbanden\/\" \/>\n<meta property=\"og:site_name\" content=\"repatransportbanden.nl\" \/>\n<meta property=\"article:modified_time\" content=\"2022-01-17T07:03:41+00:00\" \/>\n<meta property=\"og:image\" content=\"https:\/\/repatransportbanden.tempurl.host\/wp-content\/uploads\/2021\/12\/transportbandensmallimg7.jpg\" \/>\n\t<meta property=\"og:image:width\" content=\"331\" \/>\n\t<meta property=\"og:image:height\" content=\"331\" \/>\n\t<meta property=\"og:image:type\" content=\"image\/jpeg\" \/>\n<meta name=\"twitter:card\" content=\"summary_large_image\" \/>\n<meta name=\"twitter:label1\" content=\"Gesch\u00e4tzte Lesezeit\" \/>\n\t<meta name=\"twitter:data1\" content=\"1\u00a0Minute\" \/>\n<script type=\"application\/ld+json\" class=\"yoast-schema-graph\">{\"@context\":\"https:\\\/\\\/schema.org\",\"@graph\":[{\"@type\":\"WebPage\",\"@id\":\"https:\\\/\\\/repatransportbanden.nl\\\/de\\\/kunststof\\\/dakjesbanden-en-sponbanden\\\/\",\"url\":\"https:\\\/\\\/repatransportbanden.nl\\\/de\\\/kunststof\\\/dakjesbanden-en-sponbanden\\\/\",\"name\":\"Dachb\u00e4nder und Schwammgummib\u00e4nder - repatransportbanden.nl\",\"isPartOf\":{\"@id\":\"https:\\\/\\\/repatransportbanden.tempurl.host\\\/#website\"},\"primaryImageOfPage\":{\"@id\":\"https:\\\/\\\/repatransportbanden.nl\\\/de\\\/kunststof\\\/dakjesbanden-en-sponbanden\\\/#primaryimage\"},\"image\":{\"@id\":\"https:\\\/\\\/repatransportbanden.nl\\\/de\\\/kunststof\\\/dakjesbanden-en-sponbanden\\\/#primaryimage\"},\"thumbnailUrl\":\"https:\\\/\\\/repatransportbanden.nl\\\/wp-content\\\/uploads\\\/2022\\\/02\\\/dakjes.png\",\"datePublished\":\"2022-01-07T05:43:37+00:00\",\"dateModified\":\"2022-01-17T07:03:41+00:00\",\"breadcrumb\":{\"@id\":\"https:\\\/\\\/repatransportbanden.nl\\\/de\\\/kunststof\\\/dakjesbanden-en-sponbanden\\\/#breadcrumb\"},\"inLanguage\":\"de\",\"potentialAction\":[{\"@type\":\"ReadAction\",\"target\":[\"https:\\\/\\\/repatransportbanden.nl\\\/de\\\/kunststof\\\/dakjesbanden-en-sponbanden\\\/\"]}]},{\"@type\":\"ImageObject\",\"inLanguage\":\"de\",\"@id\":\"https:\\\/\\\/repatransportbanden.nl\\\/de\\\/kunststof\\\/dakjesbanden-en-sponbanden\\\/#primaryimage\",\"url\":\"https:\\\/\\\/repatransportbanden.nl\\\/wp-content\\\/uploads\\\/2022\\\/02\\\/dakjes.png\",\"contentUrl\":\"https:\\\/\\\/repatransportbanden.nl\\\/wp-content\\\/uploads\\\/2022\\\/02\\\/dakjes.png\",\"width\":331,\"height\":331},{\"@type\":\"BreadcrumbList\",\"@id\":\"https:\\\/\\\/repatransportbanden.nl\\\/de\\\/kunststof\\\/dakjesbanden-en-sponbanden\\\/#breadcrumb\",\"itemListElement\":[{\"@type\":\"ListItem\",\"position\":1,\"name\":\"Home\",\"item\":\"https:\\\/\\\/repatransportbanden.nl\\\/de\\\/\"},{\"@type\":\"ListItem\",\"position\":2,\"name\":\"Kunststoff-F\u00f6rderb\u00e4nder\",\"item\":\"https:\\\/\\\/repatransportbanden.tempurl.host\\\/de\\\/kunststof\\\/\"},{\"@type\":\"ListItem\",\"position\":3,\"name\":\"Dachb\u00e4nder und Schwammgummib\u00e4nder\"}]},{\"@type\":\"WebSite\",\"@id\":\"https:\\\/\\\/repatransportbanden.tempurl.host\\\/#website\",\"url\":\"https:\\\/\\\/repatransportbanden.tempurl.host\\\/\",\"name\":\"repatransportbanden.nl\",\"description\":\"\",\"potentialAction\":[{\"@type\":\"SearchAction\",\"target\":{\"@type\":\"EntryPoint\",\"urlTemplate\":\"https:\\\/\\\/repatransportbanden.tempurl.host\\\/?s={search_term_string}\"},\"query-input\":{\"@type\":\"PropertyValueSpecification\",\"valueRequired\":true,\"valueName\":\"search_term_string\"}}],\"inLanguage\":\"de\"}]}<\/script>\n<!-- \/ Yoast SEO plugin. -->","yoast_head_json":{"title":"Dachb\u00e4nder und Schwammgummib\u00e4nder - repatransportbanden.nl","robots":{"index":"index","follow":"follow","max-snippet":"max-snippet:-1","max-image-preview":"max-image-preview:large","max-video-preview":"max-video-preview:-1"},"canonical":"https:\/\/repatransportbanden.nl\/de\/kunststof\/dakjesbanden-en-sponbanden\/","og_locale":"de_DE","og_type":"article","og_title":"Dachb\u00e4nder und Schwammgummib\u00e4nder - repatransportbanden.nl","og_description":"Im Gartenbau wird mit verschiedenen Typen von F\u00f6rderb\u00e4ndern gearbeitet. Bei den Blumenverarbeitungslinien werden standardm\u00e4\u00dfig die so genannten Dachb\u00e4nder verwendet. Auf diesen B\u00e4ndern werden die Blumenstiele am Ende der Linie geb\u00fcndelt und mithilfe eines speziellen Schwammgummibands angedr\u00fcckt, sodass sie nicht besch\u00e4digt werden. \u00a0Danach werden die Stiele abgeschnitten und wird der Bund mit einem Gummi versehen. Dachb\u00e4nder&hellip; Continue reading Dachb\u00e4nder und Schwammgummib\u00e4nder","og_url":"https:\/\/repatransportbanden.nl\/de\/kunststof\/dakjesbanden-en-sponbanden\/","og_site_name":"repatransportbanden.nl","article_modified_time":"2022-01-17T07:03:41+00:00","og_image":[{"width":331,"height":331,"url":"https:\/\/repatransportbanden.tempurl.host\/wp-content\/uploads\/2021\/12\/transportbandensmallimg7.jpg","type":"image\/jpeg"}],"twitter_card":"summary_large_image","twitter_misc":{"Gesch\u00e4tzte Lesezeit":"1\u00a0Minute"},"schema":{"@context":"https:\/\/schema.org","@graph":[{"@type":"WebPage","@id":"https:\/\/repatransportbanden.nl\/de\/kunststof\/dakjesbanden-en-sponbanden\/","url":"https:\/\/repatransportbanden.nl\/de\/kunststof\/dakjesbanden-en-sponbanden\/","name":"Dachb\u00e4nder und Schwammgummib\u00e4nder - repatransportbanden.nl","isPartOf":{"@id":"https:\/\/repatransportbanden.tempurl.host\/#website"},"primaryImageOfPage":{"@id":"https:\/\/repatransportbanden.nl\/de\/kunststof\/dakjesbanden-en-sponbanden\/#primaryimage"},"image":{"@id":"https:\/\/repatransportbanden.nl\/de\/kunststof\/dakjesbanden-en-sponbanden\/#primaryimage"},"thumbnailUrl":"https:\/\/repatransportbanden.nl\/wp-content\/uploads\/2022\/02\/dakjes.png","datePublished":"2022-01-07T05:43:37+00:00","dateModified":"2022-01-17T07:03:41+00:00","breadcrumb":{"@id":"https:\/\/repatransportbanden.nl\/de\/kunststof\/dakjesbanden-en-sponbanden\/#breadcrumb"},"inLanguage":"de","potentialAction":[{"@type":"ReadAction","target":["https:\/\/repatransportbanden.nl\/de\/kunststof\/dakjesbanden-en-sponbanden\/"]}]},{"@type":"ImageObject","inLanguage":"de","@id":"https:\/\/repatransportbanden.nl\/de\/kunststof\/dakjesbanden-en-sponbanden\/#primaryimage","url":"https:\/\/repatransportbanden.nl\/wp-content\/uploads\/2022\/02\/dakjes.png","contentUrl":"https:\/\/repatransportbanden.nl\/wp-content\/uploads\/2022\/02\/dakjes.png","width":331,"height":331},{"@type":"BreadcrumbList","@id":"https:\/\/repatransportbanden.nl\/de\/kunststof\/dakjesbanden-en-sponbanden\/#breadcrumb","itemListElement":[{"@type":"ListItem","position":1,"name":"Home","item":"https:\/\/repatransportbanden.nl\/de\/"},{"@type":"ListItem","position":2,"name":"Kunststoff-F\u00f6rderb\u00e4nder","item":"https:\/\/repatransportbanden.tempurl.host\/de\/kunststof\/"},{"@type":"ListItem","position":3,"name":"Dachb\u00e4nder und Schwammgummib\u00e4nder"}]},{"@type":"WebSite","@id":"https:\/\/repatransportbanden.tempurl.host\/#website","url":"https:\/\/repatransportbanden.tempurl.host\/","name":"repatransportbanden.nl","description":"","potentialAction":[{"@type":"SearchAction","target":{"@type":"EntryPoint","urlTemplate":"https:\/\/repatransportbanden.tempurl.host\/?s={search_term_string}"},"query-input":{"@type":"PropertyValueSpecification","valueRequired":true,"valueName":"search_term_string"}}],"inLanguage":"de"}]}},"_links":{"self":[{"href":"https:\/\/repatransportbanden.nl\/de\/wp-json\/wp\/v2\/pages\/3520","targetHints":{"allow":["GET"]}}],"collection":[{"href":"https:\/\/repatransportbanden.nl\/de\/wp-json\/wp\/v2\/pages"}],"about":[{"href":"https:\/\/repatransportbanden.nl\/de\/wp-json\/wp\/v2\/types\/page"}],"author":[{"embeddable":true,"href":"https:\/\/repatransportbanden.nl\/de\/wp-json\/wp\/v2\/users\/2"}],"replies":[{"embeddable":true,"href":"https:\/\/repatransportbanden.nl\/de\/wp-json\/wp\/v2\/comments?post=3520"}],"version-history":[{"count":3,"href":"https:\/\/repatransportbanden.nl\/de\/wp-json\/wp\/v2\/pages\/3520\/revisions"}],"predecessor-version":[{"id":4257,"href":"https:\/\/repatransportbanden.nl\/de\/wp-json\/wp\/v2\/pages\/3520\/revisions\/4257"}],"up":[{"embeddable":true,"href":"https:\/\/repatransportbanden.nl\/de\/wp-json\/wp\/v2\/pages\/3505"}],"wp:featuredmedia":[{"embeddable":true,"href":"https:\/\/repatransportbanden.nl\/de\/wp-json\/wp\/v2\/media\/5054"}],"wp:attachment":[{"href":"https:\/\/repatransportbanden.nl\/de\/wp-json\/wp\/v2\/media?parent=3520"}],"curies":[{"name":"wp","href":"https:\/\/api.w.org\/{rel}","templated":true}]}}