{"id":3514,"date":"2022-01-07T06:42:34","date_gmt":"2022-01-07T05:42:34","guid":{"rendered":"https:\/\/repatransportbanden.nl\/kunststof\/bochtbanden\/"},"modified":"2022-01-17T08:00:10","modified_gmt":"2022-01-17T07:00:10","slug":"bochtbanden","status":"publish","type":"page","link":"https:\/\/repatransportbanden.nl\/de\/kunststof\/bochtbanden\/","title":{"rendered":"Kurvenb\u00e4nder"},"content":{"rendered":"\n<p>Kurvenb\u00e4nder werden h\u00e4ufig in Distributionszentren und Flugh\u00e4fen, aber auch in verschiedenen B\u00e4ckereien und anderen lebensmittelverarbeitenden Betrieben eingesetzt. Die B\u00e4nder werden von REPA in eigener Fabrik in PVC und PU produziert. Selbstverst\u00e4ndlich sind mehrere Farben und verschiedene Profile erh\u00e4ltlich, je nach den zu bef\u00f6rdernden Produkten und den Umgebungsverh\u00e4ltnissen.<\/p>\n\n\n\n<p>Es werden verschiedene Arten von Kurvenb\u00e4ndern angeboten: mit Lauflagern, mit Ketten und mit Laufkanten. In den B\u00e4ckereien werden manchmal auch Kurvenb\u00e4nder mit Gummib\u00e4ndern verwendet. Aber die gr\u00f6\u00dferen OEM-Unternehmen verwenden fast immer Kurvenb\u00e4nder mit Laufkanten. Sie sind in verschiedenen Typen und Abmessungen lieferbar und REPA hat ca. 150 einsatzbereite Kurvenb\u00e4nder auf Lager. Unsere Servicetechniker k\u00f6nnen die B\u00e4nder sofort liefern (24\/7) und montieren. Und das bedeutet, dass Verz\u00f6gerungen bei St\u00f6rungen auf ein Minimum reduziert werden. Um Zwischenf\u00e4llen vorzubeugen, f\u00fchrt REPA auch Kontrollen bei ihren Kunden aus. Zur Instandhaltung des Kurvenbands ist es wesentlich, dass die Lauflager richtig eingestellt sind. Auch die Spannung im Band und auf den Lauflagern ist ein wichtiger Faktor, der die Lebensdauer des Bands beeinflusst. Die Servicetechniker von REPA haben die entsprechende Ausbildung, um daf\u00fcr zu sorgen, dass diese Teile perfekt in Ordnung sind.<\/p>\n","protected":false},"excerpt":{"rendered":"<p>Kurvenb\u00e4nder werden h\u00e4ufig in Distributionszentren und Flugh\u00e4fen, aber auch in verschiedenen B\u00e4ckereien und anderen lebensmittelverarbeitenden Betrieben eingesetzt. Die B\u00e4nder werden von REPA in eigener Fabrik in PVC und PU produziert. Selbstverst\u00e4ndlich sind mehrere Farben und verschiedene Profile erh\u00e4ltlich, je nach den zu bef\u00f6rdernden Produkten und den Umgebungsverh\u00e4ltnissen. Es werden verschiedene Arten von Kurvenb\u00e4ndern angeboten: mit&hellip; <a class=\"more-link\" href=\"https:\/\/repatransportbanden.nl\/de\/kunststof\/bochtbanden\/\">Continue reading <span class=\"screen-reader-text\">Kurvenb\u00e4nder<\/span><\/a><\/p>\n","protected":false},"author":2,"featured_media":5047,"parent":3505,"menu_order":0,"comment_status":"closed","ping_status":"closed","template":"templates\/template-service.php","meta":{"_acf_changed":false,"footnotes":""},"class_list":["post-3514","page","type-page","status-publish","has-post-thumbnail","hentry","entry"],"acf":[],"yoast_head":"<!-- This site is optimized with the Yoast SEO plugin v27.3 - https:\/\/yoast.com\/product\/yoast-seo-wordpress\/ -->\n<title>Kurvenb\u00e4nder - repatransportbanden.nl<\/title>\n<meta name=\"robots\" content=\"index, follow, max-snippet:-1, max-image-preview:large, max-video-preview:-1\" \/>\n<link rel=\"canonical\" href=\"https:\/\/repatransportbanden.nl\/de\/kunststof\/bochtbanden\/\" \/>\n<meta property=\"og:locale\" content=\"de_DE\" \/>\n<meta property=\"og:type\" content=\"article\" \/>\n<meta property=\"og:title\" content=\"Kurvenb\u00e4nder - repatransportbanden.nl\" \/>\n<meta property=\"og:description\" content=\"Kurvenb\u00e4nder werden h\u00e4ufig in Distributionszentren und Flugh\u00e4fen, aber auch in verschiedenen B\u00e4ckereien und anderen lebensmittelverarbeitenden Betrieben eingesetzt. Die B\u00e4nder werden von REPA in eigener Fabrik in PVC und PU produziert. Selbstverst\u00e4ndlich sind mehrere Farben und verschiedene Profile erh\u00e4ltlich, je nach den zu bef\u00f6rdernden Produkten und den Umgebungsverh\u00e4ltnissen. Es werden verschiedene Arten von Kurvenb\u00e4ndern angeboten: mit&hellip; Continue reading Kurvenb\u00e4nder\" \/>\n<meta property=\"og:url\" content=\"https:\/\/repatransportbanden.nl\/de\/kunststof\/bochtbanden\/\" \/>\n<meta property=\"og:site_name\" content=\"repatransportbanden.nl\" \/>\n<meta property=\"article:modified_time\" content=\"2022-01-17T07:00:10+00:00\" \/>\n<meta property=\"og:image\" content=\"https:\/\/repatransportbanden.tempurl.host\/wp-content\/uploads\/2021\/12\/transportbandensmallimg6.jpg\" \/>\n\t<meta property=\"og:image:width\" content=\"331\" \/>\n\t<meta property=\"og:image:height\" content=\"331\" \/>\n\t<meta property=\"og:image:type\" content=\"image\/jpeg\" \/>\n<meta name=\"twitter:card\" content=\"summary_large_image\" \/>\n<meta name=\"twitter:label1\" content=\"Gesch\u00e4tzte Lesezeit\" \/>\n\t<meta name=\"twitter:data1\" content=\"1\u00a0Minute\" \/>\n<script type=\"application\/ld+json\" class=\"yoast-schema-graph\">{\"@context\":\"https:\\\/\\\/schema.org\",\"@graph\":[{\"@type\":\"WebPage\",\"@id\":\"https:\\\/\\\/repatransportbanden.nl\\\/de\\\/kunststof\\\/bochtbanden\\\/\",\"url\":\"https:\\\/\\\/repatransportbanden.nl\\\/de\\\/kunststof\\\/bochtbanden\\\/\",\"name\":\"Kurvenb\u00e4nder - repatransportbanden.nl\",\"isPartOf\":{\"@id\":\"https:\\\/\\\/repatransportbanden.tempurl.host\\\/#website\"},\"primaryImageOfPage\":{\"@id\":\"https:\\\/\\\/repatransportbanden.nl\\\/de\\\/kunststof\\\/bochtbanden\\\/#primaryimage\"},\"image\":{\"@id\":\"https:\\\/\\\/repatransportbanden.nl\\\/de\\\/kunststof\\\/bochtbanden\\\/#primaryimage\"},\"thumbnailUrl\":\"https:\\\/\\\/repatransportbanden.nl\\\/wp-content\\\/uploads\\\/2022\\\/02\\\/bocht.png\",\"datePublished\":\"2022-01-07T05:42:34+00:00\",\"dateModified\":\"2022-01-17T07:00:10+00:00\",\"breadcrumb\":{\"@id\":\"https:\\\/\\\/repatransportbanden.nl\\\/de\\\/kunststof\\\/bochtbanden\\\/#breadcrumb\"},\"inLanguage\":\"de\",\"potentialAction\":[{\"@type\":\"ReadAction\",\"target\":[\"https:\\\/\\\/repatransportbanden.nl\\\/de\\\/kunststof\\\/bochtbanden\\\/\"]}]},{\"@type\":\"ImageObject\",\"inLanguage\":\"de\",\"@id\":\"https:\\\/\\\/repatransportbanden.nl\\\/de\\\/kunststof\\\/bochtbanden\\\/#primaryimage\",\"url\":\"https:\\\/\\\/repatransportbanden.nl\\\/wp-content\\\/uploads\\\/2022\\\/02\\\/bocht.png\",\"contentUrl\":\"https:\\\/\\\/repatransportbanden.nl\\\/wp-content\\\/uploads\\\/2022\\\/02\\\/bocht.png\",\"width\":331,\"height\":331},{\"@type\":\"BreadcrumbList\",\"@id\":\"https:\\\/\\\/repatransportbanden.nl\\\/de\\\/kunststof\\\/bochtbanden\\\/#breadcrumb\",\"itemListElement\":[{\"@type\":\"ListItem\",\"position\":1,\"name\":\"Home\",\"item\":\"https:\\\/\\\/repatransportbanden.nl\\\/de\\\/\"},{\"@type\":\"ListItem\",\"position\":2,\"name\":\"Kunststoff-F\u00f6rderb\u00e4nder\",\"item\":\"https:\\\/\\\/repatransportbanden.tempurl.host\\\/de\\\/kunststof\\\/\"},{\"@type\":\"ListItem\",\"position\":3,\"name\":\"Kurvenb\u00e4nder\"}]},{\"@type\":\"WebSite\",\"@id\":\"https:\\\/\\\/repatransportbanden.tempurl.host\\\/#website\",\"url\":\"https:\\\/\\\/repatransportbanden.tempurl.host\\\/\",\"name\":\"repatransportbanden.nl\",\"description\":\"\",\"potentialAction\":[{\"@type\":\"SearchAction\",\"target\":{\"@type\":\"EntryPoint\",\"urlTemplate\":\"https:\\\/\\\/repatransportbanden.tempurl.host\\\/?s={search_term_string}\"},\"query-input\":{\"@type\":\"PropertyValueSpecification\",\"valueRequired\":true,\"valueName\":\"search_term_string\"}}],\"inLanguage\":\"de\"}]}<\/script>\n<!-- \/ Yoast SEO plugin. -->","yoast_head_json":{"title":"Kurvenb\u00e4nder - repatransportbanden.nl","robots":{"index":"index","follow":"follow","max-snippet":"max-snippet:-1","max-image-preview":"max-image-preview:large","max-video-preview":"max-video-preview:-1"},"canonical":"https:\/\/repatransportbanden.nl\/de\/kunststof\/bochtbanden\/","og_locale":"de_DE","og_type":"article","og_title":"Kurvenb\u00e4nder - repatransportbanden.nl","og_description":"Kurvenb\u00e4nder werden h\u00e4ufig in Distributionszentren und Flugh\u00e4fen, aber auch in verschiedenen B\u00e4ckereien und anderen lebensmittelverarbeitenden Betrieben eingesetzt. Die B\u00e4nder werden von REPA in eigener Fabrik in PVC und PU produziert. Selbstverst\u00e4ndlich sind mehrere Farben und verschiedene Profile erh\u00e4ltlich, je nach den zu bef\u00f6rdernden Produkten und den Umgebungsverh\u00e4ltnissen. Es werden verschiedene Arten von Kurvenb\u00e4ndern angeboten: mit&hellip; Continue reading Kurvenb\u00e4nder","og_url":"https:\/\/repatransportbanden.nl\/de\/kunststof\/bochtbanden\/","og_site_name":"repatransportbanden.nl","article_modified_time":"2022-01-17T07:00:10+00:00","og_image":[{"width":331,"height":331,"url":"https:\/\/repatransportbanden.tempurl.host\/wp-content\/uploads\/2021\/12\/transportbandensmallimg6.jpg","type":"image\/jpeg"}],"twitter_card":"summary_large_image","twitter_misc":{"Gesch\u00e4tzte Lesezeit":"1\u00a0Minute"},"schema":{"@context":"https:\/\/schema.org","@graph":[{"@type":"WebPage","@id":"https:\/\/repatransportbanden.nl\/de\/kunststof\/bochtbanden\/","url":"https:\/\/repatransportbanden.nl\/de\/kunststof\/bochtbanden\/","name":"Kurvenb\u00e4nder - repatransportbanden.nl","isPartOf":{"@id":"https:\/\/repatransportbanden.tempurl.host\/#website"},"primaryImageOfPage":{"@id":"https:\/\/repatransportbanden.nl\/de\/kunststof\/bochtbanden\/#primaryimage"},"image":{"@id":"https:\/\/repatransportbanden.nl\/de\/kunststof\/bochtbanden\/#primaryimage"},"thumbnailUrl":"https:\/\/repatransportbanden.nl\/wp-content\/uploads\/2022\/02\/bocht.png","datePublished":"2022-01-07T05:42:34+00:00","dateModified":"2022-01-17T07:00:10+00:00","breadcrumb":{"@id":"https:\/\/repatransportbanden.nl\/de\/kunststof\/bochtbanden\/#breadcrumb"},"inLanguage":"de","potentialAction":[{"@type":"ReadAction","target":["https:\/\/repatransportbanden.nl\/de\/kunststof\/bochtbanden\/"]}]},{"@type":"ImageObject","inLanguage":"de","@id":"https:\/\/repatransportbanden.nl\/de\/kunststof\/bochtbanden\/#primaryimage","url":"https:\/\/repatransportbanden.nl\/wp-content\/uploads\/2022\/02\/bocht.png","contentUrl":"https:\/\/repatransportbanden.nl\/wp-content\/uploads\/2022\/02\/bocht.png","width":331,"height":331},{"@type":"BreadcrumbList","@id":"https:\/\/repatransportbanden.nl\/de\/kunststof\/bochtbanden\/#breadcrumb","itemListElement":[{"@type":"ListItem","position":1,"name":"Home","item":"https:\/\/repatransportbanden.nl\/de\/"},{"@type":"ListItem","position":2,"name":"Kunststoff-F\u00f6rderb\u00e4nder","item":"https:\/\/repatransportbanden.tempurl.host\/de\/kunststof\/"},{"@type":"ListItem","position":3,"name":"Kurvenb\u00e4nder"}]},{"@type":"WebSite","@id":"https:\/\/repatransportbanden.tempurl.host\/#website","url":"https:\/\/repatransportbanden.tempurl.host\/","name":"repatransportbanden.nl","description":"","potentialAction":[{"@type":"SearchAction","target":{"@type":"EntryPoint","urlTemplate":"https:\/\/repatransportbanden.tempurl.host\/?s={search_term_string}"},"query-input":{"@type":"PropertyValueSpecification","valueRequired":true,"valueName":"search_term_string"}}],"inLanguage":"de"}]}},"_links":{"self":[{"href":"https:\/\/repatransportbanden.nl\/de\/wp-json\/wp\/v2\/pages\/3514","targetHints":{"allow":["GET"]}}],"collection":[{"href":"https:\/\/repatransportbanden.nl\/de\/wp-json\/wp\/v2\/pages"}],"about":[{"href":"https:\/\/repatransportbanden.nl\/de\/wp-json\/wp\/v2\/types\/page"}],"author":[{"embeddable":true,"href":"https:\/\/repatransportbanden.nl\/de\/wp-json\/wp\/v2\/users\/2"}],"replies":[{"embeddable":true,"href":"https:\/\/repatransportbanden.nl\/de\/wp-json\/wp\/v2\/comments?post=3514"}],"version-history":[{"count":3,"href":"https:\/\/repatransportbanden.nl\/de\/wp-json\/wp\/v2\/pages\/3514\/revisions"}],"predecessor-version":[{"id":4254,"href":"https:\/\/repatransportbanden.nl\/de\/wp-json\/wp\/v2\/pages\/3514\/revisions\/4254"}],"up":[{"embeddable":true,"href":"https:\/\/repatransportbanden.nl\/de\/wp-json\/wp\/v2\/pages\/3505"}],"wp:featuredmedia":[{"embeddable":true,"href":"https:\/\/repatransportbanden.nl\/de\/wp-json\/wp\/v2\/media\/5047"}],"wp:attachment":[{"href":"https:\/\/repatransportbanden.nl\/de\/wp-json\/wp\/v2\/media?parent=3514"}],"curies":[{"name":"wp","href":"https:\/\/api.w.org\/{rel}","templated":true}]}}