{"id":3508,"date":"2022-01-07T06:41:38","date_gmt":"2022-01-07T05:41:38","guid":{"rendered":"https:\/\/repatransportbanden.nl\/kunststof\/banden-met-weefselversterkte-meenemers\/"},"modified":"2025-06-23T12:59:11","modified_gmt":"2025-06-23T10:59:11","slug":"banden-met-weefselversterkte-meenemers","status":"publish","type":"page","link":"https:\/\/repatransportbanden.nl\/de\/kunststof\/banden-met-weefselversterkte-meenemers\/","title":{"rendered":"B\u00e4nder mit durchgehenden PVC-Mitnehmern, unter anderem f\u00fcr die Agrarindustrie"},"content":{"rendered":"\n<p>Auf dem Gebiet von Ma\u00dfarbeit gibt es zahlreiche M\u00f6glichkeiten. REPA produziert t\u00e4glich F\u00fchrungsriemen, Mitnehmerstollen, Wellenkanten und Kantenleisten in verschiedenen H\u00f6hen und Farben. F\u00fcr Anwendungen mit h\u00f6herer Belastung verwenden wir haupts\u00e4chlich gewebeverst\u00e4rkte Mitnehmerstollen, die wir auch selbst herstellen. Diese k\u00f6nnen wir in verschiedenen H\u00f6hen produzieren und f\u00fcr die Bef\u00f6rderung von gro\u00dfen Mengen an Sch\u00fcttgutprodukten, die in einem bestimmten Winkel transportiert werden m\u00fcssen, k\u00f6nnen wir die Mitnehmerstollen auch mit Knick liefern. F\u00fcr die Lebensmittelindustrie verwenden wir meist blaue oder wei\u00dfe Mitnehmerstollen. Diese sind \u00f6l- und fettbest\u00e4ndig und entsprechen den EU\/FDA-Anforderungen.<\/p>\n","protected":false},"excerpt":{"rendered":"<p>Auf dem Gebiet von Ma\u00dfarbeit gibt es zahlreiche M\u00f6glichkeiten. REPA produziert t\u00e4glich F\u00fchrungsriemen, Mitnehmerstollen, Wellenkanten und Kantenleisten in verschiedenen H\u00f6hen und Farben. F\u00fcr Anwendungen mit h\u00f6herer Belastung verwenden wir haupts\u00e4chlich gewebeverst\u00e4rkte Mitnehmerstollen, die wir auch selbst herstellen. Diese k\u00f6nnen wir in verschiedenen H\u00f6hen produzieren und f\u00fcr die Bef\u00f6rderung von gro\u00dfen Mengen an Sch\u00fcttgutprodukten, die in&hellip; <a class=\"more-link\" href=\"https:\/\/repatransportbanden.nl\/de\/kunststof\/banden-met-weefselversterkte-meenemers\/\">Continue reading <span class=\"screen-reader-text\">B\u00e4nder mit durchgehenden PVC-Mitnehmern, unter anderem f\u00fcr die Agrarindustrie<\/span><\/a><\/p>\n","protected":false},"author":2,"featured_media":5040,"parent":3505,"menu_order":0,"comment_status":"closed","ping_status":"closed","template":"templates\/template-service.php","meta":{"_acf_changed":false,"footnotes":""},"class_list":["post-3508","page","type-page","status-publish","has-post-thumbnail","hentry","entry"],"acf":[],"yoast_head":"<!-- This site is optimized with the Yoast SEO plugin v27.3 - https:\/\/yoast.com\/product\/yoast-seo-wordpress\/ -->\n<title>B\u00e4nder mit durchgehenden PVC-Mitnehmern, unter anderem f\u00fcr die Agrarindustrie - repatransportbanden.nl<\/title>\n<meta name=\"robots\" content=\"index, follow, max-snippet:-1, max-image-preview:large, max-video-preview:-1\" \/>\n<link rel=\"canonical\" href=\"https:\/\/repatransportbanden.nl\/de\/kunststof\/banden-met-weefselversterkte-meenemers\/\" \/>\n<meta property=\"og:locale\" content=\"de_DE\" \/>\n<meta property=\"og:type\" content=\"article\" \/>\n<meta property=\"og:title\" content=\"B\u00e4nder mit durchgehenden PVC-Mitnehmern, unter anderem f\u00fcr die Agrarindustrie - repatransportbanden.nl\" \/>\n<meta property=\"og:description\" content=\"Auf dem Gebiet von Ma\u00dfarbeit gibt es zahlreiche M\u00f6glichkeiten. REPA produziert t\u00e4glich F\u00fchrungsriemen, Mitnehmerstollen, Wellenkanten und Kantenleisten in verschiedenen H\u00f6hen und Farben. F\u00fcr Anwendungen mit h\u00f6herer Belastung verwenden wir haupts\u00e4chlich gewebeverst\u00e4rkte Mitnehmerstollen, die wir auch selbst herstellen. Diese k\u00f6nnen wir in verschiedenen H\u00f6hen produzieren und f\u00fcr die Bef\u00f6rderung von gro\u00dfen Mengen an Sch\u00fcttgutprodukten, die in&hellip; Continue reading B\u00e4nder mit durchgehenden PVC-Mitnehmern, unter anderem f\u00fcr die Agrarindustrie\" \/>\n<meta property=\"og:url\" content=\"https:\/\/repatransportbanden.nl\/de\/kunststof\/banden-met-weefselversterkte-meenemers\/\" \/>\n<meta property=\"og:site_name\" content=\"repatransportbanden.nl\" \/>\n<meta property=\"article:modified_time\" content=\"2025-06-23T10:59:11+00:00\" \/>\n<meta property=\"og:image\" content=\"https:\/\/repatransportbanden.nl\/wp-content\/uploads\/2022\/02\/Banden-met-weefselversterkte-meenemers.png\" \/>\n\t<meta property=\"og:image:width\" content=\"331\" \/>\n\t<meta property=\"og:image:height\" content=\"331\" \/>\n\t<meta property=\"og:image:type\" content=\"image\/png\" \/>\n<meta name=\"twitter:card\" content=\"summary_large_image\" \/>\n<meta name=\"twitter:label1\" content=\"Gesch\u00e4tzte Lesezeit\" \/>\n\t<meta name=\"twitter:data1\" content=\"1\u00a0Minute\" \/>\n<script type=\"application\/ld+json\" class=\"yoast-schema-graph\">{\"@context\":\"https:\\\/\\\/schema.org\",\"@graph\":[{\"@type\":\"WebPage\",\"@id\":\"https:\\\/\\\/repatransportbanden.nl\\\/de\\\/kunststof\\\/banden-met-weefselversterkte-meenemers\\\/\",\"url\":\"https:\\\/\\\/repatransportbanden.nl\\\/de\\\/kunststof\\\/banden-met-weefselversterkte-meenemers\\\/\",\"name\":\"B\u00e4nder mit durchgehenden PVC-Mitnehmern, unter anderem f\u00fcr die Agrarindustrie - repatransportbanden.nl\",\"isPartOf\":{\"@id\":\"https:\\\/\\\/repatransportbanden.tempurl.host\\\/#website\"},\"primaryImageOfPage\":{\"@id\":\"https:\\\/\\\/repatransportbanden.nl\\\/de\\\/kunststof\\\/banden-met-weefselversterkte-meenemers\\\/#primaryimage\"},\"image\":{\"@id\":\"https:\\\/\\\/repatransportbanden.nl\\\/de\\\/kunststof\\\/banden-met-weefselversterkte-meenemers\\\/#primaryimage\"},\"thumbnailUrl\":\"https:\\\/\\\/repatransportbanden.nl\\\/wp-content\\\/uploads\\\/2022\\\/02\\\/Banden-met-weefselversterkte-meenemers.png\",\"datePublished\":\"2022-01-07T05:41:38+00:00\",\"dateModified\":\"2025-06-23T10:59:11+00:00\",\"breadcrumb\":{\"@id\":\"https:\\\/\\\/repatransportbanden.nl\\\/de\\\/kunststof\\\/banden-met-weefselversterkte-meenemers\\\/#breadcrumb\"},\"inLanguage\":\"de\",\"potentialAction\":[{\"@type\":\"ReadAction\",\"target\":[\"https:\\\/\\\/repatransportbanden.nl\\\/de\\\/kunststof\\\/banden-met-weefselversterkte-meenemers\\\/\"]}]},{\"@type\":\"ImageObject\",\"inLanguage\":\"de\",\"@id\":\"https:\\\/\\\/repatransportbanden.nl\\\/de\\\/kunststof\\\/banden-met-weefselversterkte-meenemers\\\/#primaryimage\",\"url\":\"https:\\\/\\\/repatransportbanden.nl\\\/wp-content\\\/uploads\\\/2022\\\/02\\\/Banden-met-weefselversterkte-meenemers.png\",\"contentUrl\":\"https:\\\/\\\/repatransportbanden.nl\\\/wp-content\\\/uploads\\\/2022\\\/02\\\/Banden-met-weefselversterkte-meenemers.png\",\"width\":331,\"height\":331},{\"@type\":\"BreadcrumbList\",\"@id\":\"https:\\\/\\\/repatransportbanden.nl\\\/de\\\/kunststof\\\/banden-met-weefselversterkte-meenemers\\\/#breadcrumb\",\"itemListElement\":[{\"@type\":\"ListItem\",\"position\":1,\"name\":\"Home\",\"item\":\"https:\\\/\\\/repatransportbanden.nl\\\/de\\\/\"},{\"@type\":\"ListItem\",\"position\":2,\"name\":\"Kunststoff-F\u00f6rderb\u00e4nder\",\"item\":\"https:\\\/\\\/repatransportbanden.tempurl.host\\\/de\\\/kunststof\\\/\"},{\"@type\":\"ListItem\",\"position\":3,\"name\":\"B\u00e4nder mit durchgehenden PVC-Mitnehmern, unter anderem f\u00fcr die Agrarindustrie\"}]},{\"@type\":\"WebSite\",\"@id\":\"https:\\\/\\\/repatransportbanden.tempurl.host\\\/#website\",\"url\":\"https:\\\/\\\/repatransportbanden.tempurl.host\\\/\",\"name\":\"repatransportbanden.nl\",\"description\":\"\",\"potentialAction\":[{\"@type\":\"SearchAction\",\"target\":{\"@type\":\"EntryPoint\",\"urlTemplate\":\"https:\\\/\\\/repatransportbanden.tempurl.host\\\/?s={search_term_string}\"},\"query-input\":{\"@type\":\"PropertyValueSpecification\",\"valueRequired\":true,\"valueName\":\"search_term_string\"}}],\"inLanguage\":\"de\"}]}<\/script>\n<!-- \/ Yoast SEO plugin. -->","yoast_head_json":{"title":"B\u00e4nder mit durchgehenden PVC-Mitnehmern, unter anderem f\u00fcr die Agrarindustrie - repatransportbanden.nl","robots":{"index":"index","follow":"follow","max-snippet":"max-snippet:-1","max-image-preview":"max-image-preview:large","max-video-preview":"max-video-preview:-1"},"canonical":"https:\/\/repatransportbanden.nl\/de\/kunststof\/banden-met-weefselversterkte-meenemers\/","og_locale":"de_DE","og_type":"article","og_title":"B\u00e4nder mit durchgehenden PVC-Mitnehmern, unter anderem f\u00fcr die Agrarindustrie - repatransportbanden.nl","og_description":"Auf dem Gebiet von Ma\u00dfarbeit gibt es zahlreiche M\u00f6glichkeiten. REPA produziert t\u00e4glich F\u00fchrungsriemen, Mitnehmerstollen, Wellenkanten und Kantenleisten in verschiedenen H\u00f6hen und Farben. F\u00fcr Anwendungen mit h\u00f6herer Belastung verwenden wir haupts\u00e4chlich gewebeverst\u00e4rkte Mitnehmerstollen, die wir auch selbst herstellen. Diese k\u00f6nnen wir in verschiedenen H\u00f6hen produzieren und f\u00fcr die Bef\u00f6rderung von gro\u00dfen Mengen an Sch\u00fcttgutprodukten, die in&hellip; Continue reading B\u00e4nder mit durchgehenden PVC-Mitnehmern, unter anderem f\u00fcr die Agrarindustrie","og_url":"https:\/\/repatransportbanden.nl\/de\/kunststof\/banden-met-weefselversterkte-meenemers\/","og_site_name":"repatransportbanden.nl","article_modified_time":"2025-06-23T10:59:11+00:00","og_image":[{"width":331,"height":331,"url":"https:\/\/repatransportbanden.nl\/wp-content\/uploads\/2022\/02\/Banden-met-weefselversterkte-meenemers.png","type":"image\/png"}],"twitter_card":"summary_large_image","twitter_misc":{"Gesch\u00e4tzte Lesezeit":"1\u00a0Minute"},"schema":{"@context":"https:\/\/schema.org","@graph":[{"@type":"WebPage","@id":"https:\/\/repatransportbanden.nl\/de\/kunststof\/banden-met-weefselversterkte-meenemers\/","url":"https:\/\/repatransportbanden.nl\/de\/kunststof\/banden-met-weefselversterkte-meenemers\/","name":"B\u00e4nder mit durchgehenden PVC-Mitnehmern, unter anderem f\u00fcr die Agrarindustrie - repatransportbanden.nl","isPartOf":{"@id":"https:\/\/repatransportbanden.tempurl.host\/#website"},"primaryImageOfPage":{"@id":"https:\/\/repatransportbanden.nl\/de\/kunststof\/banden-met-weefselversterkte-meenemers\/#primaryimage"},"image":{"@id":"https:\/\/repatransportbanden.nl\/de\/kunststof\/banden-met-weefselversterkte-meenemers\/#primaryimage"},"thumbnailUrl":"https:\/\/repatransportbanden.nl\/wp-content\/uploads\/2022\/02\/Banden-met-weefselversterkte-meenemers.png","datePublished":"2022-01-07T05:41:38+00:00","dateModified":"2025-06-23T10:59:11+00:00","breadcrumb":{"@id":"https:\/\/repatransportbanden.nl\/de\/kunststof\/banden-met-weefselversterkte-meenemers\/#breadcrumb"},"inLanguage":"de","potentialAction":[{"@type":"ReadAction","target":["https:\/\/repatransportbanden.nl\/de\/kunststof\/banden-met-weefselversterkte-meenemers\/"]}]},{"@type":"ImageObject","inLanguage":"de","@id":"https:\/\/repatransportbanden.nl\/de\/kunststof\/banden-met-weefselversterkte-meenemers\/#primaryimage","url":"https:\/\/repatransportbanden.nl\/wp-content\/uploads\/2022\/02\/Banden-met-weefselversterkte-meenemers.png","contentUrl":"https:\/\/repatransportbanden.nl\/wp-content\/uploads\/2022\/02\/Banden-met-weefselversterkte-meenemers.png","width":331,"height":331},{"@type":"BreadcrumbList","@id":"https:\/\/repatransportbanden.nl\/de\/kunststof\/banden-met-weefselversterkte-meenemers\/#breadcrumb","itemListElement":[{"@type":"ListItem","position":1,"name":"Home","item":"https:\/\/repatransportbanden.nl\/de\/"},{"@type":"ListItem","position":2,"name":"Kunststoff-F\u00f6rderb\u00e4nder","item":"https:\/\/repatransportbanden.tempurl.host\/de\/kunststof\/"},{"@type":"ListItem","position":3,"name":"B\u00e4nder mit durchgehenden PVC-Mitnehmern, unter anderem f\u00fcr die Agrarindustrie"}]},{"@type":"WebSite","@id":"https:\/\/repatransportbanden.tempurl.host\/#website","url":"https:\/\/repatransportbanden.tempurl.host\/","name":"repatransportbanden.nl","description":"","potentialAction":[{"@type":"SearchAction","target":{"@type":"EntryPoint","urlTemplate":"https:\/\/repatransportbanden.tempurl.host\/?s={search_term_string}"},"query-input":{"@type":"PropertyValueSpecification","valueRequired":true,"valueName":"search_term_string"}}],"inLanguage":"de"}]}},"_links":{"self":[{"href":"https:\/\/repatransportbanden.nl\/de\/wp-json\/wp\/v2\/pages\/3508","targetHints":{"allow":["GET"]}}],"collection":[{"href":"https:\/\/repatransportbanden.nl\/de\/wp-json\/wp\/v2\/pages"}],"about":[{"href":"https:\/\/repatransportbanden.nl\/de\/wp-json\/wp\/v2\/types\/page"}],"author":[{"embeddable":true,"href":"https:\/\/repatransportbanden.nl\/de\/wp-json\/wp\/v2\/users\/2"}],"replies":[{"embeddable":true,"href":"https:\/\/repatransportbanden.nl\/de\/wp-json\/wp\/v2\/comments?post=3508"}],"version-history":[{"count":5,"href":"https:\/\/repatransportbanden.nl\/de\/wp-json\/wp\/v2\/pages\/3508\/revisions"}],"predecessor-version":[{"id":15584,"href":"https:\/\/repatransportbanden.nl\/de\/wp-json\/wp\/v2\/pages\/3508\/revisions\/15584"}],"up":[{"embeddable":true,"href":"https:\/\/repatransportbanden.nl\/de\/wp-json\/wp\/v2\/pages\/3505"}],"wp:featuredmedia":[{"embeddable":true,"href":"https:\/\/repatransportbanden.nl\/de\/wp-json\/wp\/v2\/media\/5040"}],"wp:attachment":[{"href":"https:\/\/repatransportbanden.nl\/de\/wp-json\/wp\/v2\/media?parent=3508"}],"curies":[{"name":"wp","href":"https:\/\/api.w.org\/{rel}","templated":true}]}}