{"id":3499,"date":"2022-01-07T06:39:32","date_gmt":"2022-01-07T05:39:32","guid":{"rendered":"https:\/\/repatransportbanden.nl\/dockshelter\/"},"modified":"2022-01-17T06:44:45","modified_gmt":"2022-01-17T05:44:45","slug":"dockshelter","status":"publish","type":"page","link":"https:\/\/repatransportbanden.nl\/de\/dockshelter\/","title":{"rendered":"Torabdichtungen"},"content":{"rendered":"\n<p>Eine Torabdichtung ist die beste Abdichtung zwischen LKW und Laderampe. Zudem kann das betreffende Fahrzeug damit richtig und effizient f\u00fcr den Be- und Entladevorgang positioniert werden. Eine Torabdichtung spart aber auch Energie und h\u00e4lt Ihren Ladebereich sauber. Es ist nat\u00fcrlich wesentlich, dass die Qualit\u00e4t des Abdichtungsmaterials entsprechend gut ist. Bei REPA k\u00f6nnen Sie sich sicher sein, dass das f\u00fcr Ihre Torabdichtungen verwendete PVC- und Gummimaterial immer qualitativ hochwertig ist. Dadurch wird die effektive Lebensdauer der Torabdichtungen verl\u00e4ngert. &nbsp;&nbsp;&nbsp;<\/p>\n\n\n\n<p>REPA verf\u00fcgt \u00fcber Bekleidung f\u00fcr alle Arten von Torabdichtungen, wie mechanische Sch\u00fcrzen-, Planen- und Luftkissenabdichtungen. Wir k\u00f6nnen die Oberseite und die Seitenr\u00e4nder bekleiden und Sie k\u00f6nnen zwischen isolierter und nicht isolierter Torabdichtungsbekleidung w\u00e4hlen. &nbsp;<\/p>\n\n\n\n<p>REPA hat immer kilometerweise Torabdichtungsmaterial auf Lager und dadurch kurze Lieferzeiten.<\/p>\n","protected":false},"excerpt":{"rendered":"<p>Eine Torabdichtung ist die beste Abdichtung zwischen LKW und Laderampe. Zudem kann das betreffende Fahrzeug damit richtig und effizient f\u00fcr den Be- und Entladevorgang positioniert werden. Eine Torabdichtung spart aber auch Energie und h\u00e4lt Ihren Ladebereich sauber. Es ist nat\u00fcrlich wesentlich, dass die Qualit\u00e4t des Abdichtungsmaterials entsprechend gut ist. Bei REPA k\u00f6nnen Sie sich sicher&hellip; <a class=\"more-link\" href=\"https:\/\/repatransportbanden.nl\/de\/dockshelter\/\">Continue reading <span class=\"screen-reader-text\">Torabdichtungen<\/span><\/a><\/p>\n","protected":false},"author":2,"featured_media":0,"parent":0,"menu_order":0,"comment_status":"closed","ping_status":"closed","template":"templates\/template-service.php","meta":{"_acf_changed":false,"footnotes":""},"class_list":["post-3499","page","type-page","status-publish","hentry","entry"],"acf":[],"yoast_head":"<!-- This site is optimized with the Yoast SEO plugin v27.3 - https:\/\/yoast.com\/product\/yoast-seo-wordpress\/ -->\n<title>Torabdichtungen - repatransportbanden.nl<\/title>\n<meta name=\"robots\" content=\"index, follow, max-snippet:-1, max-image-preview:large, max-video-preview:-1\" \/>\n<link rel=\"canonical\" href=\"https:\/\/repatransportbanden.nl\/de\/dockshelter\/\" \/>\n<meta property=\"og:locale\" content=\"de_DE\" \/>\n<meta property=\"og:type\" content=\"article\" \/>\n<meta property=\"og:title\" content=\"Torabdichtungen - repatransportbanden.nl\" \/>\n<meta property=\"og:description\" content=\"Eine Torabdichtung ist die beste Abdichtung zwischen LKW und Laderampe. Zudem kann das betreffende Fahrzeug damit richtig und effizient f\u00fcr den Be- und Entladevorgang positioniert werden. Eine Torabdichtung spart aber auch Energie und h\u00e4lt Ihren Ladebereich sauber. Es ist nat\u00fcrlich wesentlich, dass die Qualit\u00e4t des Abdichtungsmaterials entsprechend gut ist. Bei REPA k\u00f6nnen Sie sich sicher&hellip; Continue reading Torabdichtungen\" \/>\n<meta property=\"og:url\" content=\"https:\/\/repatransportbanden.nl\/de\/dockshelter\/\" \/>\n<meta property=\"og:site_name\" content=\"repatransportbanden.nl\" \/>\n<meta property=\"article:modified_time\" content=\"2022-01-17T05:44:45+00:00\" \/>\n<meta name=\"twitter:card\" content=\"summary_large_image\" \/>\n<meta name=\"twitter:label1\" content=\"Gesch\u00e4tzte Lesezeit\" \/>\n\t<meta name=\"twitter:data1\" content=\"1\u00a0Minute\" \/>\n<script type=\"application\/ld+json\" class=\"yoast-schema-graph\">{\"@context\":\"https:\\\/\\\/schema.org\",\"@graph\":[{\"@type\":\"WebPage\",\"@id\":\"https:\\\/\\\/repatransportbanden.nl\\\/de\\\/dockshelter\\\/\",\"url\":\"https:\\\/\\\/repatransportbanden.nl\\\/de\\\/dockshelter\\\/\",\"name\":\"Torabdichtungen - repatransportbanden.nl\",\"isPartOf\":{\"@id\":\"https:\\\/\\\/repatransportbanden.tempurl.host\\\/#website\"},\"datePublished\":\"2022-01-07T05:39:32+00:00\",\"dateModified\":\"2022-01-17T05:44:45+00:00\",\"breadcrumb\":{\"@id\":\"https:\\\/\\\/repatransportbanden.nl\\\/de\\\/dockshelter\\\/#breadcrumb\"},\"inLanguage\":\"de\",\"potentialAction\":[{\"@type\":\"ReadAction\",\"target\":[\"https:\\\/\\\/repatransportbanden.nl\\\/de\\\/dockshelter\\\/\"]}]},{\"@type\":\"BreadcrumbList\",\"@id\":\"https:\\\/\\\/repatransportbanden.nl\\\/de\\\/dockshelter\\\/#breadcrumb\",\"itemListElement\":[{\"@type\":\"ListItem\",\"position\":1,\"name\":\"Home\",\"item\":\"https:\\\/\\\/repatransportbanden.nl\\\/de\\\/\"},{\"@type\":\"ListItem\",\"position\":2,\"name\":\"Torabdichtungen\"}]},{\"@type\":\"WebSite\",\"@id\":\"https:\\\/\\\/repatransportbanden.tempurl.host\\\/#website\",\"url\":\"https:\\\/\\\/repatransportbanden.tempurl.host\\\/\",\"name\":\"repatransportbanden.nl\",\"description\":\"\",\"potentialAction\":[{\"@type\":\"SearchAction\",\"target\":{\"@type\":\"EntryPoint\",\"urlTemplate\":\"https:\\\/\\\/repatransportbanden.tempurl.host\\\/?s={search_term_string}\"},\"query-input\":{\"@type\":\"PropertyValueSpecification\",\"valueRequired\":true,\"valueName\":\"search_term_string\"}}],\"inLanguage\":\"de\"}]}<\/script>\n<!-- \/ Yoast SEO plugin. -->","yoast_head_json":{"title":"Torabdichtungen - repatransportbanden.nl","robots":{"index":"index","follow":"follow","max-snippet":"max-snippet:-1","max-image-preview":"max-image-preview:large","max-video-preview":"max-video-preview:-1"},"canonical":"https:\/\/repatransportbanden.nl\/de\/dockshelter\/","og_locale":"de_DE","og_type":"article","og_title":"Torabdichtungen - repatransportbanden.nl","og_description":"Eine Torabdichtung ist die beste Abdichtung zwischen LKW und Laderampe. Zudem kann das betreffende Fahrzeug damit richtig und effizient f\u00fcr den Be- und Entladevorgang positioniert werden. Eine Torabdichtung spart aber auch Energie und h\u00e4lt Ihren Ladebereich sauber. Es ist nat\u00fcrlich wesentlich, dass die Qualit\u00e4t des Abdichtungsmaterials entsprechend gut ist. Bei REPA k\u00f6nnen Sie sich sicher&hellip; Continue reading Torabdichtungen","og_url":"https:\/\/repatransportbanden.nl\/de\/dockshelter\/","og_site_name":"repatransportbanden.nl","article_modified_time":"2022-01-17T05:44:45+00:00","twitter_card":"summary_large_image","twitter_misc":{"Gesch\u00e4tzte Lesezeit":"1\u00a0Minute"},"schema":{"@context":"https:\/\/schema.org","@graph":[{"@type":"WebPage","@id":"https:\/\/repatransportbanden.nl\/de\/dockshelter\/","url":"https:\/\/repatransportbanden.nl\/de\/dockshelter\/","name":"Torabdichtungen - repatransportbanden.nl","isPartOf":{"@id":"https:\/\/repatransportbanden.tempurl.host\/#website"},"datePublished":"2022-01-07T05:39:32+00:00","dateModified":"2022-01-17T05:44:45+00:00","breadcrumb":{"@id":"https:\/\/repatransportbanden.nl\/de\/dockshelter\/#breadcrumb"},"inLanguage":"de","potentialAction":[{"@type":"ReadAction","target":["https:\/\/repatransportbanden.nl\/de\/dockshelter\/"]}]},{"@type":"BreadcrumbList","@id":"https:\/\/repatransportbanden.nl\/de\/dockshelter\/#breadcrumb","itemListElement":[{"@type":"ListItem","position":1,"name":"Home","item":"https:\/\/repatransportbanden.nl\/de\/"},{"@type":"ListItem","position":2,"name":"Torabdichtungen"}]},{"@type":"WebSite","@id":"https:\/\/repatransportbanden.tempurl.host\/#website","url":"https:\/\/repatransportbanden.tempurl.host\/","name":"repatransportbanden.nl","description":"","potentialAction":[{"@type":"SearchAction","target":{"@type":"EntryPoint","urlTemplate":"https:\/\/repatransportbanden.tempurl.host\/?s={search_term_string}"},"query-input":{"@type":"PropertyValueSpecification","valueRequired":true,"valueName":"search_term_string"}}],"inLanguage":"de"}]}},"_links":{"self":[{"href":"https:\/\/repatransportbanden.nl\/de\/wp-json\/wp\/v2\/pages\/3499","targetHints":{"allow":["GET"]}}],"collection":[{"href":"https:\/\/repatransportbanden.nl\/de\/wp-json\/wp\/v2\/pages"}],"about":[{"href":"https:\/\/repatransportbanden.nl\/de\/wp-json\/wp\/v2\/types\/page"}],"author":[{"embeddable":true,"href":"https:\/\/repatransportbanden.nl\/de\/wp-json\/wp\/v2\/users\/2"}],"replies":[{"embeddable":true,"href":"https:\/\/repatransportbanden.nl\/de\/wp-json\/wp\/v2\/comments?post=3499"}],"version-history":[{"count":3,"href":"https:\/\/repatransportbanden.nl\/de\/wp-json\/wp\/v2\/pages\/3499\/revisions"}],"predecessor-version":[{"id":4230,"href":"https:\/\/repatransportbanden.nl\/de\/wp-json\/wp\/v2\/pages\/3499\/revisions\/4230"}],"wp:attachment":[{"href":"https:\/\/repatransportbanden.nl\/de\/wp-json\/wp\/v2\/media?parent=3499"}],"curies":[{"name":"wp","href":"https:\/\/api.w.org\/{rel}","templated":true}]}}