{"id":3479,"date":"2022-01-07T06:29:58","date_gmt":"2022-01-07T05:29:58","guid":{"rendered":"https:\/\/repatransportbanden.nl\/certificeringen\/"},"modified":"2023-09-02T15:18:21","modified_gmt":"2023-09-02T13:18:21","slug":"certificeringen","status":"publish","type":"page","link":"https:\/\/repatransportbanden.nl\/de\/certificeringen\/","title":{"rendered":"Zertifizierungen"},"content":{"rendered":"\n<p>Kwaliteit en veiligheid staan bij ons hoog in het vaandel. Om dit te waarborgen hechten wij veel waarde aan certificering. REPA beschikt sinds 1998 over de volgende certificaten:<\/p>\n\n\n\n<h2 class=\"wp-block-heading\"><strong>VCA<\/strong><\/h2>\n\n\n<div class=\"wp-block-image\">\n<figure class=\"alignright size-full\"><img loading=\"lazy\" decoding=\"async\" width=\"197\" height=\"198\" src=\"https:\/\/repatransportbanden.nl\/wp-content\/uploads\/2023\/09\/vca.jpg\" alt=\"\" class=\"wp-image-12589\" srcset=\"https:\/\/repatransportbanden.nl\/wp-content\/uploads\/2023\/09\/vca.jpg 197w, https:\/\/repatransportbanden.nl\/wp-content\/uploads\/2023\/09\/vca-150x150.jpg 150w\" sizes=\"auto, (max-width: 197px) 100vw, 197px\" \/><\/figure>\n<\/div>\n\n\n<p>Die VCA (niederl\u00e4ndisch: Veiligheid, Gezondheid en Milieu Checklist Aannemers, deutsch: Sicherheits-, Gesundheits- und Umweltcheckliste der Bauunternehmer) ist ein Programm, das sich auf die Steigerung der Sicherheit von Betriebsprozessen richtet.<\/p>\n\n\n\n<p>Ein VCA-Zertifikat beinhaltet, dass das betreffende Unternehmen sicher und gesund arbeitet und es ihm wichtig ist, das auch weiterhin zu tun.<\/p>\n\n\n\n<hr class=\"wp-block-separator has-css-opacity\"\/>\n\n\n\n<h2 class=\"wp-block-heading\">ISO 9001<\/h2>\n\n\n<div class=\"wp-block-image\">\n<figure class=\"alignleft size-full\"><img loading=\"lazy\" decoding=\"async\" width=\"197\" height=\"198\" src=\"https:\/\/repatransportbanden.nl\/wp-content\/uploads\/2023\/09\/iso9001.jpg\" alt=\"\" class=\"wp-image-12581\" srcset=\"https:\/\/repatransportbanden.nl\/wp-content\/uploads\/2023\/09\/iso9001.jpg 197w, https:\/\/repatransportbanden.nl\/wp-content\/uploads\/2023\/09\/iso9001-150x150.jpg 150w\" sizes=\"auto, (max-width: 197px) 100vw, 197px\" \/><\/figure>\n<\/div>\n\n\n<p>Die internationale ISO 9001-Norm richtet sich auf Qualit\u00e4tsmanagementsysteme und sieht die Kundenzufriedenheit als vorrangig. Dieser Norm zu gen\u00fcgen, bedeutet auch, dass kontinuierlich Verbesserungen angestrebt und durchgef\u00fchrt werden. ISO 9001 basiert auf sieben Qualit\u00e4tsmanagementprinzipien, darunter Kundenorientierung, Engagement, Prozessausrichtung und F\u00fchrung.<\/p>\n\n\n\n<hr class=\"wp-block-separator has-css-opacity\"\/>\n\n\n\n<h2 class=\"wp-block-heading\">REACH compliance<\/h2>\n\n\n<div class=\"wp-block-image\">\n<figure class=\"alignright size-full\"><img loading=\"lazy\" decoding=\"async\" width=\"130\" height=\"200\" src=\"https:\/\/repatransportbanden.nl\/wp-content\/uploads\/2021\/12\/reach.jpg\" alt=\"\" class=\"wp-image-2763\"\/><\/figure>\n<\/div>\n\n\n<p>REACH ist die Abk\u00fcrzung f\u00fcr die Registrierung, Bewertung, Zulassung und Beschr\u00e4nkung von Chemikalien (englisch: Registration, Evaluation, Authorization and Restriction of Chemicals). Diese europ\u00e4ische Verordnung verfolgt das Ziel, die \u00f6ffentliche Gesundheit und die Umwelt durch die schnellere und bessere Identifizierung der intrinsischen Eigenschaften von Chemikalien besser zu sch\u00fctzen.<\/p>\n\n\n\n<p>Gleichzeitig richtet sich REACH auf die Verbesserung der Innovations- und Konkurrenzf\u00e4higkeit der europ\u00e4ischen chemischen Industrie. REACH gilt f\u00fcr alle in der EU produzierten oder importierten Chemikalien oder chemischen Produkte.<\/p>\n\n\n\n<hr class=\"wp-block-separator has-css-opacity\"\/>\n\n\n\n<h2 class=\"wp-block-heading\">RoHS compliance<\/h2>\n\n\n<div class=\"wp-block-image\">\n<figure class=\"alignleft size-full\"><img loading=\"lazy\" decoding=\"async\" width=\"197\" height=\"198\" src=\"https:\/\/repatransportbanden.nl\/wp-content\/uploads\/2021\/12\/rohs.jpg\" alt=\"\" class=\"wp-image-2766\" srcset=\"https:\/\/repatransportbanden.nl\/wp-content\/uploads\/2021\/12\/rohs.jpg 197w, https:\/\/repatransportbanden.nl\/wp-content\/uploads\/2021\/12\/rohs-150x150.jpg 150w\" sizes=\"auto, (max-width: 197px) 100vw, 197px\" \/><\/figure>\n<\/div>\n\n\n<p>Die RoHS (englisch: Restriction of Hazardous Substances)-Richtlinie, die f\u00fcr jeden Mitgliedsstaat der EU gilt, soll die Verwendung bestimmter gef\u00e4hrlicher Stoffen in elektrischen und elektronischen Apparaten einschr\u00e4nken. Dabei handelt es sich besonders um die sechs folgende Stoffe: Quecksilber, Chrom, Blei, Cadmium, polybromierte Biphenyle und polybromierte Diphenylether.<\/p>\n\n\n\n<hr class=\"wp-block-separator has-css-opacity\"\/>\n\n\n\n<h2 class=\"wp-block-heading\">PAHS<\/h2>\n\n\n<div class=\"wp-block-image\">\n<figure class=\"alignright size-full\"><img loading=\"lazy\" decoding=\"async\" width=\"300\" height=\"200\" src=\"https:\/\/repatransportbanden.nl\/wp-content\/uploads\/2021\/12\/pahs-1.jpg\" alt=\"\" class=\"wp-image-2769\"\/><\/figure>\n<\/div>\n\n\n<p>PAHs (englisch: Polycyclic Aromatic Hydrocarbons, deutsch PAK: polyzyklische aromatische Kohlenwasserstoffe) sind krebserregend und allgemeinen gesundheitssch\u00e4dlich. Diese Stoffe finden sich in verschiedenen Materialien wie Holz, Lebensmitteln und Tabak. Industriezweige, die mit diesen Materialien arbeiten, m\u00fcssen alles daran tun, den Aussto\u00df von PAHs zu verhindern.<\/p>\n\n\n\n<p>Die PAHs-Verordnung sorgt daf\u00fcr, dass alle Produkte die gesetzlichen Anforderungen bez\u00fcglich dieser Schadstoffe erf\u00fcllen.<\/p>\n","protected":false},"excerpt":{"rendered":"<p>Kwaliteit en veiligheid staan bij ons hoog in het vaandel. Om dit te waarborgen hechten wij veel waarde aan certificering. REPA beschikt sinds 1998 over de volgende certificaten: VCA Die VCA (niederl\u00e4ndisch: Veiligheid, Gezondheid en Milieu Checklist Aannemers, deutsch: Sicherheits-, Gesundheits- und Umweltcheckliste der Bauunternehmer) ist ein Programm, das sich auf die Steigerung der Sicherheit&hellip; <a class=\"more-link\" href=\"https:\/\/repatransportbanden.nl\/de\/certificeringen\/\">Continue reading <span class=\"screen-reader-text\">Zertifizierungen<\/span><\/a><\/p>\n","protected":false},"author":2,"featured_media":0,"parent":0,"menu_order":0,"comment_status":"closed","ping_status":"closed","template":"","meta":{"_acf_changed":false,"footnotes":""},"class_list":["post-3479","page","type-page","status-publish","hentry","entry"],"acf":[],"yoast_head":"<!-- This site is optimized with the Yoast SEO plugin v27.3 - https:\/\/yoast.com\/product\/yoast-seo-wordpress\/ -->\n<title>Zertifizierungen - repatransportbanden.nl<\/title>\n<meta name=\"robots\" content=\"index, follow, max-snippet:-1, max-image-preview:large, max-video-preview:-1\" \/>\n<link rel=\"canonical\" href=\"https:\/\/repatransportbanden.nl\/de\/certificeringen\/\" \/>\n<meta property=\"og:locale\" content=\"de_DE\" \/>\n<meta property=\"og:type\" content=\"article\" \/>\n<meta property=\"og:title\" content=\"Zertifizierungen - repatransportbanden.nl\" \/>\n<meta property=\"og:description\" content=\"Kwaliteit en veiligheid staan bij ons hoog in het vaandel. Om dit te waarborgen hechten wij veel waarde aan certificering. REPA beschikt sinds 1998 over de volgende certificaten: VCA Die VCA (niederl\u00e4ndisch: Veiligheid, Gezondheid en Milieu Checklist Aannemers, deutsch: Sicherheits-, Gesundheits- und Umweltcheckliste der Bauunternehmer) ist ein Programm, das sich auf die Steigerung der Sicherheit&hellip; Continue reading Zertifizierungen\" \/>\n<meta property=\"og:url\" content=\"https:\/\/repatransportbanden.nl\/de\/certificeringen\/\" \/>\n<meta property=\"og:site_name\" content=\"repatransportbanden.nl\" \/>\n<meta property=\"article:modified_time\" content=\"2023-09-02T13:18:21+00:00\" \/>\n<meta property=\"og:image\" content=\"https:\/\/repatransportbanden.nl\/wp-content\/uploads\/2023\/09\/vca.jpg\" \/>\n<meta name=\"twitter:card\" content=\"summary_large_image\" \/>\n<meta name=\"twitter:label1\" content=\"Gesch\u00e4tzte Lesezeit\" \/>\n\t<meta name=\"twitter:data1\" content=\"3\u00a0Minuten\" \/>\n<script type=\"application\/ld+json\" class=\"yoast-schema-graph\">{\"@context\":\"https:\\\/\\\/schema.org\",\"@graph\":[{\"@type\":\"WebPage\",\"@id\":\"https:\\\/\\\/repatransportbanden.nl\\\/de\\\/certificeringen\\\/\",\"url\":\"https:\\\/\\\/repatransportbanden.nl\\\/de\\\/certificeringen\\\/\",\"name\":\"Zertifizierungen - repatransportbanden.nl\",\"isPartOf\":{\"@id\":\"https:\\\/\\\/repatransportbanden.tempurl.host\\\/#website\"},\"primaryImageOfPage\":{\"@id\":\"https:\\\/\\\/repatransportbanden.nl\\\/de\\\/certificeringen\\\/#primaryimage\"},\"image\":{\"@id\":\"https:\\\/\\\/repatransportbanden.nl\\\/de\\\/certificeringen\\\/#primaryimage\"},\"thumbnailUrl\":\"https:\\\/\\\/repatransportbanden.nl\\\/wp-content\\\/uploads\\\/2023\\\/09\\\/vca.jpg\",\"datePublished\":\"2022-01-07T05:29:58+00:00\",\"dateModified\":\"2023-09-02T13:18:21+00:00\",\"breadcrumb\":{\"@id\":\"https:\\\/\\\/repatransportbanden.nl\\\/de\\\/certificeringen\\\/#breadcrumb\"},\"inLanguage\":\"de\",\"potentialAction\":[{\"@type\":\"ReadAction\",\"target\":[\"https:\\\/\\\/repatransportbanden.nl\\\/de\\\/certificeringen\\\/\"]}]},{\"@type\":\"ImageObject\",\"inLanguage\":\"de\",\"@id\":\"https:\\\/\\\/repatransportbanden.nl\\\/de\\\/certificeringen\\\/#primaryimage\",\"url\":\"https:\\\/\\\/repatransportbanden.nl\\\/wp-content\\\/uploads\\\/2023\\\/09\\\/vca.jpg\",\"contentUrl\":\"https:\\\/\\\/repatransportbanden.nl\\\/wp-content\\\/uploads\\\/2023\\\/09\\\/vca.jpg\"},{\"@type\":\"BreadcrumbList\",\"@id\":\"https:\\\/\\\/repatransportbanden.nl\\\/de\\\/certificeringen\\\/#breadcrumb\",\"itemListElement\":[{\"@type\":\"ListItem\",\"position\":1,\"name\":\"Home\",\"item\":\"https:\\\/\\\/repatransportbanden.nl\\\/de\\\/\"},{\"@type\":\"ListItem\",\"position\":2,\"name\":\"Zertifizierungen\"}]},{\"@type\":\"WebSite\",\"@id\":\"https:\\\/\\\/repatransportbanden.tempurl.host\\\/#website\",\"url\":\"https:\\\/\\\/repatransportbanden.tempurl.host\\\/\",\"name\":\"repatransportbanden.nl\",\"description\":\"\",\"potentialAction\":[{\"@type\":\"SearchAction\",\"target\":{\"@type\":\"EntryPoint\",\"urlTemplate\":\"https:\\\/\\\/repatransportbanden.tempurl.host\\\/?s={search_term_string}\"},\"query-input\":{\"@type\":\"PropertyValueSpecification\",\"valueRequired\":true,\"valueName\":\"search_term_string\"}}],\"inLanguage\":\"de\"}]}<\/script>\n<!-- \/ Yoast SEO plugin. -->","yoast_head_json":{"title":"Zertifizierungen - repatransportbanden.nl","robots":{"index":"index","follow":"follow","max-snippet":"max-snippet:-1","max-image-preview":"max-image-preview:large","max-video-preview":"max-video-preview:-1"},"canonical":"https:\/\/repatransportbanden.nl\/de\/certificeringen\/","og_locale":"de_DE","og_type":"article","og_title":"Zertifizierungen - repatransportbanden.nl","og_description":"Kwaliteit en veiligheid staan bij ons hoog in het vaandel. Om dit te waarborgen hechten wij veel waarde aan certificering. REPA beschikt sinds 1998 over de volgende certificaten: VCA Die VCA (niederl\u00e4ndisch: Veiligheid, Gezondheid en Milieu Checklist Aannemers, deutsch: Sicherheits-, Gesundheits- und Umweltcheckliste der Bauunternehmer) ist ein Programm, das sich auf die Steigerung der Sicherheit&hellip; Continue reading Zertifizierungen","og_url":"https:\/\/repatransportbanden.nl\/de\/certificeringen\/","og_site_name":"repatransportbanden.nl","article_modified_time":"2023-09-02T13:18:21+00:00","og_image":[{"url":"https:\/\/repatransportbanden.nl\/wp-content\/uploads\/2023\/09\/vca.jpg","type":"","width":"","height":""}],"twitter_card":"summary_large_image","twitter_misc":{"Gesch\u00e4tzte Lesezeit":"3\u00a0Minuten"},"schema":{"@context":"https:\/\/schema.org","@graph":[{"@type":"WebPage","@id":"https:\/\/repatransportbanden.nl\/de\/certificeringen\/","url":"https:\/\/repatransportbanden.nl\/de\/certificeringen\/","name":"Zertifizierungen - repatransportbanden.nl","isPartOf":{"@id":"https:\/\/repatransportbanden.tempurl.host\/#website"},"primaryImageOfPage":{"@id":"https:\/\/repatransportbanden.nl\/de\/certificeringen\/#primaryimage"},"image":{"@id":"https:\/\/repatransportbanden.nl\/de\/certificeringen\/#primaryimage"},"thumbnailUrl":"https:\/\/repatransportbanden.nl\/wp-content\/uploads\/2023\/09\/vca.jpg","datePublished":"2022-01-07T05:29:58+00:00","dateModified":"2023-09-02T13:18:21+00:00","breadcrumb":{"@id":"https:\/\/repatransportbanden.nl\/de\/certificeringen\/#breadcrumb"},"inLanguage":"de","potentialAction":[{"@type":"ReadAction","target":["https:\/\/repatransportbanden.nl\/de\/certificeringen\/"]}]},{"@type":"ImageObject","inLanguage":"de","@id":"https:\/\/repatransportbanden.nl\/de\/certificeringen\/#primaryimage","url":"https:\/\/repatransportbanden.nl\/wp-content\/uploads\/2023\/09\/vca.jpg","contentUrl":"https:\/\/repatransportbanden.nl\/wp-content\/uploads\/2023\/09\/vca.jpg"},{"@type":"BreadcrumbList","@id":"https:\/\/repatransportbanden.nl\/de\/certificeringen\/#breadcrumb","itemListElement":[{"@type":"ListItem","position":1,"name":"Home","item":"https:\/\/repatransportbanden.nl\/de\/"},{"@type":"ListItem","position":2,"name":"Zertifizierungen"}]},{"@type":"WebSite","@id":"https:\/\/repatransportbanden.tempurl.host\/#website","url":"https:\/\/repatransportbanden.tempurl.host\/","name":"repatransportbanden.nl","description":"","potentialAction":[{"@type":"SearchAction","target":{"@type":"EntryPoint","urlTemplate":"https:\/\/repatransportbanden.tempurl.host\/?s={search_term_string}"},"query-input":{"@type":"PropertyValueSpecification","valueRequired":true,"valueName":"search_term_string"}}],"inLanguage":"de"}]}},"_links":{"self":[{"href":"https:\/\/repatransportbanden.nl\/de\/wp-json\/wp\/v2\/pages\/3479","targetHints":{"allow":["GET"]}}],"collection":[{"href":"https:\/\/repatransportbanden.nl\/de\/wp-json\/wp\/v2\/pages"}],"about":[{"href":"https:\/\/repatransportbanden.nl\/de\/wp-json\/wp\/v2\/types\/page"}],"author":[{"embeddable":true,"href":"https:\/\/repatransportbanden.nl\/de\/wp-json\/wp\/v2\/users\/2"}],"replies":[{"embeddable":true,"href":"https:\/\/repatransportbanden.nl\/de\/wp-json\/wp\/v2\/comments?post=3479"}],"version-history":[{"count":3,"href":"https:\/\/repatransportbanden.nl\/de\/wp-json\/wp\/v2\/pages\/3479\/revisions"}],"predecessor-version":[{"id":12597,"href":"https:\/\/repatransportbanden.nl\/de\/wp-json\/wp\/v2\/pages\/3479\/revisions\/12597"}],"wp:attachment":[{"href":"https:\/\/repatransportbanden.nl\/de\/wp-json\/wp\/v2\/media?parent=3479"}],"curies":[{"name":"wp","href":"https:\/\/api.w.org\/{rel}","templated":true}]}}