{"id":3439,"date":"2021-11-29T07:04:38","date_gmt":"2021-11-29T06:04:38","guid":{"rendered":"https:\/\/repatransportbanden.nl\/home\/"},"modified":"2025-06-16T10:48:06","modified_gmt":"2025-06-16T08:48:06","slug":"home","status":"publish","type":"page","link":"https:\/\/repatransportbanden.nl\/de\/","title":{"rendered":"Home"},"content":{"rendered":"\n<h1>\u00dcber <span>REPA<\/span> Transportbanden<\/h1>\n\n\n\n<p>REPA Transportbanden BV wurde 1993 in Akersloot (Niederlande) gegr\u00fcndet und hat seitdem ein explosives Wachstum erlebt. Die Firma hat sich dadurch etabliert, dass sie ihren Kunden 24 Stunden pro Tag und 7 Tage pro Woche zur Verf\u00fcgung steht. Kurz gesagt, bilden ausgezeichnete Qualit\u00e4t und schnelle Lieferzeit die Grundlage ihres Erfolgs. Und schon seit 1998 sind wir ISO-9001- und VCA-zertifiziert! REPA \u00fcbersiedelte 2020 nach Alkmaar und an diesem neuen Standort k\u00f6nnen wir wieder weiter wachsen. Der Betrieb in Alkmaar besitzt eine Gesamtfl\u00e4che von 40.000 m2. In allen Betriebshallen stehen die neuesten Maschinen f\u00fcr die Produktion von Kunststoff- und Gummif\u00f6rderb\u00e4nder.<\/p>\n\n\n\n<a href=\"https:\/\/repatransportbanden.nl\/de\/wie-zijn-wij\/\" class=\"redbtn\">Wer sind wir<\/a>\n","protected":false},"excerpt":{"rendered":"<p>\u00dcber REPA Transportbanden REPA Transportbanden BV wurde 1993 in Akersloot (Niederlande) gegr\u00fcndet und hat seitdem ein explosives Wachstum erlebt. Die Firma hat sich dadurch etabliert, dass sie ihren Kunden 24 Stunden pro Tag und 7 Tage pro Woche zur Verf\u00fcgung steht. Kurz gesagt, bilden ausgezeichnete Qualit\u00e4t und schnelle Lieferzeit die Grundlage ihres Erfolgs. Und schon&hellip; <a class=\"more-link\" href=\"https:\/\/repatransportbanden.nl\/de\/\">Continue reading <span class=\"screen-reader-text\">Home<\/span><\/a><\/p>\n","protected":false},"author":2,"featured_media":2148,"parent":0,"menu_order":0,"comment_status":"closed","ping_status":"closed","template":"templates\/template-home.php","meta":{"_acf_changed":false,"footnotes":""},"class_list":["post-3439","page","type-page","status-publish","has-post-thumbnail","hentry","entry"],"acf":[],"yoast_head":"<!-- This site is optimized with the Yoast SEO plugin v27.3 - https:\/\/yoast.com\/product\/yoast-seo-wordpress\/ -->\n<title>Home - repatransportbanden.nl<\/title>\n<meta name=\"robots\" content=\"index, follow, max-snippet:-1, max-image-preview:large, max-video-preview:-1\" \/>\n<link rel=\"canonical\" href=\"https:\/\/repatransportbanden.nl\/de\/\" \/>\n<meta property=\"og:locale\" content=\"de_DE\" \/>\n<meta property=\"og:type\" content=\"article\" \/>\n<meta property=\"og:title\" content=\"Home - repatransportbanden.nl\" \/>\n<meta property=\"og:description\" content=\"\u00dcber REPA Transportbanden REPA Transportbanden BV wurde 1993 in Akersloot (Niederlande) gegr\u00fcndet und hat seitdem ein explosives Wachstum erlebt. Die Firma hat sich dadurch etabliert, dass sie ihren Kunden 24 Stunden pro Tag und 7 Tage pro Woche zur Verf\u00fcgung steht. Kurz gesagt, bilden ausgezeichnete Qualit\u00e4t und schnelle Lieferzeit die Grundlage ihres Erfolgs. Und schon&hellip; Continue reading Home\" \/>\n<meta property=\"og:url\" content=\"https:\/\/repatransportbanden.nl\/de\/\" \/>\n<meta property=\"og:site_name\" content=\"repatransportbanden.nl\" \/>\n<meta property=\"article:modified_time\" content=\"2025-06-16T08:48:06+00:00\" \/>\n<meta property=\"og:image\" content=\"https:\/\/repatransportbanden.nl\/wp-content\/uploads\/2021\/11\/abtimg.jpg\" \/>\n\t<meta property=\"og:image:width\" content=\"543\" \/>\n\t<meta property=\"og:image:height\" content=\"543\" \/>\n\t<meta property=\"og:image:type\" content=\"image\/jpeg\" \/>\n<meta name=\"twitter:card\" content=\"summary_large_image\" \/>\n<meta name=\"twitter:label1\" content=\"Gesch\u00e4tzte Lesezeit\" \/>\n\t<meta name=\"twitter:data1\" content=\"1\u00a0Minute\" \/>\n<script type=\"application\/ld+json\" class=\"yoast-schema-graph\">{\"@context\":\"https:\\\/\\\/schema.org\",\"@graph\":[{\"@type\":\"WebPage\",\"@id\":\"https:\\\/\\\/repatransportbanden.nl\\\/de\\\/\",\"url\":\"https:\\\/\\\/repatransportbanden.nl\\\/de\\\/\",\"name\":\"Home - repatransportbanden.nl\",\"isPartOf\":{\"@id\":\"https:\\\/\\\/repatransportbanden.tempurl.host\\\/#website\"},\"primaryImageOfPage\":{\"@id\":\"https:\\\/\\\/repatransportbanden.nl\\\/de\\\/#primaryimage\"},\"image\":{\"@id\":\"https:\\\/\\\/repatransportbanden.nl\\\/de\\\/#primaryimage\"},\"thumbnailUrl\":\"https:\\\/\\\/repatransportbanden.nl\\\/wp-content\\\/uploads\\\/2021\\\/11\\\/abtimg.jpg\",\"datePublished\":\"2021-11-29T06:04:38+00:00\",\"dateModified\":\"2025-06-16T08:48:06+00:00\",\"breadcrumb\":{\"@id\":\"https:\\\/\\\/repatransportbanden.nl\\\/de\\\/#breadcrumb\"},\"inLanguage\":\"de\",\"potentialAction\":[{\"@type\":\"ReadAction\",\"target\":[\"https:\\\/\\\/repatransportbanden.nl\\\/de\\\/\"]}]},{\"@type\":\"ImageObject\",\"inLanguage\":\"de\",\"@id\":\"https:\\\/\\\/repatransportbanden.nl\\\/de\\\/#primaryimage\",\"url\":\"https:\\\/\\\/repatransportbanden.nl\\\/wp-content\\\/uploads\\\/2021\\\/11\\\/abtimg.jpg\",\"contentUrl\":\"https:\\\/\\\/repatransportbanden.nl\\\/wp-content\\\/uploads\\\/2021\\\/11\\\/abtimg.jpg\",\"width\":543,\"height\":543},{\"@type\":\"BreadcrumbList\",\"@id\":\"https:\\\/\\\/repatransportbanden.nl\\\/de\\\/#breadcrumb\",\"itemListElement\":[{\"@type\":\"ListItem\",\"position\":1,\"name\":\"Home\",\"item\":\"https:\\\/\\\/repatransportbanden.nl\\\/de\\\/\"},{\"@type\":\"ListItem\",\"position\":2,\"name\":\"Home\"}]},{\"@type\":\"WebSite\",\"@id\":\"https:\\\/\\\/repatransportbanden.tempurl.host\\\/#website\",\"url\":\"https:\\\/\\\/repatransportbanden.tempurl.host\\\/\",\"name\":\"repatransportbanden.nl\",\"description\":\"\",\"potentialAction\":[{\"@type\":\"SearchAction\",\"target\":{\"@type\":\"EntryPoint\",\"urlTemplate\":\"https:\\\/\\\/repatransportbanden.tempurl.host\\\/?s={search_term_string}\"},\"query-input\":{\"@type\":\"PropertyValueSpecification\",\"valueRequired\":true,\"valueName\":\"search_term_string\"}}],\"inLanguage\":\"de\"}]}<\/script>\n<!-- \/ Yoast SEO plugin. -->","yoast_head_json":{"title":"Home - repatransportbanden.nl","robots":{"index":"index","follow":"follow","max-snippet":"max-snippet:-1","max-image-preview":"max-image-preview:large","max-video-preview":"max-video-preview:-1"},"canonical":"https:\/\/repatransportbanden.nl\/de\/","og_locale":"de_DE","og_type":"article","og_title":"Home - repatransportbanden.nl","og_description":"\u00dcber REPA Transportbanden REPA Transportbanden BV wurde 1993 in Akersloot (Niederlande) gegr\u00fcndet und hat seitdem ein explosives Wachstum erlebt. Die Firma hat sich dadurch etabliert, dass sie ihren Kunden 24 Stunden pro Tag und 7 Tage pro Woche zur Verf\u00fcgung steht. Kurz gesagt, bilden ausgezeichnete Qualit\u00e4t und schnelle Lieferzeit die Grundlage ihres Erfolgs. Und schon&hellip; Continue reading Home","og_url":"https:\/\/repatransportbanden.nl\/de\/","og_site_name":"repatransportbanden.nl","article_modified_time":"2025-06-16T08:48:06+00:00","og_image":[{"width":543,"height":543,"url":"https:\/\/repatransportbanden.nl\/wp-content\/uploads\/2021\/11\/abtimg.jpg","type":"image\/jpeg"}],"twitter_card":"summary_large_image","twitter_misc":{"Gesch\u00e4tzte Lesezeit":"1\u00a0Minute"},"schema":{"@context":"https:\/\/schema.org","@graph":[{"@type":"WebPage","@id":"https:\/\/repatransportbanden.nl\/de\/","url":"https:\/\/repatransportbanden.nl\/de\/","name":"Home - repatransportbanden.nl","isPartOf":{"@id":"https:\/\/repatransportbanden.tempurl.host\/#website"},"primaryImageOfPage":{"@id":"https:\/\/repatransportbanden.nl\/de\/#primaryimage"},"image":{"@id":"https:\/\/repatransportbanden.nl\/de\/#primaryimage"},"thumbnailUrl":"https:\/\/repatransportbanden.nl\/wp-content\/uploads\/2021\/11\/abtimg.jpg","datePublished":"2021-11-29T06:04:38+00:00","dateModified":"2025-06-16T08:48:06+00:00","breadcrumb":{"@id":"https:\/\/repatransportbanden.nl\/de\/#breadcrumb"},"inLanguage":"de","potentialAction":[{"@type":"ReadAction","target":["https:\/\/repatransportbanden.nl\/de\/"]}]},{"@type":"ImageObject","inLanguage":"de","@id":"https:\/\/repatransportbanden.nl\/de\/#primaryimage","url":"https:\/\/repatransportbanden.nl\/wp-content\/uploads\/2021\/11\/abtimg.jpg","contentUrl":"https:\/\/repatransportbanden.nl\/wp-content\/uploads\/2021\/11\/abtimg.jpg","width":543,"height":543},{"@type":"BreadcrumbList","@id":"https:\/\/repatransportbanden.nl\/de\/#breadcrumb","itemListElement":[{"@type":"ListItem","position":1,"name":"Home","item":"https:\/\/repatransportbanden.nl\/de\/"},{"@type":"ListItem","position":2,"name":"Home"}]},{"@type":"WebSite","@id":"https:\/\/repatransportbanden.tempurl.host\/#website","url":"https:\/\/repatransportbanden.tempurl.host\/","name":"repatransportbanden.nl","description":"","potentialAction":[{"@type":"SearchAction","target":{"@type":"EntryPoint","urlTemplate":"https:\/\/repatransportbanden.tempurl.host\/?s={search_term_string}"},"query-input":{"@type":"PropertyValueSpecification","valueRequired":true,"valueName":"search_term_string"}}],"inLanguage":"de"}]}},"_links":{"self":[{"href":"https:\/\/repatransportbanden.nl\/de\/wp-json\/wp\/v2\/pages\/3439","targetHints":{"allow":["GET"]}}],"collection":[{"href":"https:\/\/repatransportbanden.nl\/de\/wp-json\/wp\/v2\/pages"}],"about":[{"href":"https:\/\/repatransportbanden.nl\/de\/wp-json\/wp\/v2\/types\/page"}],"author":[{"embeddable":true,"href":"https:\/\/repatransportbanden.nl\/de\/wp-json\/wp\/v2\/users\/2"}],"replies":[{"embeddable":true,"href":"https:\/\/repatransportbanden.nl\/de\/wp-json\/wp\/v2\/comments?post=3439"}],"version-history":[{"count":5,"href":"https:\/\/repatransportbanden.nl\/de\/wp-json\/wp\/v2\/pages\/3439\/revisions"}],"predecessor-version":[{"id":15490,"href":"https:\/\/repatransportbanden.nl\/de\/wp-json\/wp\/v2\/pages\/3439\/revisions\/15490"}],"wp:featuredmedia":[{"embeddable":true,"href":"https:\/\/repatransportbanden.nl\/de\/wp-json\/wp\/v2\/media\/2148"}],"wp:attachment":[{"href":"https:\/\/repatransportbanden.nl\/de\/wp-json\/wp\/v2\/media?parent=3439"}],"curies":[{"name":"wp","href":"https:\/\/api.w.org\/{rel}","templated":true}]}}