{"id":2996,"date":"2021-12-23T10:59:53","date_gmt":"2021-12-23T09:59:53","guid":{"rendered":"https:\/\/repatransportbanden.nl\/trommels\/"},"modified":"2022-01-21T13:05:29","modified_gmt":"2022-01-21T12:05:29","slug":"trommels","status":"publish","type":"page","link":"https:\/\/repatransportbanden.nl\/de\/trommels-en-rollen\/trommels\/","title":{"rendered":"Trommeln"},"content":{"rendered":"\n<p>REPA liefert alle Trommeln, die Sie ben\u00f6tigen. Bei uns erhalten Sie praktisch jede Gr\u00f6\u00dfe und jede Art Trommel. Auf Wunsch k\u00f6nnen wir die Trommeln eigenh\u00e4ndig mit hei\u00dfvulkanisierter Gummibekleidung versehen, in die z. B. auch ein Rautenprofil verarbeitet werden kann.<\/p>\n\n\n\n<p>Diese Trommeln sind zu einem sehr attraktiven Preis erh\u00e4ltlich.<\/p>\n\n\n\n<p>Unsere Trommeln zeichnen sich durch ihre hohe Qualit\u00e4t aus, die sich aus den folgenden Punkten ergibt oder sich darin widerspiegelt:<\/p>\n\n\n\n<ul class=\"wp-block-list\"><li>Im Trommelrohr konstruieren wir zuerst ein Lagergeh\u00e4use, die den geschwei\u00dften Flansch enth\u00e4lt.<\/li><li>Bevor wir den Flansch schwei\u00dfen, erhitzen wir ihn im Ofen. Nach dem Schwei\u00dfen sorgen wir sehr sorgf\u00e4ltig daf\u00fcr, dass die Trommel wieder ihre normale Temperatur erreicht. Nur auf diese Weise erhalten wir eine qualitativ hochwertige Schwei\u00dfnaht.<\/li><li>Unsere Trommeln d\u00fcrfen erst dann zum Kunden transportiert werden, wenn sie richtig ausgewuchtet wurden.<\/li><li>Auf Wunsch k\u00f6nnen wir f\u00fcr Sie hei\u00dfvulkanisierte Gummibekleidung aus Naturkautschuk an den Trommeln befestigen. Naturkautschuk ist n\u00e4mlich gegen verschiedene Chemikalien best\u00e4ndig. Au\u00dferdem k\u00f6nnen wir auf Wunsch auch einen bestimmten Profiltyp benutzen.<\/li><\/ul>\n\n\n\n<h2 class=\"wp-block-heading\">Spezielle Trommeln<\/h2>\n\n\n\n<p>Selbstverst\u00e4ndlich k\u00f6nnen wir Ihnen alle standardm\u00e4\u00dfigen und g\u00e4ngigen Trommeln liefern. Wir produzieren aber auch gerne spezielle Trommeln f\u00fcr Sie, die besonderen Anforderungen gen\u00fcgen m\u00fcssen, wie z. B. Spiral- oder Schaufeltrommeln.<\/p>\n\n\n\n<p>Anhand einer von Ihnen zur Verf\u00fcgung gestellten Zeichnung erstellen wir Ihnen gerne ein Angebot.<\/p>\n","protected":false},"excerpt":{"rendered":"<p>REPA liefert alle Trommeln, die Sie ben\u00f6tigen. Bei uns erhalten Sie praktisch jede Gr\u00f6\u00dfe und jede Art Trommel. Auf Wunsch k\u00f6nnen wir die Trommeln eigenh\u00e4ndig mit hei\u00dfvulkanisierter Gummibekleidung versehen, in die z. B. auch ein Rautenprofil verarbeitet werden kann. Diese Trommeln sind zu einem sehr attraktiven Preis erh\u00e4ltlich. Unsere Trommeln zeichnen sich durch ihre hohe&hellip; <a class=\"more-link\" href=\"https:\/\/repatransportbanden.nl\/de\/trommels-en-rollen\/trommels\/\">Continue reading <span class=\"screen-reader-text\">Trommeln<\/span><\/a><\/p>\n","protected":false},"author":2,"featured_media":2721,"parent":3673,"menu_order":0,"comment_status":"closed","ping_status":"closed","template":"templates\/template-service.php","meta":{"_acf_changed":false,"footnotes":""},"class_list":["post-2996","page","type-page","status-publish","has-post-thumbnail","hentry","entry"],"acf":[],"yoast_head":"<!-- This site is optimized with the Yoast SEO plugin v27.3 - https:\/\/yoast.com\/product\/yoast-seo-wordpress\/ -->\n<title>Trommeln - repatransportbanden.nl<\/title>\n<meta name=\"robots\" content=\"index, follow, max-snippet:-1, max-image-preview:large, max-video-preview:-1\" \/>\n<link rel=\"canonical\" href=\"https:\/\/repatransportbanden.nl\/de\/trommels-en-rollen\/trommels\/\" \/>\n<meta property=\"og:locale\" content=\"de_DE\" \/>\n<meta property=\"og:type\" content=\"article\" \/>\n<meta property=\"og:title\" content=\"Trommeln - repatransportbanden.nl\" \/>\n<meta property=\"og:description\" content=\"REPA liefert alle Trommeln, die Sie ben\u00f6tigen. Bei uns erhalten Sie praktisch jede Gr\u00f6\u00dfe und jede Art Trommel. Auf Wunsch k\u00f6nnen wir die Trommeln eigenh\u00e4ndig mit hei\u00dfvulkanisierter Gummibekleidung versehen, in die z. B. auch ein Rautenprofil verarbeitet werden kann. Diese Trommeln sind zu einem sehr attraktiven Preis erh\u00e4ltlich. Unsere Trommeln zeichnen sich durch ihre hohe&hellip; Continue reading Trommeln\" \/>\n<meta property=\"og:url\" content=\"https:\/\/repatransportbanden.nl\/de\/trommels-en-rollen\/trommels\/\" \/>\n<meta property=\"og:site_name\" content=\"repatransportbanden.nl\" \/>\n<meta property=\"article:modified_time\" content=\"2022-01-21T12:05:29+00:00\" \/>\n<meta property=\"og:image\" content=\"https:\/\/repatransportbanden.tempurl.host\/wp-content\/uploads\/2021\/12\/Trommels.jpg\" \/>\n\t<meta property=\"og:image:width\" content=\"331\" \/>\n\t<meta property=\"og:image:height\" content=\"331\" \/>\n\t<meta property=\"og:image:type\" content=\"image\/jpeg\" \/>\n<meta name=\"twitter:card\" content=\"summary_large_image\" \/>\n<meta name=\"twitter:label1\" content=\"Gesch\u00e4tzte Lesezeit\" \/>\n\t<meta name=\"twitter:data1\" content=\"2\u00a0Minuten\" \/>\n<script type=\"application\/ld+json\" class=\"yoast-schema-graph\">{\"@context\":\"https:\\\/\\\/schema.org\",\"@graph\":[{\"@type\":\"WebPage\",\"@id\":\"https:\\\/\\\/repatransportbanden.nl\\\/de\\\/trommels-en-rollen\\\/trommels\\\/\",\"url\":\"https:\\\/\\\/repatransportbanden.nl\\\/de\\\/trommels-en-rollen\\\/trommels\\\/\",\"name\":\"Trommeln - repatransportbanden.nl\",\"isPartOf\":{\"@id\":\"https:\\\/\\\/repatransportbanden.tempurl.host\\\/#website\"},\"primaryImageOfPage\":{\"@id\":\"https:\\\/\\\/repatransportbanden.nl\\\/de\\\/trommels-en-rollen\\\/trommels\\\/#primaryimage\"},\"image\":{\"@id\":\"https:\\\/\\\/repatransportbanden.nl\\\/de\\\/trommels-en-rollen\\\/trommels\\\/#primaryimage\"},\"thumbnailUrl\":\"https:\\\/\\\/repatransportbanden.nl\\\/wp-content\\\/uploads\\\/2021\\\/12\\\/Trommels.jpg\",\"datePublished\":\"2021-12-23T09:59:53+00:00\",\"dateModified\":\"2022-01-21T12:05:29+00:00\",\"breadcrumb\":{\"@id\":\"https:\\\/\\\/repatransportbanden.nl\\\/de\\\/trommels-en-rollen\\\/trommels\\\/#breadcrumb\"},\"inLanguage\":\"de\",\"potentialAction\":[{\"@type\":\"ReadAction\",\"target\":[\"https:\\\/\\\/repatransportbanden.nl\\\/de\\\/trommels-en-rollen\\\/trommels\\\/\"]}]},{\"@type\":\"ImageObject\",\"inLanguage\":\"de\",\"@id\":\"https:\\\/\\\/repatransportbanden.nl\\\/de\\\/trommels-en-rollen\\\/trommels\\\/#primaryimage\",\"url\":\"https:\\\/\\\/repatransportbanden.nl\\\/wp-content\\\/uploads\\\/2021\\\/12\\\/Trommels.jpg\",\"contentUrl\":\"https:\\\/\\\/repatransportbanden.nl\\\/wp-content\\\/uploads\\\/2021\\\/12\\\/Trommels.jpg\",\"width\":331,\"height\":331},{\"@type\":\"BreadcrumbList\",\"@id\":\"https:\\\/\\\/repatransportbanden.nl\\\/de\\\/trommels-en-rollen\\\/trommels\\\/#breadcrumb\",\"itemListElement\":[{\"@type\":\"ListItem\",\"position\":1,\"name\":\"Home\",\"item\":\"https:\\\/\\\/repatransportbanden.nl\\\/de\\\/\"},{\"@type\":\"ListItem\",\"position\":2,\"name\":\"Trommeln und Rollen\",\"item\":\"https:\\\/\\\/repatransportbanden.tempurl.host\\\/de\\\/trommels-en-rollen\\\/\"},{\"@type\":\"ListItem\",\"position\":3,\"name\":\"Trommeln\"}]},{\"@type\":\"WebSite\",\"@id\":\"https:\\\/\\\/repatransportbanden.tempurl.host\\\/#website\",\"url\":\"https:\\\/\\\/repatransportbanden.tempurl.host\\\/\",\"name\":\"repatransportbanden.nl\",\"description\":\"\",\"potentialAction\":[{\"@type\":\"SearchAction\",\"target\":{\"@type\":\"EntryPoint\",\"urlTemplate\":\"https:\\\/\\\/repatransportbanden.tempurl.host\\\/?s={search_term_string}\"},\"query-input\":{\"@type\":\"PropertyValueSpecification\",\"valueRequired\":true,\"valueName\":\"search_term_string\"}}],\"inLanguage\":\"de\"}]}<\/script>\n<!-- \/ Yoast SEO plugin. -->","yoast_head_json":{"title":"Trommeln - repatransportbanden.nl","robots":{"index":"index","follow":"follow","max-snippet":"max-snippet:-1","max-image-preview":"max-image-preview:large","max-video-preview":"max-video-preview:-1"},"canonical":"https:\/\/repatransportbanden.nl\/de\/trommels-en-rollen\/trommels\/","og_locale":"de_DE","og_type":"article","og_title":"Trommeln - repatransportbanden.nl","og_description":"REPA liefert alle Trommeln, die Sie ben\u00f6tigen. Bei uns erhalten Sie praktisch jede Gr\u00f6\u00dfe und jede Art Trommel. Auf Wunsch k\u00f6nnen wir die Trommeln eigenh\u00e4ndig mit hei\u00dfvulkanisierter Gummibekleidung versehen, in die z. B. auch ein Rautenprofil verarbeitet werden kann. Diese Trommeln sind zu einem sehr attraktiven Preis erh\u00e4ltlich. Unsere Trommeln zeichnen sich durch ihre hohe&hellip; Continue reading Trommeln","og_url":"https:\/\/repatransportbanden.nl\/de\/trommels-en-rollen\/trommels\/","og_site_name":"repatransportbanden.nl","article_modified_time":"2022-01-21T12:05:29+00:00","og_image":[{"width":331,"height":331,"url":"https:\/\/repatransportbanden.tempurl.host\/wp-content\/uploads\/2021\/12\/Trommels.jpg","type":"image\/jpeg"}],"twitter_card":"summary_large_image","twitter_misc":{"Gesch\u00e4tzte Lesezeit":"2\u00a0Minuten"},"schema":{"@context":"https:\/\/schema.org","@graph":[{"@type":"WebPage","@id":"https:\/\/repatransportbanden.nl\/de\/trommels-en-rollen\/trommels\/","url":"https:\/\/repatransportbanden.nl\/de\/trommels-en-rollen\/trommels\/","name":"Trommeln - repatransportbanden.nl","isPartOf":{"@id":"https:\/\/repatransportbanden.tempurl.host\/#website"},"primaryImageOfPage":{"@id":"https:\/\/repatransportbanden.nl\/de\/trommels-en-rollen\/trommels\/#primaryimage"},"image":{"@id":"https:\/\/repatransportbanden.nl\/de\/trommels-en-rollen\/trommels\/#primaryimage"},"thumbnailUrl":"https:\/\/repatransportbanden.nl\/wp-content\/uploads\/2021\/12\/Trommels.jpg","datePublished":"2021-12-23T09:59:53+00:00","dateModified":"2022-01-21T12:05:29+00:00","breadcrumb":{"@id":"https:\/\/repatransportbanden.nl\/de\/trommels-en-rollen\/trommels\/#breadcrumb"},"inLanguage":"de","potentialAction":[{"@type":"ReadAction","target":["https:\/\/repatransportbanden.nl\/de\/trommels-en-rollen\/trommels\/"]}]},{"@type":"ImageObject","inLanguage":"de","@id":"https:\/\/repatransportbanden.nl\/de\/trommels-en-rollen\/trommels\/#primaryimage","url":"https:\/\/repatransportbanden.nl\/wp-content\/uploads\/2021\/12\/Trommels.jpg","contentUrl":"https:\/\/repatransportbanden.nl\/wp-content\/uploads\/2021\/12\/Trommels.jpg","width":331,"height":331},{"@type":"BreadcrumbList","@id":"https:\/\/repatransportbanden.nl\/de\/trommels-en-rollen\/trommels\/#breadcrumb","itemListElement":[{"@type":"ListItem","position":1,"name":"Home","item":"https:\/\/repatransportbanden.nl\/de\/"},{"@type":"ListItem","position":2,"name":"Trommeln und Rollen","item":"https:\/\/repatransportbanden.tempurl.host\/de\/trommels-en-rollen\/"},{"@type":"ListItem","position":3,"name":"Trommeln"}]},{"@type":"WebSite","@id":"https:\/\/repatransportbanden.tempurl.host\/#website","url":"https:\/\/repatransportbanden.tempurl.host\/","name":"repatransportbanden.nl","description":"","potentialAction":[{"@type":"SearchAction","target":{"@type":"EntryPoint","urlTemplate":"https:\/\/repatransportbanden.tempurl.host\/?s={search_term_string}"},"query-input":{"@type":"PropertyValueSpecification","valueRequired":true,"valueName":"search_term_string"}}],"inLanguage":"de"}]}},"_links":{"self":[{"href":"https:\/\/repatransportbanden.nl\/de\/wp-json\/wp\/v2\/pages\/2996","targetHints":{"allow":["GET"]}}],"collection":[{"href":"https:\/\/repatransportbanden.nl\/de\/wp-json\/wp\/v2\/pages"}],"about":[{"href":"https:\/\/repatransportbanden.nl\/de\/wp-json\/wp\/v2\/types\/page"}],"author":[{"embeddable":true,"href":"https:\/\/repatransportbanden.nl\/de\/wp-json\/wp\/v2\/users\/2"}],"replies":[{"embeddable":true,"href":"https:\/\/repatransportbanden.nl\/de\/wp-json\/wp\/v2\/comments?post=2996"}],"version-history":[{"count":5,"href":"https:\/\/repatransportbanden.nl\/de\/wp-json\/wp\/v2\/pages\/2996\/revisions"}],"predecessor-version":[{"id":4752,"href":"https:\/\/repatransportbanden.nl\/de\/wp-json\/wp\/v2\/pages\/2996\/revisions\/4752"}],"up":[{"embeddable":true,"href":"https:\/\/repatransportbanden.nl\/de\/wp-json\/wp\/v2\/pages\/3673"}],"wp:featuredmedia":[{"embeddable":true,"href":"https:\/\/repatransportbanden.nl\/de\/wp-json\/wp\/v2\/media\/2721"}],"wp:attachment":[{"href":"https:\/\/repatransportbanden.nl\/de\/wp-json\/wp\/v2\/media?parent=2996"}],"curies":[{"name":"wp","href":"https:\/\/api.w.org\/{rel}","templated":true}]}}